{"id":203,"date":"2015-09-24T10:00:54","date_gmt":"2015-09-24T08:00:54","guid":{"rendered":"http:\/\/ebner-markus.com\/?page_id=203"},"modified":"2023-12-13T20:28:07","modified_gmt":"2023-12-13T19:28:07","slug":"plusline","status":"publish","type":"page","link":"https:\/\/www.ebner-technology.com\/de\/products\/solar\/plusline\/","title":{"rendered":"PLUSLINE"},"content":{"rendered":"<p><span style=\"color: #003079; font-size: 18pt;\"><strong>SOLAR-KIT F\u00dcR WARMWASSERPRODUKTION UND HEIZUNG<\/strong><\/span><!--more--><\/p>\n<p><span style=\"color: #ffcc00; font-size: 16pt;\"><strong>PLUSLINE<\/strong><\/span><\/p>\n<p><strong><img loading=\"lazy\" class=\"alignnone wp-image-2242 size-medium\" src=\"http:\/\/www.ebner-technology.com\/wp-content\/uploads\/2019\/03\/KIT-PLUSLINE-202x300.jpg\" alt=\"\" width=\"202\" height=\"300\" srcset=\"https:\/\/www.ebner-technology.com\/wp-content\/uploads\/2019\/03\/KIT-PLUSLINE-202x300.jpg 202w, https:\/\/www.ebner-technology.com\/wp-content\/uploads\/2019\/03\/KIT-PLUSLINE-688x1024.jpg 688w, https:\/\/www.ebner-technology.com\/wp-content\/uploads\/2019\/03\/KIT-PLUSLINE-648x964.jpg 648w, https:\/\/www.ebner-technology.com\/wp-content\/uploads\/2019\/03\/KIT-PLUSLINE-129x192.jpg 129w, https:\/\/www.ebner-technology.com\/wp-content\/uploads\/2019\/03\/KIT-PLUSLINE.jpg 900w\" sizes=\"(max-width: 202px) 100vw, 202px\" \/><\/strong><\/p>\n<p><b><span style=\"color: #191e23;\">SOLAR-KIT mit Sonnenkollektoren <\/span><\/b><strong>und Hygiene-Pufferspeicher<\/strong><\/p>\n<p style=\"text-align: justify;\">Paket f\u00fcr die Brauchwarmwassererzeugung und Heizungsunterst\u00fctzung mit einem Hygienespeicher EMFWT1 \u201eBASICLINE\u201c, bestehend aus einem Edelstahl-Sanit\u00e4r-W\u00e4rmetauscher und einem fix eingeschweisten Glattrohrspiraltauscher, geeignet f\u00fcr eine Energieabdeckung pro Jahr von bis zu 70% des Warmwasserverbrauchs. Das KIT besteht aus allen notwendigen Einzelkomponenten f\u00fcr eine voll funktionsf\u00e4hige Solaranlage.<\/p>\n<p><strong><strong>Garantie: 10 Jahre (Kollektor), 5 Jahre (Speicher), 2 Jahre (Hydraulik), 1 Jahr (Elektrik)<\/strong><\/strong><\/p>\n<div class='w3eden'><!-- WPDM Link Template: Default Template -->\n\n\n<div class=\"link-template-default card mb-2\">\n    <div class=\"card-body\">\n        <div class=\"media stack-xs\">\n            <div class=\"media-body\">\n                <div class=\"media\">\n                    <div class=\"mr-3 img-48\"><img class=\"wpdm_icon\" alt=\"Icon\" src=\"https:\/\/www.ebner-technology.com\/wp-content\/plugins\/download-manager\/assets\/file-type-icons\/pdf.svg\" onError='this.src=\"https:\/\/www.ebner-technology.com\/wp-content\/plugins\/download-manager\/assets\/file-type-icons\/unknown.svg\";' \/><\/div>\n                    <div class=\"media-body\">\n                        <h3 class=\"package-title\"><a href='https:\/\/www.ebner-technology.com\/de\/download\/datenblatt-plusline\/'>Datenblatt PLUSLINE<\/a><\/h3>\n                        <div class=\"text-muted text-small\"><i class=\"fas fa-copy\"><\/i> 1 file(s) <i class=\"fas fa-hdd ml-3\"><\/i> 425.10 KB<\/div>\n                    <\/div>\n                <\/div>\n            <\/div>\n            <div class=\"ml-3 wpdmdl-btn\">\n                <a class='wpdm-download-link btn btn-primary ' rel='nofollow' href='#' onclick=\"location.href='https:\/\/www.ebner-technology.com\/de\/download\/datenblatt-plusline\/?wpdmdl=2240&refresh=69f36426191251777558566';return false;\">Download<\/a>\n            <\/div>\n        <\/div>\n    <\/div>\n<\/div>\n\n\n<\/div>\n<p>Datenblatt PLUSLINE<\/a><\/h3>\n                        <div class=\"text-muted text-small\"><i class=\"fas fa-copy\"><\/i> 1 file(s) <i class=\"fas fa-hdd ml-3\"><\/i> 425.10 KB<\/div>\n                    <\/div>\n                <\/div>\n            <\/div>\n            <div class=\"ml-3 wpdmdl-btn\">\n                <a class='wpdm-download-link btn btn-primary ' rel='nofollow' href='#' onclick=\"location.href='https:\/\/www.ebner-technology.com\/de\/download\/datenblatt-plusline\/?wpdmdl=2240&refresh=69f364261caba1777558566';return false;\">Download<\/a>\n            <\/div>\n        <\/div>\n    <\/div>\n<\/div>\n\n\n<\/div><\/p>","protected":false},"excerpt":{"rendered":"<p>SOLAR-KIT F\u00dcR WARMWASSERPRODUKTION UND HEIZUNG<\/p>\n","protected":false},"author":1,"featured_media":2243,"parent":117,"menu_order":2,"comment_status":"closed","ping_status":"closed","template":"","meta":{"_mi_skip_tracking":false,"spay_email":""},"_links":{"self":[{"href":"https:\/\/www.ebner-technology.com\/de\/wp-json\/wp\/v2\/pages\/203"}],"collection":[{"href":"https:\/\/www.ebner-technology.com\/de\/wp-json\/wp\/v2\/pages"}],"about":[{"href":"https:\/\/www.ebner-technology.com\/de\/wp-json\/wp\/v2\/types\/page"}],"author":[{"embeddable":true,"href":"https:\/\/www.ebner-technology.com\/de\/wp-json\/wp\/v2\/users\/1"}],"replies":[{"embeddable":true,"href":"https:\/\/www.ebner-technology.com\/de\/wp-json\/wp\/v2\/comments?post=203"}],"version-history":[{"count":9,"href":"https:\/\/www.ebner-technology.com\/de\/wp-json\/wp\/v2\/pages\/203\/revisions"}],"predecessor-version":[{"id":2662,"href":"https:\/\/www.ebner-technology.com\/de\/wp-json\/wp\/v2\/pages\/203\/revisions\/2662"}],"up":[{"embeddable":true,"href":"https:\/\/www.ebner-technology.com\/de\/wp-json\/wp\/v2\/pages\/117"}],"wp:featuredmedia":[{"embeddable":true,"href":"https:\/\/www.ebner-technology.com\/de\/wp-json\/wp\/v2\/media\/2243"}],"wp:attachment":[{"href":"https:\/\/www.ebner-technology.com\/de\/wp-json\/wp\/v2\/media?parent=203"}],"curies":[{"name":"wp","href":"https:\/\/api.w.org\/{rel}","templated":true}]}}