{"id":2263,"date":"2019-03-06T16:55:14","date_gmt":"2019-03-06T15:55:14","guid":{"rendered":"http:\/\/www.ebner-technology.com\/?page_id=2263"},"modified":"2019-03-06T16:55:36","modified_gmt":"2019-03-06T15:55:36","slug":"emmk265q","status":"publish","type":"page","link":"https:\/\/www.ebner-technology.com\/de\/products\/solar\/emmk265q\/","title":{"rendered":"EMMK265Q"},"content":{"rendered":"<p><\/p>\n<p><span style=\"color: #003079; font-size: 18pt;\"><strong>HOCHLEISTUNGSFLACHSOLARKOLLEKTOR<\/strong> &#8222;MAXISTAR&#8220;<\/span><\/p>\n<p><span style=\"color: #003079; font-size: 18pt;\">f\u00fcr Horizontalmontage<\/span><!--more--><\/p>\n<p><span style=\"color: #ffcc00; font-size: 16pt;\"><strong>EMMK265Q<\/strong><\/span><\/p>\n<p><img loading=\"lazy\" class=\"alignnone wp-image-2264 size-medium\" src=\"http:\/\/www.ebner-technology.com\/wp-content\/uploads\/2019\/03\/EMMK265Q-300x255.jpg\" alt=\"\" width=\"300\" height=\"255\" srcset=\"https:\/\/www.ebner-technology.com\/wp-content\/uploads\/2019\/03\/EMMK265Q-300x255.jpg 300w, https:\/\/www.ebner-technology.com\/wp-content\/uploads\/2019\/03\/EMMK265Q-1024x870.jpg 1024w, https:\/\/www.ebner-technology.com\/wp-content\/uploads\/2019\/03\/EMMK265Q-648x551.jpg 648w, https:\/\/www.ebner-technology.com\/wp-content\/uploads\/2019\/03\/EMMK265Q-226x192.jpg 226w\" sizes=\"(max-width: 300px) 100vw, 300px\" \/><\/p>\n<p style=\"text-align: justify;\"><strong>Hochleistungsflachsolarkollektor <\/strong>&#8222;MAXISTAR\u201c f\u00fcr die horizontale Aufdach- oder Indachmontage oder Freiaufstellung. Der Flachkollektor besteht aus einem antikorosiven Aluminium-Rahmenprofil (Farbe Natur Alu-Roh; auf Wunsch auch eloxiert, anthrazit dunkel RAL 7024). Der laserverschwei\u00dfte, hochselektive, vakuumbeschichtete Vollf\u00e4chen-Kupfer-Aluminium-M\u00e4anderabsorber garantiert h\u00f6chste Ertragsleistungen. R\u00fcckseitige D\u00e4mmung durch eine 60 mm starke, nicht brennbare Hochtemperatur- und entgasungsfreie Mineral-Steinwollisolierung. Das eisenarme, prismierte Hochtemperatur-Solarsicherheitsglas ist ein spezielles Reflexglas, welches durch eine umlaufende EPDM-Dichtung silikonfrei, temperatur und UV-best\u00e4ndig eingedichtet wird. Die vier Anschl\u00fcsse an den Seiten werden mit speziellen Schnellanschlusskupplungen schraubfrei verbunden. Spezielle Dichtringe an den Verbindungen gew\u00e4hrleisten die temperaturbest\u00e4ndigen und mechanischen Eigenschaften. Qualit\u00e4ts- und Leistungsgepr\u00fcft laut EN12975 und Solar-Keymark zertifiziert.<\/p>\n<p><strong>Garantie: 5 Jahre (ausser Solarsicherheitsglas)<\/strong><\/p>\n<div class='w3eden'><!-- WPDM Link Template: Default Template -->\n\n\n<div class=\"link-template-default card mb-2\">\n    <div class=\"card-body\">\n        <div class=\"media stack-xs\">\n            <div class=\"media-body\">\n                <div class=\"media\">\n                    <div class=\"mr-3 img-48\"><img class=\"wpdm_icon\" alt=\"Icon\" src=\"https:\/\/www.ebner-technology.com\/wp-content\/plugins\/download-manager\/assets\/file-type-icons\/pdf.svg\" onError='this.src=\"https:\/\/www.ebner-technology.com\/wp-content\/plugins\/download-manager\/assets\/file-type-icons\/unknown.svg\";' \/><\/div>\n                    <div class=\"media-body\">\n                        <h3 class=\"package-title\"><a href='https:\/\/www.ebner-technology.com\/de\/download\/datenblatt-emmk265q-maxistar\/'>Datenblatt EMMK265Q \"MAXISTAR\"<\/a><\/h3>\n                        <div class=\"text-muted text-small\"><i class=\"fas fa-copy\"><\/i> 1 file(s) <i class=\"fas fa-hdd ml-3\"><\/i> 420.46 KB<\/div>\n                    <\/div>\n                <\/div>\n            <\/div>\n            <div class=\"ml-3 wpdmdl-btn\">\n                <a class='wpdm-download-link btn btn-primary ' rel='nofollow' href='#' onclick=\"location.href='https:\/\/www.ebner-technology.com\/de\/download\/datenblatt-emmk265q-maxistar\/?wpdmdl=2266&refresh=69f36303ca17b1777558275';return false;\">Download<\/a>\n            <\/div>\n        <\/div>\n    <\/div>\n<\/div>\n\n\n<\/div>\n<p>Datenblatt EMMK265Q \"MAXISTAR\"<\/a><\/h3>\n                        <div class=\"text-muted text-small\"><i class=\"fas fa-copy\"><\/i> 1 file(s) <i class=\"fas fa-hdd ml-3\"><\/i> 420.46 KB<\/div>\n                    <\/div>\n                <\/div>\n            <\/div>\n            <div class=\"ml-3 wpdmdl-btn\">\n                <a class='wpdm-download-link btn btn-primary ' rel='nofollow' href='#' onclick=\"location.href='https:\/\/www.ebner-technology.com\/de\/download\/datenblatt-emmk265q-maxistar\/?wpdmdl=2266&refresh=69f36303ce37f1777558275';return false;\">Download<\/a>\n            <\/div>\n        <\/div>\n    <\/div>\n<\/div>\n\n\n<\/div>\n<p><\/p>","protected":false},"excerpt":{"rendered":"<p>HOCHLEISTUNGSFLACHSOLARKOLLEKTOR &#8222;MAXISTAR&#8220; f\u00fcr Horizontalmontage<\/p>\n","protected":false},"author":1,"featured_media":2265,"parent":117,"menu_order":4,"comment_status":"closed","ping_status":"closed","template":"","meta":{"_mi_skip_tracking":false,"spay_email":""},"_links":{"self":[{"href":"https:\/\/www.ebner-technology.com\/de\/wp-json\/wp\/v2\/pages\/2263"}],"collection":[{"href":"https:\/\/www.ebner-technology.com\/de\/wp-json\/wp\/v2\/pages"}],"about":[{"href":"https:\/\/www.ebner-technology.com\/de\/wp-json\/wp\/v2\/types\/page"}],"author":[{"embeddable":true,"href":"https:\/\/www.ebner-technology.com\/de\/wp-json\/wp\/v2\/users\/1"}],"replies":[{"embeddable":true,"href":"https:\/\/www.ebner-technology.com\/de\/wp-json\/wp\/v2\/comments?post=2263"}],"version-history":[{"count":2,"href":"https:\/\/www.ebner-technology.com\/de\/wp-json\/wp\/v2\/pages\/2263\/revisions"}],"predecessor-version":[{"id":2269,"href":"https:\/\/www.ebner-technology.com\/de\/wp-json\/wp\/v2\/pages\/2263\/revisions\/2269"}],"up":[{"embeddable":true,"href":"https:\/\/www.ebner-technology.com\/de\/wp-json\/wp\/v2\/pages\/117"}],"wp:featuredmedia":[{"embeddable":true,"href":"https:\/\/www.ebner-technology.com\/de\/wp-json\/wp\/v2\/media\/2265"}],"wp:attachment":[{"href":"https:\/\/www.ebner-technology.com\/de\/wp-json\/wp\/v2\/media?parent=2263"}],"curies":[{"name":"wp","href":"https:\/\/api.w.org\/{rel}","templated":true}]}}