{"id":237,"date":"2015-09-24T11:16:56","date_gmt":"2015-09-24T09:16:56","guid":{"rendered":"http:\/\/ebner-markus.com\/?page_id=237"},"modified":"2019-03-06T17:09:49","modified_gmt":"2019-03-06T16:09:49","slug":"emhk201-emhk251","status":"publish","type":"page","link":"https:\/\/www.ebner-technology.com\/de\/products\/solar\/emhk201-emhk251\/","title":{"rendered":"EMHK201 \/ EMHK251"},"content":{"rendered":"<p><span style=\"color: #003079; font-size: 18pt;\"><strong>HOCHLEISTUNGSFLACHSOLARKOLLEKTOR <\/strong>&#8222;BLACKSTAR&#8220;<\/span><!--more--><\/p>\n<p><span style=\"color: #ffcc00; font-size: 16pt;\"><strong>EMHK201<\/strong><\/span><\/p>\n<p><span style=\"color: #ffcc00; font-size: 16pt;\"><strong>EMHK251<\/strong><\/span><\/p>\n<p><span style=\"color: #ffcc00;\"><strong><img loading=\"lazy\" class=\"alignnone wp-image-2187 size-medium\" src=\"http:\/\/www.ebner-technology.com\/wp-content\/uploads\/2019\/03\/2016_fk8003-200x300.jpg\" alt=\"\" width=\"200\" height=\"300\" srcset=\"https:\/\/www.ebner-technology.com\/wp-content\/uploads\/2019\/03\/2016_fk8003-200x300.jpg 200w, https:\/\/www.ebner-technology.com\/wp-content\/uploads\/2019\/03\/2016_fk8003-683x1024.jpg 683w, https:\/\/www.ebner-technology.com\/wp-content\/uploads\/2019\/03\/2016_fk8003-648x972.jpg 648w, https:\/\/www.ebner-technology.com\/wp-content\/uploads\/2019\/03\/2016_fk8003-128x192.jpg 128w, https:\/\/www.ebner-technology.com\/wp-content\/uploads\/2019\/03\/2016_fk8003.jpg 1024w\" sizes=\"(max-width: 200px) 100vw, 200px\" \/><\/strong><\/span><\/p>\n<p style=\"text-align: justify;\"><strong>Hochleistungsflachsolarkollektor &#8222;BLACKSTAR&#8220;<\/strong> f\u00fcr die vertikale Aufdach- oder Indachmontage oder Freiaufstellung. Der Flachkollektor besteht aus einem antikorosiven Aluminium-Rahmenprofil (Farbe Natur Alu-Roh). Der laserverschwei\u00dfte, hochselektive, vakuumbeschichtete Vollf\u00e4chen-Kupfer-Aluminium-Harfenabsorber garantiert h\u00f6chste Ertragsleistungen. R\u00fcckseitige D\u00e4mmung durch eine 40 mm starke, nicht brennbare Hochtemperatur- und entgasungsfreie Mineral-Steinwollisolierung. Das eisenarme, hochtransparente Hochtemperatur-Solarsicherheitsglas ist ein spezielles Reflexglas mit spezieller Randschw\u00e4rzung, welches durch eine umlaufende EPDM-Dichtung silikonfrei, temperatur und UV-best\u00e4ndig eingedichtet wird. Mit vier Anschl\u00fcssen an den Seiten des Kollektors zur einfachen Verbindung mit den Original-Verbindungsst\u00fccken, welche separat geliefert werden. Qualit\u00e4ts- und Leistungsgepr\u00fcft laut EN12975 und Solar-Keymark zertifiziert.<\/p>\n<p><strong>Garantie: 10 Jahre (ausser Solarsicherheitsglas)<\/strong><\/p>\n<div class='w3eden'><!-- WPDM Link Template: Default Template -->\n\n\n<div class=\"link-template-default card mb-2\">\n    <div class=\"card-body\">\n        <div class=\"media stack-xs\">\n            <div class=\"media-body\">\n                <div class=\"media\">\n                    <div class=\"mr-3 img-48\"><img class=\"wpdm_icon\" alt=\"Icon\" src=\"https:\/\/www.ebner-technology.com\/wp-content\/plugins\/download-manager\/assets\/file-type-icons\/pdf.svg\" onError='this.src=\"https:\/\/www.ebner-technology.com\/wp-content\/plugins\/download-manager\/assets\/file-type-icons\/unknown.svg\";' \/><\/div>\n                    <div class=\"media-body\">\n                        <h3 class=\"package-title\"><a href='https:\/\/www.ebner-technology.com\/de\/download\/datenblatt-emhk-blackstar\/'>Datenblatt EMHK \"BLACKSTAR\"<\/a><\/h3>\n                        <div class=\"text-muted text-small\"><i class=\"fas fa-copy\"><\/i> 1 file(s) <i class=\"fas fa-hdd ml-3\"><\/i> 448.74 KB<\/div>\n                    <\/div>\n                <\/div>\n            <\/div>\n            <div class=\"ml-3 wpdmdl-btn\">\n                <a class='wpdm-download-link btn btn-primary ' rel='nofollow' href='#' onclick=\"location.href='https:\/\/www.ebner-technology.com\/de\/download\/datenblatt-emhk-blackstar\/?wpdmdl=2208&refresh=69f3617753fda1777557879';return false;\">Download<\/a>\n            <\/div>\n        <\/div>\n    <\/div>\n<\/div>\n\n\n<\/div>\n<p>Datenblatt EMHK \"BLACKSTAR\"<\/a><\/h3>\n                        <div class=\"text-muted text-small\"><i class=\"fas fa-copy\"><\/i> 1 file(s) <i class=\"fas fa-hdd ml-3\"><\/i> 448.74 KB<\/div>\n                    <\/div>\n                <\/div>\n            <\/div>\n            <div class=\"ml-3 wpdmdl-btn\">\n                <a class='wpdm-download-link btn btn-primary ' rel='nofollow' href='#' onclick=\"location.href='https:\/\/www.ebner-technology.com\/de\/download\/datenblatt-emhk-blackstar\/?wpdmdl=2208&refresh=69f361775a8541777557879';return false;\">Download<\/a>\n            <\/div>\n        <\/div>\n    <\/div>\n<\/div>\n\n\n<\/div>\n<p><b><\/b><\/p>","protected":false},"excerpt":{"rendered":"<p>HOCHLEISTUNGSFLACHSOLARKOLLEKTOR &#8222;BLACKSTAR&#8220;<\/p>\n","protected":false},"author":1,"featured_media":2204,"parent":117,"menu_order":4,"comment_status":"closed","ping_status":"closed","template":"","meta":{"_mi_skip_tracking":false,"spay_email":""},"_links":{"self":[{"href":"https:\/\/www.ebner-technology.com\/de\/wp-json\/wp\/v2\/pages\/237"}],"collection":[{"href":"https:\/\/www.ebner-technology.com\/de\/wp-json\/wp\/v2\/pages"}],"about":[{"href":"https:\/\/www.ebner-technology.com\/de\/wp-json\/wp\/v2\/types\/page"}],"author":[{"embeddable":true,"href":"https:\/\/www.ebner-technology.com\/de\/wp-json\/wp\/v2\/users\/1"}],"replies":[{"embeddable":true,"href":"https:\/\/www.ebner-technology.com\/de\/wp-json\/wp\/v2\/comments?post=237"}],"version-history":[{"count":18,"href":"https:\/\/www.ebner-technology.com\/de\/wp-json\/wp\/v2\/pages\/237\/revisions"}],"predecessor-version":[{"id":2285,"href":"https:\/\/www.ebner-technology.com\/de\/wp-json\/wp\/v2\/pages\/237\/revisions\/2285"}],"up":[{"embeddable":true,"href":"https:\/\/www.ebner-technology.com\/de\/wp-json\/wp\/v2\/pages\/117"}],"wp:featuredmedia":[{"embeddable":true,"href":"https:\/\/www.ebner-technology.com\/de\/wp-json\/wp\/v2\/media\/2204"}],"wp:attachment":[{"href":"https:\/\/www.ebner-technology.com\/de\/wp-json\/wp\/v2\/media?parent=237"}],"curies":[{"name":"wp","href":"https:\/\/api.w.org\/{rel}","templated":true}]}}