{"id":252,"date":"2015-09-24T11:46:35","date_gmt":"2015-09-24T09:46:35","guid":{"rendered":"http:\/\/ebner-markus.com\/?page_id=252"},"modified":"2019-03-06T17:32:57","modified_gmt":"2019-03-06T16:32:57","slug":"emgfka","status":"publish","type":"page","link":"https:\/\/www.ebner-technology.com\/de\/products\/solar\/emgfka\/","title":{"rendered":"EMGFKA"},"content":{"rendered":"<p><\/p>\n<p style=\"text-align: justify;\"><span style=\"color: #003079; font-size: 18pt;\"><strong>SOLAR-GROSSFL\u00c4CHENKOLLEKTOR <\/strong>&#8222;UPLINE&#8220;<\/span><!--more--><\/p>\n<p style=\"text-align: justify;\"><span style=\"color: #ffcc00; font-size: 16pt;\"><strong>EMGFKA<\/strong><\/span><\/p>\n<p style=\"text-align: justify;\"><span style=\"color: #ffcc00; font-size: 16pt;\"><strong><a href=\"http:\/\/www.ebner-technology.com\/wp-content\/uploads\/2015\/09\/emgfka-z.png\"><img loading=\"lazy\" class=\"alignnone wp-image-257 size-medium\" src=\"http:\/\/www.ebner-technology.com\/wp-content\/uploads\/2015\/09\/emgfka-z-300x225.png\" alt=\"emgfka+z\" width=\"300\" height=\"225\" srcset=\"https:\/\/www.ebner-technology.com\/wp-content\/uploads\/2015\/09\/emgfka-z-300x225.png 300w, https:\/\/www.ebner-technology.com\/wp-content\/uploads\/2015\/09\/emgfka-z-648x486.png 648w, https:\/\/www.ebner-technology.com\/wp-content\/uploads\/2015\/09\/emgfka-z-256x192.png 256w, https:\/\/www.ebner-technology.com\/wp-content\/uploads\/2015\/09\/emgfka-z.png 800w\" sizes=\"(max-width: 300px) 100vw, 300px\" \/><\/a><\/strong><\/span><\/p>\n<p style=\"text-align: justify;\"><span style=\"font-size: 12pt;\"><strong>Hochleistungs-Gro\u00dffl\u00e4chensolarkollektor &#8222;UPLINE&#8220;<\/strong> f\u00fcr die vertikale Aufdach- oder Indachmontage oder Freiaufstellung. Der Gro\u00dffl\u00e4chensolarkollektor, gefertigt in den Standardbaugr\u00f6\u00dfen 5, 8, 10 und 13 m\u00b2, besteht aus einem antikorosiven, selbsttragenden Aluminium-Rahmenprofil (eloxiert Farbe Natur Alu-Roh) und wurde aufgrund seines speziellen Absorberdesigns f\u00fcr solarthermische Gro\u00dfanlagen entwickelt. Der fachgerechte Transport auf das Dach mittels Kranhaken und ihre einfache Verschaltung senken den integralen Aufwand bei der Anlagenmontage nachhaltig.<\/span><\/p>\n<p style=\"text-align: justify;\"><span style=\"font-size: 12pt;\">Optimales Stillstands- und Entleerungsverhalten aufgrund des f\u00fcr Gro\u00dfanlagen ausgelegten M\u00e4anderabsorbers. Der laserverschwei\u00dfte Absorber bestehend aus einem hoch-selektiv vakuumbeschichteten Vollfl\u00e4chenabsorber in Aluminium und deren M\u00e4ander inklusiv Sammelrohr aus reinem Kupfer garantiert h\u00f6chste Ertragsleistungen. R\u00fcckseitige D\u00e4mmung durch eine 50 mm starke, nicht brennbare Hochtemperatur- und entgasungsfreie Mineral-Steinwollisolierung. Das eisenarme, prismierte Hochtemperatur-Solarsicherheitsglas ist ein spezielles Reflexglas, welches durch eine umlaufende EPDM-Dichtung silikonfrei, temperatur- und UV-best\u00e4ndig mittels speziell verschraubter Profile befestigt ist. Die Solar-Gl\u00e4ser sowie Module k\u00f6nnen einzeln getauscht werden.<a name=\"_Hlk508726879\"><\/a> Mit vier speziellen Anschl\u00fcssen an den Seiten des Kollektors zur einfachen Verbindung mit den Original-Verbindungsst\u00fccken, welche separat geliefert werden. Qualit\u00e4ts- und Leistungsgepr\u00fcft laut EN12975 und Solar-Keymark zertifiziert.<\/span><\/p>\n<p><b>Garantie: 10 Jahre (ausser Solarsicherheitsglas)<\/b><\/p>\n<div class='w3eden'><!-- WPDM Link Template: Default Template -->\n\n\n<div class=\"link-template-default card mb-2\">\n    <div class=\"card-body\">\n        <div class=\"media stack-xs\">\n            <div class=\"media-body\">\n                <div class=\"media\">\n                    <div class=\"mr-3 img-48\"><img class=\"wpdm_icon\" alt=\"Icon\" src=\"https:\/\/www.ebner-technology.com\/wp-content\/plugins\/download-manager\/assets\/file-type-icons\/pdf.svg\" onError='this.src=\"https:\/\/www.ebner-technology.com\/wp-content\/plugins\/download-manager\/assets\/file-type-icons\/unknown.svg\";' \/><\/div>\n                    <div class=\"media-body\">\n                        <h3 class=\"package-title\"><a href='https:\/\/www.ebner-technology.com\/de\/download\/datenblatt-emgfka-upline\/'>Datenblatt EMGFKA \"UPLINE\"<\/a><\/h3>\n                        <div class=\"text-muted text-small\"><i class=\"fas fa-copy\"><\/i> 1 file(s) <i class=\"fas fa-hdd ml-3\"><\/i> 469.12 KB<\/div>\n                    <\/div>\n                <\/div>\n            <\/div>\n            <div class=\"ml-3 wpdmdl-btn\">\n                <a class='wpdm-download-link btn btn-primary ' rel='nofollow' href='#' onclick=\"location.href='https:\/\/www.ebner-technology.com\/de\/download\/datenblatt-emgfka-upline\/?wpdmdl=2299&refresh=69f322077f2131777541639';return false;\">Download<\/a>\n            <\/div>\n        <\/div>\n    <\/div>\n<\/div>\n\n\n<\/div>\n<p>Datenblatt EMGFKA \"UPLINE\"<\/a><\/h3>\n                        <div class=\"text-muted text-small\"><i class=\"fas fa-copy\"><\/i> 1 file(s) <i class=\"fas fa-hdd ml-3\"><\/i> 469.12 KB<\/div>\n                    <\/div>\n                <\/div>\n            <\/div>\n            <div class=\"ml-3 wpdmdl-btn\">\n                <a class='wpdm-download-link btn btn-primary ' rel='nofollow' href='#' onclick=\"location.href='https:\/\/www.ebner-technology.com\/de\/download\/datenblatt-emgfka-upline\/?wpdmdl=2299&refresh=69f32207841581777541639';return false;\">Download<\/a>\n            <\/div>\n        <\/div>\n    <\/div>\n<\/div>\n\n\n<\/div>\n<p><\/p>","protected":false},"excerpt":{"rendered":"<p>SOLAR-GROSSFL\u00c4CHENKOLLEKTOR &#8222;UPLINE&#8220;<\/p>\n","protected":false},"author":1,"featured_media":2296,"parent":117,"menu_order":6,"comment_status":"closed","ping_status":"closed","template":"","meta":{"_mi_skip_tracking":false,"spay_email":""},"_links":{"self":[{"href":"https:\/\/www.ebner-technology.com\/de\/wp-json\/wp\/v2\/pages\/252"}],"collection":[{"href":"https:\/\/www.ebner-technology.com\/de\/wp-json\/wp\/v2\/pages"}],"about":[{"href":"https:\/\/www.ebner-technology.com\/de\/wp-json\/wp\/v2\/types\/page"}],"author":[{"embeddable":true,"href":"https:\/\/www.ebner-technology.com\/de\/wp-json\/wp\/v2\/users\/1"}],"replies":[{"embeddable":true,"href":"https:\/\/www.ebner-technology.com\/de\/wp-json\/wp\/v2\/comments?post=252"}],"version-history":[{"count":8,"href":"https:\/\/www.ebner-technology.com\/de\/wp-json\/wp\/v2\/pages\/252\/revisions"}],"predecessor-version":[{"id":2301,"href":"https:\/\/www.ebner-technology.com\/de\/wp-json\/wp\/v2\/pages\/252\/revisions\/2301"}],"up":[{"embeddable":true,"href":"https:\/\/www.ebner-technology.com\/de\/wp-json\/wp\/v2\/pages\/117"}],"wp:featuredmedia":[{"embeddable":true,"href":"https:\/\/www.ebner-technology.com\/de\/wp-json\/wp\/v2\/media\/2296"}],"wp:attachment":[{"href":"https:\/\/www.ebner-technology.com\/de\/wp-json\/wp\/v2\/media?parent=252"}],"curies":[{"name":"wp","href":"https:\/\/api.w.org\/{rel}","templated":true}]}}