{"id":264,"date":"2015-09-24T12:07:00","date_gmt":"2015-09-24T10:07:00","guid":{"rendered":"http:\/\/ebner-markus.com\/?page_id=264"},"modified":"2019-03-06T17:51:12","modified_gmt":"2019-03-06T16:51:12","slug":"emgka","status":"publish","type":"page","link":"https:\/\/www.ebner-technology.com\/de\/products\/solar\/emgka\/","title":{"rendered":"EMGKA"},"content":{"rendered":"<p><span style=\"color: #003079; font-size: 18pt;\"><strong>SOLAR-GROSSFL\u00c4CHENKOLLEKTOR AUFDACH <\/strong>&#8222;SUNLINE&#8220;<\/span><!--more--><\/p>\n<p><span style=\"color: #ffcc00; font-size: 16pt;\"><strong>EMGKA<\/strong><\/span><\/p>\n<p><a href=\"http:\/\/www.ebner-technology.com\/wp-content\/uploads\/2015\/09\/emgka-z.png\"><img loading=\"lazy\" class=\"alignnone wp-image-270 size-medium\" src=\"http:\/\/www.ebner-technology.com\/wp-content\/uploads\/2015\/09\/emgka-z-300x261.png\" alt=\"emgka+z\" width=\"300\" height=\"261\" srcset=\"https:\/\/www.ebner-technology.com\/wp-content\/uploads\/2015\/09\/emgka-z-300x261.png 300w, https:\/\/www.ebner-technology.com\/wp-content\/uploads\/2015\/09\/emgka-z-648x564.png 648w, https:\/\/www.ebner-technology.com\/wp-content\/uploads\/2015\/09\/emgka-z-220x192.png 220w, https:\/\/www.ebner-technology.com\/wp-content\/uploads\/2015\/09\/emgka-z.png 689w\" sizes=\"(max-width: 300px) 100vw, 300px\" \/><\/a><\/p>\n<p style=\"text-align: justify;\"><strong>Solar-Gro\u00dffl\u00e4chenkollektor &#8222;SUNLINE&#8220;<\/strong> f\u00fcr die Aufdachmontage oder Freiaufstellung. Der Gro\u00dffl\u00e4chensolarkollektor besteht aus einem antikorosiven, selbsttragenden Aluminium-Rahmenprofil (Profile 110 x 50 mm) in RAL7024 oder Braun (auf Wunsch auch eloxiert Farbe Natur Alu-Roh) und wurde aufgrund seines speziellen Absorberdesigns f\u00fcr solarthermische Gro\u00dfanlagen entwickelt.<\/p>\n<p style=\"text-align: justify;\">Der laserverschwei\u00dfte SKYTECH-Absorber bestehend aus einem hoch-selektiv vakuumbeschichteten Vollfl\u00e4chen-Harfenabsorber, komplett aus reinem Kupfer, garantiert h\u00f6chste Ertragsleistungen. R\u00fcckseitige D\u00e4mmung durch eine 50 mm starke, nicht brennbare Hochtemperatur- und entgasungsfreie Mineral-Steinwollisolierung. Das eisenarme, prismierte Hochtemperatur-Solarsicherheitsglas ist ein spezielles Reflexglas, welches durch eine umlaufende, vulkanisierte EPDM-Dichtung silikonfrei, temperatur- und UV-best\u00e4ndig mittels speziell verschraubter Profile wiederverschlie\u00dfbar befestigt ist. Die Solar-Gl\u00e4ser sowie Module k\u00f6nnen einzeln getauscht werden. Qualit\u00e4ts- und Leistungsgepr\u00fcft laut EN12975 und Solar-Keymark zertifiziert.<\/p>\n<p><b>Garantie: 10 Jahre (ausser Solarsicherheitsglas)<\/b><\/p>\n<div class='w3eden'><!-- WPDM Link Template: Default Template -->\n\n\n<div class=\"link-template-default card mb-2\">\n    <div class=\"card-body\">\n        <div class=\"media stack-xs\">\n            <div class=\"media-body\">\n                <div class=\"media\">\n                    <div class=\"mr-3 img-48\"><img class=\"wpdm_icon\" alt=\"Icon\" src=\"https:\/\/www.ebner-technology.com\/wp-content\/plugins\/download-manager\/assets\/file-type-icons\/pdf.svg\" onError='this.src=\"https:\/\/www.ebner-technology.com\/wp-content\/plugins\/download-manager\/assets\/file-type-icons\/unknown.svg\";' \/><\/div>\n                    <div class=\"media-body\">\n                        <h3 class=\"package-title\"><a href='https:\/\/www.ebner-technology.com\/de\/download\/datenblatt-emgka-sunline\/'>Datenblatt EMGKA \"SUNLINE\"<\/a><\/h3>\n                        <div class=\"text-muted text-small\"><i class=\"fas fa-copy\"><\/i> 1 file(s) <i class=\"fas fa-hdd ml-3\"><\/i> 529.67 KB<\/div>\n                    <\/div>\n                <\/div>\n            <\/div>\n            <div class=\"ml-3 wpdmdl-btn\">\n                <a class='wpdm-download-link btn btn-primary ' rel='nofollow' href='#' onclick=\"location.href='https:\/\/www.ebner-technology.com\/de\/download\/datenblatt-emgka-sunline\/?wpdmdl=2302&refresh=69e16774aec611776379764';return false;\">Download<\/a>\n            <\/div>\n        <\/div>\n    <\/div>\n<\/div>\n\n\n<\/div>\n<p>Datenblatt EMGKA \"SUNLINE\"<\/a><\/h3>\n                        <div class=\"text-muted text-small\"><i class=\"fas fa-copy\"><\/i> 1 file(s) <i class=\"fas fa-hdd ml-3\"><\/i> 529.67 KB<\/div>\n                    <\/div>\n                <\/div>\n            <\/div>\n            <div class=\"ml-3 wpdmdl-btn\">\n                <a class='wpdm-download-link btn btn-primary ' rel='nofollow' href='#' onclick=\"location.href='https:\/\/www.ebner-technology.com\/de\/download\/datenblatt-emgka-sunline\/?wpdmdl=2302&refresh=69e16774b383f1776379764';return false;\">Download<\/a>\n            <\/div>\n        <\/div>\n    <\/div>\n<\/div>\n\n\n<\/div>\n<p><b><\/b><\/p>","protected":false},"excerpt":{"rendered":"<p>SOLAR-GROSSFL\u00c4CHENKOLLEKTOR AUFDACH &#8222;SUNLINE&#8220;<\/p>\n","protected":false},"author":1,"featured_media":269,"parent":117,"menu_order":7,"comment_status":"closed","ping_status":"closed","template":"","meta":{"_mi_skip_tracking":false,"spay_email":""},"_links":{"self":[{"href":"https:\/\/www.ebner-technology.com\/de\/wp-json\/wp\/v2\/pages\/264"}],"collection":[{"href":"https:\/\/www.ebner-technology.com\/de\/wp-json\/wp\/v2\/pages"}],"about":[{"href":"https:\/\/www.ebner-technology.com\/de\/wp-json\/wp\/v2\/types\/page"}],"author":[{"embeddable":true,"href":"https:\/\/www.ebner-technology.com\/de\/wp-json\/wp\/v2\/users\/1"}],"replies":[{"embeddable":true,"href":"https:\/\/www.ebner-technology.com\/de\/wp-json\/wp\/v2\/comments?post=264"}],"version-history":[{"count":5,"href":"https:\/\/www.ebner-technology.com\/de\/wp-json\/wp\/v2\/pages\/264\/revisions"}],"predecessor-version":[{"id":2311,"href":"https:\/\/www.ebner-technology.com\/de\/wp-json\/wp\/v2\/pages\/264\/revisions\/2311"}],"up":[{"embeddable":true,"href":"https:\/\/www.ebner-technology.com\/de\/wp-json\/wp\/v2\/pages\/117"}],"wp:featuredmedia":[{"embeddable":true,"href":"https:\/\/www.ebner-technology.com\/de\/wp-json\/wp\/v2\/media\/269"}],"wp:attachment":[{"href":"https:\/\/www.ebner-technology.com\/de\/wp-json\/wp\/v2\/media?parent=264"}],"curies":[{"name":"wp","href":"https:\/\/api.w.org\/{rel}","templated":true}]}}