{"id":320,"date":"2015-09-24T14:58:03","date_gmt":"2015-09-24T12:58:03","guid":{"rendered":"http:\/\/ebner-markus.com\/?page_id=320"},"modified":"2023-10-31T12:01:56","modified_gmt":"2023-10-31T11:01:56","slug":"emssa","status":"publish","type":"page","link":"https:\/\/www.ebner-technology.com\/de\/products\/solar\/emssa\/","title":{"rendered":"EMSSA"},"content":{"rendered":"<p><span style=\"color: #003079; font-size: 18pt;\"><strong>SOLARE SCHWIMMBADABSORBER <\/strong>&#8222;ACQUASUN&#8220;<\/span><!--more--><\/p>\n<p><strong><span style=\"color: #ffcc00; font-size: 16pt;\">EMSSA0<\/span><\/strong><\/p>\n<p><strong><span style=\"color: #ffcc00; font-size: 16pt;\">EMSSA1<\/span><\/strong><\/p>\n<p><strong><span style=\"color: #ffcc00; font-size: 16pt;\">EMSSA2<\/span><\/strong><\/p>\n<p><a href=\"http:\/\/www.ebner-technology.com\/wp-content\/uploads\/2015\/09\/emssax3.png\"><img loading=\"lazy\" class=\"alignnone wp-image-321 size-medium\" src=\"http:\/\/www.ebner-technology.com\/wp-content\/uploads\/2015\/09\/emssax3-300x120.png\" alt=\"emssax3\" width=\"300\" height=\"120\" srcset=\"https:\/\/www.ebner-technology.com\/wp-content\/uploads\/2015\/09\/emssax3-300x120.png 300w, https:\/\/www.ebner-technology.com\/wp-content\/uploads\/2015\/09\/emssax3-479x192.png 479w, https:\/\/www.ebner-technology.com\/wp-content\/uploads\/2015\/09\/emssax3.png 496w\" sizes=\"(max-width: 300px) 100vw, 300px\" \/><\/a><\/p>\n<p style=\"text-align: justify;\"><strong>Schwimmbadabsorber &#8222;AQUASUN&#8220;<\/strong> geeignet zur direkten Beheizung des Schwimmbadwassers aus hochmolekularem Poly\u00e4thylen mit integrierten Sammelrohren in einem St\u00fcck gefertigt. Gepr\u00fcfte HDPE Kissenabsorber, begehbar, absolut frostsicher, chemikalienbest\u00e4ndig, schwimmbadwasserfest und korrosionsfrei, werden sowohl durch direkte Sonneneinstrahlung, als auch durch Globaleinstrahlung erw\u00e4rmt, haben einen geringen Druckverlust und einen sehr hohen Wirkungsgrad (bis zu 85%).<\/p>\n<p style=\"text-align: justify;\">Mit niedrigen Temperaturen werden die Anlagen mit gro\u00dfer Durchflussmenge betrieben. Das Schwimmbadwasser kann die Absorber in jeder Richtung durchstr\u00f6men. Die Montage ist sowohl der L\u00e4nge als auch der Breite nach m\u00f6glich. Anschluss der einzelnen Absorberreihen nach Tichelmann (gleiche Leitungswege f\u00fcr jede Reihe).<\/p>\n<p><b>Garantie: 5 Jahr<\/b><b>e<\/b><\/p>\n<div class='w3eden'><!-- WPDM Link Template: Default Template -->\n\n\n<div class=\"link-template-default card mb-2\">\n    <div class=\"card-body\">\n        <div class=\"media stack-xs\">\n            <div class=\"media-body\">\n                <div class=\"media\">\n                    <div class=\"mr-3 img-48\"><img class=\"wpdm_icon\" alt=\"Icon\" src=\"https:\/\/www.ebner-technology.com\/wp-content\/plugins\/download-manager\/assets\/file-type-icons\/pdf.svg\" onError='this.src=\"https:\/\/www.ebner-technology.com\/wp-content\/plugins\/download-manager\/assets\/file-type-icons\/unknown.svg\";' \/><\/div>\n                    <div class=\"media-body\">\n                        <h3 class=\"package-title\"><a href='https:\/\/www.ebner-technology.com\/de\/download\/datenblatt-emssa-aquasun\/'>Datenblatt EMSSA \"AQUASUN\"<\/a><\/h3>\n                        <div class=\"text-muted text-small\"><i class=\"fas fa-copy\"><\/i> 1 file(s) <i class=\"fas fa-hdd ml-3\"><\/i> 557.79 KB<\/div>\n                    <\/div>\n                <\/div>\n            <\/div>\n            <div class=\"ml-3 wpdmdl-btn\">\n                <a class='wpdm-download-link btn btn-primary ' rel='nofollow' href='#' onclick=\"location.href='https:\/\/www.ebner-technology.com\/de\/download\/datenblatt-emssa-aquasun\/?wpdmdl=2308&refresh=69f361bf76db71777557951';return false;\">Download<\/a>\n            <\/div>\n        <\/div>\n    <\/div>\n<\/div>\n\n\n<\/div>\n<p>&nbsp;Datenblatt EMSSA \"AQUASUN\"<\/a><\/h3>\n                        <div class=\"text-muted text-small\"><i class=\"fas fa-copy\"><\/i> 1 file(s) <i class=\"fas fa-hdd ml-3\"><\/i> 557.79 KB<\/div>\n                    <\/div>\n                <\/div>\n            <\/div>\n            <div class=\"ml-3 wpdmdl-btn\">\n                <a class='wpdm-download-link btn btn-primary ' rel='nofollow' href='#' onclick=\"location.href='https:\/\/www.ebner-technology.com\/de\/download\/datenblatt-emssa-aquasun\/?wpdmdl=2308&refresh=69f361bf7a9a01777557951';return false;\">Download<\/a>\n            <\/div>\n        <\/div>\n    <\/div>\n<\/div>\n\n\n<\/div><\/p>","protected":false},"excerpt":{"rendered":"<p>SOLARE SCHWIMMBADABSORBER &#8222;ACQUASUN&#8220;<\/p>\n","protected":false},"author":1,"featured_media":896,"parent":117,"menu_order":13,"comment_status":"closed","ping_status":"closed","template":"","meta":{"_mi_skip_tracking":false,"spay_email":""},"_links":{"self":[{"href":"https:\/\/www.ebner-technology.com\/de\/wp-json\/wp\/v2\/pages\/320"}],"collection":[{"href":"https:\/\/www.ebner-technology.com\/de\/wp-json\/wp\/v2\/pages"}],"about":[{"href":"https:\/\/www.ebner-technology.com\/de\/wp-json\/wp\/v2\/types\/page"}],"author":[{"embeddable":true,"href":"https:\/\/www.ebner-technology.com\/de\/wp-json\/wp\/v2\/users\/1"}],"replies":[{"embeddable":true,"href":"https:\/\/www.ebner-technology.com\/de\/wp-json\/wp\/v2\/comments?post=320"}],"version-history":[{"count":6,"href":"https:\/\/www.ebner-technology.com\/de\/wp-json\/wp\/v2\/pages\/320\/revisions"}],"predecessor-version":[{"id":2637,"href":"https:\/\/www.ebner-technology.com\/de\/wp-json\/wp\/v2\/pages\/320\/revisions\/2637"}],"up":[{"embeddable":true,"href":"https:\/\/www.ebner-technology.com\/de\/wp-json\/wp\/v2\/pages\/117"}],"wp:featuredmedia":[{"embeddable":true,"href":"https:\/\/www.ebner-technology.com\/de\/wp-json\/wp\/v2\/media\/896"}],"wp:attachment":[{"href":"https:\/\/www.ebner-technology.com\/de\/wp-json\/wp\/v2\/media?parent=320"}],"curies":[{"name":"wp","href":"https:\/\/api.w.org\/{rel}","templated":true}]}}