{"id":345,"date":"2015-09-24T15:36:28","date_gmt":"2015-09-24T13:36:28","guid":{"rendered":"http:\/\/ebner-markus.com\/?page_id=345"},"modified":"2019-03-07T12:27:57","modified_gmt":"2019-03-07T11:27:57","slug":"emesp","status":"publish","type":"page","link":"https:\/\/www.ebner-technology.com\/de\/products\/speicher\/emesp\/","title":{"rendered":"EMESP"},"content":{"rendered":"<p><span style=\"color: #003079; font-size: 18pt;\"><strong>EDELSTAHL-SOLARSPEICHER <\/strong>BIVALENT &#8222;EASYLINE&#8220;<\/span><!--more--><\/p>\n<p><span style=\"color: #ff0000;\"><strong><span style=\"font-size: 16pt;\">EMESP<\/span><\/strong><\/span><\/p>\n<p><strong><span style=\"color: #ffcc00; font-size: 16pt;\"><a href=\"http:\/\/www.ebner-technology.com\/wp-content\/uploads\/2015\/09\/EMESP-011.png\"><img loading=\"lazy\" class=\"alignnone wp-image-347 size-medium\" src=\"http:\/\/www.ebner-technology.com\/wp-content\/uploads\/2015\/09\/EMESP-011-225x300.png\" alt=\"EMESP 01\" width=\"225\" height=\"300\" srcset=\"https:\/\/www.ebner-technology.com\/wp-content\/uploads\/2015\/09\/EMESP-011-225x300.png 225w, https:\/\/www.ebner-technology.com\/wp-content\/uploads\/2015\/09\/EMESP-011-144x192.png 144w, https:\/\/www.ebner-technology.com\/wp-content\/uploads\/2015\/09\/EMESP-011.png 378w\" sizes=\"(max-width: 225px) 100vw, 225px\" \/><\/a><\/span><\/strong><\/p>\n<p style=\"text-align: justify;\"><strong>Solarspeicher <\/strong>\u201eEASYLINE\u201c, Marke \u201eEBNER Technology\u201c, aus Edelstahl AISI 316L (WNR 1.4404) (V4A) in stehender Ausf\u00fchrung, mit G\u00fctenachweis, geeignet als zentraler Speicher f\u00fcr die Warmwasser-Sanit\u00e4raufbereitung. Innen und au\u00dfen ist der Speicher behandelt und passiviert.<\/p>\n<p style=\"text-align: justify;\">Der Solarspeicher besitzt zwei fix eingeschweiste Glattrohr- W\u00e4rmetauscher aus Edelstahl AISI 316L und wird komplett mit vormontiertem Setsystem f\u00fcr eine Solaranlage geliefert. Dieses System beinhaltet eine Solarpumpenstation, ein R\u00fcckschlagventil zu 10 mbar, eine Sicherheitsgruppe zu 6 bar mit Manometer (0 \u2013 10 bar), einen Anschluss f\u00fcr ein Ausdehnungsgef\u00e4\u00df, eine Entleerung und einen elektronischen Solarregler und kann sofort an eine Solaranlage angeschlossen werden.<\/p>\n<p style=\"text-align: justify;\">Der Speicher ist serienm\u00e4\u00dfig mit Anschl\u00fcssen f\u00fcr Kalt- und Warmwasser, Zirkulation, Anschl\u00fcssen f\u00fcr Thermometer und F\u00fchler und einem Erdungsanschluss (zum Potenzialausgleich) ausgestattet.<\/p>\n<p style=\"text-align: justify;\">\n<p style=\"text-align: justify;\"><strong>W\u00e4rmed\u00e4mmung: <\/strong>Vormontierte Hartschaumd\u00e4mmung zu 50 mm in Polyurethan (thermische Leitf\u00e4higkeit = 0,023 W\/mK, Dichte = 42 kg\/m\u00b3), kaschiert mit einer Kunstlederummantelung, Farbe Wei\u00df (RAL 9010).<\/p>\n<p>Sonderspeicher: auf Anfrage &#8211; Garantie: 5 Jahre (Speicher), 2 Jahre (Hydraulik), 1 Jahr (Elektrik).<\/p>\n<div class='w3eden'><!-- WPDM Link Template: Default Template -->\n\n\n<div class=\"link-template-default card mb-2\">\n    <div class=\"card-body\">\n        <div class=\"media stack-xs\">\n            <div class=\"media-body\">\n                <div class=\"media\">\n                    <div class=\"mr-3 img-48\"><img class=\"wpdm_icon\" alt=\"Icon\" src=\"https:\/\/www.ebner-technology.com\/wp-content\/plugins\/download-manager\/assets\/file-type-icons\/pdf.svg\" onError='this.src=\"https:\/\/www.ebner-technology.com\/wp-content\/plugins\/download-manager\/assets\/file-type-icons\/unknown.svg\";' \/><\/div>\n                    <div class=\"media-body\">\n                        <h3 class=\"package-title\"><a href='https:\/\/www.ebner-technology.com\/de\/download\/datenblatt-emesp-easyline\/'>Datenblatt EMESP \"EASYLINE\"<\/a><\/h3>\n                        <div class=\"text-muted text-small\"><i class=\"fas fa-copy\"><\/i> 1 file(s) <i class=\"fas fa-hdd ml-3\"><\/i> 653.00 KB<\/div>\n                    <\/div>\n                <\/div>\n            <\/div>\n            <div class=\"ml-3 wpdmdl-btn\">\n                <a class='wpdm-download-link btn btn-primary ' rel='nofollow' href='#' onclick=\"location.href='https:\/\/www.ebner-technology.com\/de\/download\/datenblatt-emesp-easyline\/?wpdmdl=2331&refresh=69f2e36aec25d1777525610';return false;\">Download<\/a>\n            <\/div>\n        <\/div>\n    <\/div>\n<\/div>\n\n\n<\/div>\n<p>Datenblatt EMESP \"EASYLINE\"<\/a><\/h3>\n                        <div class=\"text-muted text-small\"><i class=\"fas fa-copy\"><\/i> 1 file(s) <i class=\"fas fa-hdd ml-3\"><\/i> 653.00 KB<\/div>\n                    <\/div>\n                <\/div>\n            <\/div>\n            <div class=\"ml-3 wpdmdl-btn\">\n                <a class='wpdm-download-link btn btn-primary ' rel='nofollow' href='#' onclick=\"location.href='https:\/\/www.ebner-technology.com\/de\/download\/datenblatt-emesp-easyline\/?wpdmdl=2331&refresh=69f2e36af1a531777525610';return false;\">Download<\/a>\n            <\/div>\n        <\/div>\n    <\/div>\n<\/div>\n\n\n<\/div>\n<p><\/p>","protected":false},"excerpt":{"rendered":"<p>EDELSTAHL-SOLARSPEICHER BIVALENT &#8222;EASYLINE&#8220;<\/p>\n","protected":false},"author":1,"featured_media":844,"parent":157,"menu_order":1,"comment_status":"closed","ping_status":"closed","template":"","meta":{"_mi_skip_tracking":false,"spay_email":""},"_links":{"self":[{"href":"https:\/\/www.ebner-technology.com\/de\/wp-json\/wp\/v2\/pages\/345"}],"collection":[{"href":"https:\/\/www.ebner-technology.com\/de\/wp-json\/wp\/v2\/pages"}],"about":[{"href":"https:\/\/www.ebner-technology.com\/de\/wp-json\/wp\/v2\/types\/page"}],"author":[{"embeddable":true,"href":"https:\/\/www.ebner-technology.com\/de\/wp-json\/wp\/v2\/users\/1"}],"replies":[{"embeddable":true,"href":"https:\/\/www.ebner-technology.com\/de\/wp-json\/wp\/v2\/comments?post=345"}],"version-history":[{"count":6,"href":"https:\/\/www.ebner-technology.com\/de\/wp-json\/wp\/v2\/pages\/345\/revisions"}],"predecessor-version":[{"id":2374,"href":"https:\/\/www.ebner-technology.com\/de\/wp-json\/wp\/v2\/pages\/345\/revisions\/2374"}],"up":[{"embeddable":true,"href":"https:\/\/www.ebner-technology.com\/de\/wp-json\/wp\/v2\/pages\/157"}],"wp:featuredmedia":[{"embeddable":true,"href":"https:\/\/www.ebner-technology.com\/de\/wp-json\/wp\/v2\/media\/844"}],"wp:attachment":[{"href":"https:\/\/www.ebner-technology.com\/de\/wp-json\/wp\/v2\/media?parent=345"}],"curies":[{"name":"wp","href":"https:\/\/api.w.org\/{rel}","templated":true}]}}