{"id":368,"date":"2015-09-24T18:46:07","date_gmt":"2015-09-24T16:46:07","guid":{"rendered":"http:\/\/ebner-markus.com\/?page_id=368"},"modified":"2023-12-13T20:25:11","modified_gmt":"2023-12-13T19:25:11","slug":"eme2se","status":"publish","type":"page","link":"https:\/\/www.ebner-technology.com\/de\/products\/speicher\/eme2se\/","title":{"rendered":"EME2SE"},"content":{"rendered":"<p><span style=\"color: #003079; font-size: 18pt;\"><strong>EDELSTAHL-WARMWASSERSPEICHER <\/strong>BIVALENT &#8222;ECOLINE&#8220;<\/span><!--more--><\/p>\n<p><span style=\"font-size: 16pt;\"><span style=\"color: #ff0000;\"><b>EME2SE<\/b><\/span><\/span><\/p>\n<p><span style=\"font-size: 16pt;\"><span style=\"color: #ff0000;\"><b><a href=\"http:\/\/www.ebner-technology.com\/wp-content\/uploads\/2015\/09\/EME2SE.png\"><img loading=\"lazy\" class=\"alignnone wp-image-371 size-medium\" src=\"http:\/\/www.ebner-technology.com\/wp-content\/uploads\/2015\/09\/EME2SE-132x300.png\" alt=\"EME2SE\" width=\"132\" height=\"300\" srcset=\"https:\/\/www.ebner-technology.com\/wp-content\/uploads\/2015\/09\/EME2SE-132x300.png 132w, https:\/\/www.ebner-technology.com\/wp-content\/uploads\/2015\/09\/EME2SE-449x1024.png 449w, https:\/\/www.ebner-technology.com\/wp-content\/uploads\/2015\/09\/EME2SE-648x1477.png 648w, https:\/\/www.ebner-technology.com\/wp-content\/uploads\/2015\/09\/EME2SE-84x192.png 84w, https:\/\/www.ebner-technology.com\/wp-content\/uploads\/2015\/09\/EME2SE.png 1000w\" sizes=\"(max-width: 132px) 100vw, 132px\" \/><\/a><\/b><\/span><\/span><\/p>\n<p style=\"text-align: justify;\"><strong>Warmwasserspeicher <\/strong>\u201eECOLINE\u201c, Marke \u201eEBNER Technology\u201c, aus Edelstahl AISI 316L (WNR 1.4404) (V4A) in stehender Ausf\u00fchrung, mit G\u00fctenachweis, geeignet als zentraler Speicher f\u00fcr die Warmwasser-Sanit\u00e4raufbereitung. Innen und au\u00dfen ist der Speicher behandelt und passiviert.<\/p>\n<p style=\"text-align: justify;\">Der Speicher ist serienm\u00e4\u00dfig mit Anschl\u00fcssen f\u00fcr Kalt- und Warmwasser, Zirkulation, Anschl\u00fcssen f\u00fcr Thermometer und F\u00fchler und einem Erdungsanschluss (zum Potenzialausgleich) ausgestattet. Weiters besitzt der Speicher zwei fix eingebaute Glattrohrw\u00e4rmetauscher aus Edestahl AISI 316L.<\/p>\n<p style=\"text-align: justify;\">\n<p style=\"text-align: justify;\"><strong>W\u00e4rmed\u00e4mmung: <\/strong>Vormontierte Hartschaumd\u00e4mmung zu 50 mm in Polyurethan (thermische Leitf\u00e4higkeit = 0,023 W\/mK, Dichte = 42 kg\/m\u00b3), kaschiert mit einer Kunstlederummantelung, Farbe <a href=\"https:\/\/hungerinthewild.com\/wp-static\/\" title=\"erectiestoornissen veroorzaakt\">erectiestoornissen veroorzaakt<\/a> Rot (RAL 3000).<\/p>\n<p>Sonderspeicher: auf Anfrage &#8211; Garantie: 5 Jahre<\/p>\n<div class='w3eden'><!-- WPDM Link Template: Default Template -->\n\n\n<div class=\"link-template-default card mb-2\">\n    <div class=\"card-body\">\n        <div class=\"media stack-xs\">\n            <div class=\"media-body\">\n                <div class=\"media\">\n                    <div class=\"mr-3 img-48\"><img class=\"wpdm_icon\" alt=\"Icon\" src=\"https:\/\/www.ebner-technology.com\/wp-content\/plugins\/download-manager\/assets\/file-type-icons\/pdf.svg\" onError='this.src=\"https:\/\/www.ebner-technology.com\/wp-content\/plugins\/download-manager\/assets\/file-type-icons\/unknown.svg\";' \/><\/div>\n                    <div class=\"media-body\">\n                        <h3 class=\"package-title\"><a href='https:\/\/www.ebner-technology.com\/de\/download\/datenblatt-eme2se-ecoline\/'>Datenblatt EME2SE \"ECOLINE\"<\/a><\/h3>\n                        <div class=\"text-muted text-small\"><i class=\"fas fa-copy\"><\/i> 1 file(s) <i class=\"fas fa-hdd ml-3\"><\/i> 425.93 KB<\/div>\n                    <\/div>\n                <\/div>\n            <\/div>\n            <div class=\"ml-3 wpdmdl-btn\">\n                <a class='wpdm-download-link btn btn-primary ' rel='nofollow' href='#' onclick=\"location.href='https:\/\/www.ebner-technology.com\/de\/download\/datenblatt-eme2se-ecoline\/?wpdmdl=2377&refresh=69f2e336ae05b1777525558';return false;\">Download<\/a>\n            <\/div>\n        <\/div>\n    <\/div>\n<\/div>\n\n\n<\/div>\n<p>Datenblatt EME2SE \"ECOLINE\"<\/a><\/h3>\n                        <div class=\"text-muted text-small\"><i class=\"fas fa-copy\"><\/i> 1 file(s) <i class=\"fas fa-hdd ml-3\"><\/i> 425.93 KB<\/div>\n                    <\/div>\n                <\/div>\n            <\/div>\n            <div class=\"ml-3 wpdmdl-btn\">\n                <a class='wpdm-download-link btn btn-primary ' rel='nofollow' href='#' onclick=\"location.href='https:\/\/www.ebner-technology.com\/de\/download\/datenblatt-eme2se-ecoline\/?wpdmdl=2377&refresh=69f2e336b1d991777525558';return false;\">Download<\/a>\n            <\/div>\n        <\/div>\n    <\/div>\n<\/div>\n\n\n<\/div>\n<p><\/p>","protected":false},"excerpt":{"rendered":"<p>EDELSTAHL-WARMWASSERSPEICHER BIVALENT &#8222;ECOLINE&#8220;<\/p>\n","protected":false},"author":1,"featured_media":851,"parent":157,"menu_order":4,"comment_status":"closed","ping_status":"closed","template":"","meta":{"_mi_skip_tracking":false,"spay_email":""},"_links":{"self":[{"href":"https:\/\/www.ebner-technology.com\/de\/wp-json\/wp\/v2\/pages\/368"}],"collection":[{"href":"https:\/\/www.ebner-technology.com\/de\/wp-json\/wp\/v2\/pages"}],"about":[{"href":"https:\/\/www.ebner-technology.com\/de\/wp-json\/wp\/v2\/types\/page"}],"author":[{"embeddable":true,"href":"https:\/\/www.ebner-technology.com\/de\/wp-json\/wp\/v2\/users\/1"}],"replies":[{"embeddable":true,"href":"https:\/\/www.ebner-technology.com\/de\/wp-json\/wp\/v2\/comments?post=368"}],"version-history":[{"count":8,"href":"https:\/\/www.ebner-technology.com\/de\/wp-json\/wp\/v2\/pages\/368\/revisions"}],"predecessor-version":[{"id":2656,"href":"https:\/\/www.ebner-technology.com\/de\/wp-json\/wp\/v2\/pages\/368\/revisions\/2656"}],"up":[{"embeddable":true,"href":"https:\/\/www.ebner-technology.com\/de\/wp-json\/wp\/v2\/pages\/157"}],"wp:featuredmedia":[{"embeddable":true,"href":"https:\/\/www.ebner-technology.com\/de\/wp-json\/wp\/v2\/media\/851"}],"wp:attachment":[{"href":"https:\/\/www.ebner-technology.com\/de\/wp-json\/wp\/v2\/media?parent=368"}],"curies":[{"name":"wp","href":"https:\/\/api.w.org\/{rel}","templated":true}]}}