{"id":376,"date":"2015-09-24T19:13:33","date_gmt":"2015-09-24T17:13:33","guid":{"rendered":"http:\/\/ebner-markus.com\/?page_id=376"},"modified":"2023-12-13T20:27:11","modified_gmt":"2023-12-13T19:27:11","slug":"eme1ss","status":"publish","type":"page","link":"https:\/\/www.ebner-technology.com\/de\/products\/speicher\/eme1ss\/","title":{"rendered":"EME1SS"},"content":{"rendered":"<p><span style=\"color: #003079; font-size: 18pt;\"><strong>EDELSTAHL-WARMWASSERSPEICHER <\/strong>MONOVALENT &#8222;HIGHLINE&#8220;<\/span><!--more--><\/p>\n<p><span style=\"color: #ff0000; font-size: 16pt;\"><b>EME1SS<\/b><\/span><\/p>\n<p><span style=\"color: #ff0000; font-size: 16pt;\"><b><a href=\"http:\/\/www.ebner-technology.com\/wp-content\/uploads\/2015\/09\/EME1SS.png\"><img loading=\"lazy\" class=\"alignnone wp-image-377 size-medium\" src=\"http:\/\/www.ebner-technology.com\/wp-content\/uploads\/2015\/09\/EME1SS-126x300.png\" alt=\"EME1SS\" width=\"126\" height=\"300\" srcset=\"https:\/\/www.ebner-technology.com\/wp-content\/uploads\/2015\/09\/EME1SS-126x300.png 126w, https:\/\/www.ebner-technology.com\/wp-content\/uploads\/2015\/09\/EME1SS-429x1024.png 429w, https:\/\/www.ebner-technology.com\/wp-content\/uploads\/2015\/09\/EME1SS-648x1547.png 648w, https:\/\/www.ebner-technology.com\/wp-content\/uploads\/2015\/09\/EME1SS.png 1000w\" sizes=\"(max-width: 126px) 100vw, 126px\" \/><\/a><\/b><\/span><b><\/b><i><\/i><u><\/u><\/p>\n<p style=\"text-align: justify;\"><strong>Warmwasserspeicher<\/strong> \u201eHIGHLINE\u201c, Marke \u201eEBNER Technology\u201c, aus Edelstahl AISI 316L (WNR 1.4404) (V4A) in stehender Ausf\u00fchrung, mit G\u00fctenachweis, geeignet als zentraler Speicher f\u00fcr die Warmwasser-Sanit\u00e4raufbereitung. Innen und au\u00dfen ist der Speicher behandelt und passiviert.<\/p>\n<p style=\"text-align: justify;\">Der Speicher ist serienm\u00e4\u00dfig mit Anschl\u00fcssen f\u00fcr Kalt- und Warmwasser, Zirkulation, Anschl\u00fcssen f\u00fcr Thermometer und F\u00fchler, Inspektionsflansche und einem Erdungsanschluss (zum Potenzialausgleich) ausgestattet. Weiters besitzt der Speicher einen gro\u00dfdimensionierten, fix eingebauten, Glattrohrw\u00e4rmetauscher aus Edestahl AISI 316L.<\/p>\n<p style=\"text-align: justify;\">\n<p style=\"text-align: justify;\"><strong>W\u00e4rmed\u00e4mmung: <\/strong>Vormontierte Weichschaumd\u00e4mmung zu 130 mm in Polyestervlies, Brandschutzklasse B2 (DIN 4102) (thermische Leitf\u00e4higkeit = 0,040 W\/mK, Dichte = 19 kg\/m\u00b3), kaschiert mit einer Kunstlederummantelung auf Baumwollgewebe in Farbe Rot (RAL 3000) und einem hei\u00dfgepressten PS-Deckel in Farbe schwarz (RAL 9017), an der Oberseite. Die D\u00e4mmung ist \u00fcber einen Rei\u00dfverschluss leicht abnehmbar.<\/p>\n<p>Sonderspeicher: auf Anfrage &#8211; Garantie: 5 Jahre<\/p>\n<div class='w3eden'><!-- WPDM Link Template: Default Template -->\n\n\n<div class=\"link-template-default card mb-2\">\n    <div class=\"card-body\">\n        <div class=\"media stack-xs\">\n            <div class=\"media-body\">\n                <div class=\"media\">\n                    <div class=\"mr-3 img-48\"><img class=\"wpdm_icon\" alt=\"Icon\" src=\"https:\/\/www.ebner-technology.com\/wp-content\/plugins\/download-manager\/assets\/file-type-icons\/pdf.svg\" onError='this.src=\"https:\/\/www.ebner-technology.com\/wp-content\/plugins\/download-manager\/assets\/file-type-icons\/unknown.svg\";' \/><\/div>\n                    <div class=\"media-body\">\n                        <h3 class=\"package-title\"><a href='https:\/\/www.ebner-technology.com\/de\/download\/datenblatt-eme1ss-highline\/'>Datenblatt EME1SS \"HIGHLINE\"<\/a><\/h3>\n                        <div class=\"text-muted text-small\"><i class=\"fas fa-copy\"><\/i> 1 file(s) <i class=\"fas fa-hdd ml-3\"><\/i> 419.37 KB<\/div>\n                    <\/div>\n                <\/div>\n            <\/div>\n            <div class=\"ml-3 wpdmdl-btn\">\n                <a class='wpdm-download-link btn btn-primary ' rel='nofollow' href='#' onclick=\"location.href='https:\/\/www.ebner-technology.com\/de\/download\/datenblatt-eme1ss-highline\/?wpdmdl=2378&refresh=69f2e614ba56e1777526292';return false;\">Download<\/a>\n            <\/div>\n        <\/div>\n    <\/div>\n<\/div>\n\n\n<\/div>\n<p>Datenblatt EME1SS \"HIGHLINE\"<\/a><\/h3>\n                        <div class=\"text-muted text-small\"><i class=\"fas fa-copy\"><\/i> 1 file(s) <i class=\"fas fa-hdd ml-3\"><\/i> 419.37 KB<\/div>\n                    <\/div>\n                <\/div>\n            <\/div>\n            <div class=\"ml-3 wpdmdl-btn\">\n                <a class='wpdm-download-link btn btn-primary ' rel='nofollow' href='#' onclick=\"location.href='https:\/\/www.ebner-technology.com\/de\/download\/datenblatt-eme1ss-highline\/?wpdmdl=2378&refresh=69f2e614be5ad1777526292';return false;\">Download<\/a>\n            <\/div>\n        <\/div>\n    <\/div>\n<\/div>\n\n\n<\/div>\n<p><\/p>","protected":false},"excerpt":{"rendered":"<p>EDELSTAHL-WARMWASSERSPEICHER MONOVALENT &#8222;HIGHLINE&#8220;<\/p>\n","protected":false},"author":1,"featured_media":852,"parent":157,"menu_order":5,"comment_status":"closed","ping_status":"closed","template":"","meta":{"_mi_skip_tracking":false,"spay_email":""},"_links":{"self":[{"href":"https:\/\/www.ebner-technology.com\/de\/wp-json\/wp\/v2\/pages\/376"}],"collection":[{"href":"https:\/\/www.ebner-technology.com\/de\/wp-json\/wp\/v2\/pages"}],"about":[{"href":"https:\/\/www.ebner-technology.com\/de\/wp-json\/wp\/v2\/types\/page"}],"author":[{"embeddable":true,"href":"https:\/\/www.ebner-technology.com\/de\/wp-json\/wp\/v2\/users\/1"}],"replies":[{"embeddable":true,"href":"https:\/\/www.ebner-technology.com\/de\/wp-json\/wp\/v2\/comments?post=376"}],"version-history":[{"count":5,"href":"https:\/\/www.ebner-technology.com\/de\/wp-json\/wp\/v2\/pages\/376\/revisions"}],"predecessor-version":[{"id":2660,"href":"https:\/\/www.ebner-technology.com\/de\/wp-json\/wp\/v2\/pages\/376\/revisions\/2660"}],"up":[{"embeddable":true,"href":"https:\/\/www.ebner-technology.com\/de\/wp-json\/wp\/v2\/pages\/157"}],"wp:featuredmedia":[{"embeddable":true,"href":"https:\/\/www.ebner-technology.com\/de\/wp-json\/wp\/v2\/media\/852"}],"wp:attachment":[{"href":"https:\/\/www.ebner-technology.com\/de\/wp-json\/wp\/v2\/media?parent=376"}],"curies":[{"name":"wp","href":"https:\/\/api.w.org\/{rel}","templated":true}]}}