{"id":389,"date":"2015-09-26T11:21:41","date_gmt":"2015-09-26T09:21:41","guid":{"rendered":"http:\/\/ebner-markus.com\/?page_id=389"},"modified":"2019-03-07T16:25:46","modified_gmt":"2019-03-07T15:25:46","slug":"ems1ss","status":"publish","type":"page","link":"https:\/\/www.ebner-technology.com\/de\/products\/speicher\/ems1ss\/","title":{"rendered":"EMS1SS"},"content":{"rendered":"<p><span style=\"color: #003079; font-size: 18pt;\"><strong>EMAILLIERTER WARMWASSERSPEICHER <\/strong>MONOVALENT &#8222;HIGHLINE&#8220;<\/span><!--more--><\/p>\n<p><span style=\"color: #ff0000; font-size: 16pt;\"><b>EMS1SS<\/b><\/span><\/p>\n<p><span style=\"color: #ff0000; font-size: 16pt;\"><b><a href=\"http:\/\/www.ebner-technology.com\/wp-content\/uploads\/2015\/09\/EMS1SS-01.png\"><img loading=\"lazy\" class=\"alignnone wp-image-390 size-medium\" src=\"http:\/\/www.ebner-technology.com\/wp-content\/uploads\/2015\/09\/EMS1SS-01-113x300.png\" alt=\"EMS1SS 01\" width=\"113\" height=\"300\" srcset=\"https:\/\/www.ebner-technology.com\/wp-content\/uploads\/2015\/09\/EMS1SS-01-113x300.png 113w, https:\/\/www.ebner-technology.com\/wp-content\/uploads\/2015\/09\/EMS1SS-01-384x1024.png 384w, https:\/\/www.ebner-technology.com\/wp-content\/uploads\/2015\/09\/EMS1SS-01-648x1726.png 648w, https:\/\/www.ebner-technology.com\/wp-content\/uploads\/2015\/09\/EMS1SS-01-72x192.png 72w, https:\/\/www.ebner-technology.com\/wp-content\/uploads\/2015\/09\/EMS1SS-01.png 1072w\" sizes=\"(max-width: 113px) 100vw, 113px\" \/><\/a><\/b><\/span><i><\/i><u><\/u><\/p>\n<p style=\"text-align: justify;\"><strong>Emaillierter Warmwasserspeicher \u201eHIGHLINE\u201c<\/strong>, Marke \u201eEBNER Technology\u201c f\u00fcr die zentrale Wasserversorgung. Hergestellt nach DIN 4753-3 aus emaillierf\u00e4higem Stahlblech (S 235 Jr). Innenseite korrosionsgesch\u00fctzt durch Zweischicht-Emaillierung und Magnesium-Schutzanode. Erw\u00e4rmung des Brauchwassers \u00fcber einen fest eingeschwei\u00dften Glattrohrspiralw\u00e4rmetauscher, hergestellt aus Stahl<\/p>\n<p style=\"text-align: justify;\">(S 235 Jr). Der Speicher ist serienm\u00e4\u00dfig mit einem Kaltwasser-, Warmwasser- und Zirkulationsanschluss, Anschl\u00fcssen f\u00fcr Thermometer und F\u00fchler und einer Inspektionsflansch ausgestattet.<\/p>\n<p style=\"text-align: justify;\">\n<p style=\"text-align: justify;\">W\u00e4rmed\u00e4mmung: Vormontierte Weichschaumd\u00e4mmung zu 130 mm in Polyestervlies, Brandschutzklasse B2 (DIN 4102) (thermische Leitf\u00e4higkeit = 0,040 W\/mK, Dichte = 19 kg\/m\u00b3), kaschiert mit einer Kunstlederummantelung auf Baumwollgewebe in Farbe Grau (RAL 7000) und einem hei\u00dfgepressten PS-Deckel in Farbe schwarz (RAL 9017), an der Oberseite. Die D\u00e4mmung ist \u00fcber einen Rei\u00dfverschluss leicht abnehmbar.<\/p>\n<p>Sonderspeicher: auf Anfrage &#8211; Garantie: 5 Jahre<\/p>\n<div class='w3eden'><!-- WPDM Link Template: Default Template -->\n\n\n<div class=\"link-template-default card mb-2\">\n    <div class=\"card-body\">\n        <div class=\"media stack-xs\">\n            <div class=\"media-body\">\n                <div class=\"media\">\n                    <div class=\"mr-3 img-48\"><img class=\"wpdm_icon\" alt=\"Icon\" src=\"https:\/\/www.ebner-technology.com\/wp-content\/plugins\/download-manager\/assets\/file-type-icons\/pdf.svg\" onError='this.src=\"https:\/\/www.ebner-technology.com\/wp-content\/plugins\/download-manager\/assets\/file-type-icons\/unknown.svg\";' \/><\/div>\n                    <div class=\"media-body\">\n                        <h3 class=\"package-title\"><a href='https:\/\/www.ebner-technology.com\/de\/download\/datenblatt-ems1ss-highline\/'>Datenblatt EMS1SS \"HIGHLINE\"<\/a><\/h3>\n                        <div class=\"text-muted text-small\"><i class=\"fas fa-copy\"><\/i> 1 file(s) <i class=\"fas fa-hdd ml-3\"><\/i> 594.49 KB<\/div>\n                    <\/div>\n                <\/div>\n            <\/div>\n            <div class=\"ml-3 wpdmdl-btn\">\n                <a class='wpdm-download-link btn btn-primary ' rel='nofollow' href='#' onclick=\"location.href='https:\/\/www.ebner-technology.com\/de\/download\/datenblatt-ems1ss-highline\/?wpdmdl=2380&refresh=69e1eeb22c7dd1776414386';return false;\">Download<\/a>\n            <\/div>\n        <\/div>\n    <\/div>\n<\/div>\n\n\n<\/div>\n<p>Datenblatt EMS1SS \"HIGHLINE\"<\/a><\/h3>\n                        <div class=\"text-muted text-small\"><i class=\"fas fa-copy\"><\/i> 1 file(s) <i class=\"fas fa-hdd ml-3\"><\/i> 594.49 KB<\/div>\n                    <\/div>\n                <\/div>\n            <\/div>\n            <div class=\"ml-3 wpdmdl-btn\">\n                <a class='wpdm-download-link btn btn-primary ' rel='nofollow' href='#' onclick=\"location.href='https:\/\/www.ebner-technology.com\/de\/download\/datenblatt-ems1ss-highline\/?wpdmdl=2380&refresh=69e1eeb231a0b1776414386';return false;\">Download<\/a>\n            <\/div>\n        <\/div>\n    <\/div>\n<\/div>\n\n\n<\/div>\n<p><\/p>","protected":false},"excerpt":{"rendered":"<p>EMAILLIERTER WARMWASSERSPEICHER MONOVALENT &#8222;HIGHLINE&#8220;<\/p>\n","protected":false},"author":1,"featured_media":855,"parent":157,"menu_order":7,"comment_status":"closed","ping_status":"closed","template":"","meta":{"_mi_skip_tracking":false,"spay_email":""},"_links":{"self":[{"href":"https:\/\/www.ebner-technology.com\/de\/wp-json\/wp\/v2\/pages\/389"}],"collection":[{"href":"https:\/\/www.ebner-technology.com\/de\/wp-json\/wp\/v2\/pages"}],"about":[{"href":"https:\/\/www.ebner-technology.com\/de\/wp-json\/wp\/v2\/types\/page"}],"author":[{"embeddable":true,"href":"https:\/\/www.ebner-technology.com\/de\/wp-json\/wp\/v2\/users\/1"}],"replies":[{"embeddable":true,"href":"https:\/\/www.ebner-technology.com\/de\/wp-json\/wp\/v2\/comments?post=389"}],"version-history":[{"count":5,"href":"https:\/\/www.ebner-technology.com\/de\/wp-json\/wp\/v2\/pages\/389\/revisions"}],"predecessor-version":[{"id":2417,"href":"https:\/\/www.ebner-technology.com\/de\/wp-json\/wp\/v2\/pages\/389\/revisions\/2417"}],"up":[{"embeddable":true,"href":"https:\/\/www.ebner-technology.com\/de\/wp-json\/wp\/v2\/pages\/157"}],"wp:featuredmedia":[{"embeddable":true,"href":"https:\/\/www.ebner-technology.com\/de\/wp-json\/wp\/v2\/media\/855"}],"wp:attachment":[{"href":"https:\/\/www.ebner-technology.com\/de\/wp-json\/wp\/v2\/media?parent=389"}],"curies":[{"name":"wp","href":"https:\/\/api.w.org\/{rel}","templated":true}]}}