{"id":399,"date":"2015-09-26T11:35:16","date_gmt":"2015-09-26T09:35:16","guid":{"rendered":"http:\/\/ebner-markus.com\/?page_id=399"},"modified":"2023-12-12T13:05:23","modified_gmt":"2023-12-12T12:05:23","slug":"emews","status":"publish","type":"page","link":"https:\/\/www.ebner-technology.com\/de\/products\/speicher\/emews\/","title":{"rendered":"EMEWS"},"content":{"rendered":"<p><span style=\"color: #003079; font-size: 18pt;\"><strong>EDELSTAHL-WARMWASSERSPEICHER <\/strong>&#8222;THERMICLINE&#8220;<\/span><!--more--><\/p>\n<p><span style=\"color: #ff0000; font-size: 16pt;\"><b>EMEWS<\/b><\/span><\/p>\n<p><span style=\"color: #ff0000; font-size: 16pt;\"><b><a href=\"http:\/\/www.ebner-technology.com\/wp-content\/uploads\/2015\/09\/EMEWS-01.png\"><img loading=\"lazy\" class=\"alignnone wp-image-400 size-medium\" src=\"http:\/\/www.ebner-technology.com\/wp-content\/uploads\/2015\/09\/EMEWS-01-222x300.png\" alt=\"EMEWS 01\" width=\"222\" height=\"300\" srcset=\"https:\/\/www.ebner-technology.com\/wp-content\/uploads\/2015\/09\/EMEWS-01-222x300.png 222w, https:\/\/www.ebner-technology.com\/wp-content\/uploads\/2015\/09\/EMEWS-01-759x1024.png 759w, https:\/\/www.ebner-technology.com\/wp-content\/uploads\/2015\/09\/EMEWS-01-648x875.png 648w, https:\/\/www.ebner-technology.com\/wp-content\/uploads\/2015\/09\/EMEWS-01-142x192.png 142w, https:\/\/www.ebner-technology.com\/wp-content\/uploads\/2015\/09\/EMEWS-01.png 1000w\" sizes=\"(max-width: 222px) 100vw, 222px\" \/><\/a><\/b><\/span><i><\/i><u><\/u><\/p>\n<p style=\"text-align: justify;\"><strong>Warmwasserspeicher \u201eTHERMICLINE\u201c<\/strong>, Marke \u201eEBNER Technology\u201c, hergestellt aus Edelstahl AISI 316 L (WNR 1.4404) (V4A) mit G\u00fctenachweis.<\/p>\n<p style=\"text-align: justify;\">Der Speicher ist serienm\u00e4\u00dfig mit einem Kaltwasser-, Warmwasser- und Zirkulationsanschluss, Anschl\u00fcssen f\u00fcr Thermometer und Temperaturf\u00fchler, einer Inspektionsflansche und einem Erdungsanschluss (zum Potenzialausgleich) ausgestattet. Die Flansch\u00f6ffnung ist auch zum\u00a0 eventuellen Einf\u00fcgen eines elektrischen Heizelements oder eines ausziehbaren W\u00e4rmetauschers nutzbar.<\/p>\n<p style=\"text-align: justify;\">\n<p style=\"text-align: justify;\">W\u00e4rmed\u00e4mmung: Vormontierte Weichschaumd\u00e4mmung zu 130 mm in Polyestervlies, Brandschutzklasse B2 (DIN 4102) (thermische Leitf\u00e4higkeit = 0,040 W\/mK, Dichte = 19 kg\/m\u00b3), kaschiert mit einer Kunstlederummantelung auf Baumwollgewebe in Farbe Rot (RAL 3000) und einem hei\u00dfgepressten PS-Deckel in Farbe schwarz (RAL 9017), an der Oberseite. Die D\u00e4mmung ist \u00fcber einen Rei\u00dfverschluss leicht abnehmbar.<\/p>\n<p>Sonderspeicher: auf Anfrage &#8211; Garantie: 5 Jahre<\/p>\n<div class='w3eden'><!-- WPDM Link Template: Default Template -->\n\n\n<div class=\"link-template-default card mb-2\">\n    <div class=\"card-body\">\n        <div class=\"media stack-xs\">\n            <div class=\"media-body\">\n                <div class=\"media\">\n                    <div class=\"mr-3 img-48\"><img class=\"wpdm_icon\" alt=\"Icon\" src=\"https:\/\/www.ebner-technology.com\/wp-content\/plugins\/download-manager\/assets\/file-type-icons\/pdf.svg\" onError='this.src=\"https:\/\/www.ebner-technology.com\/wp-content\/plugins\/download-manager\/assets\/file-type-icons\/unknown.svg\";' \/><\/div>\n                    <div class=\"media-body\">\n                        <h3 class=\"package-title\"><a href='https:\/\/www.ebner-technology.com\/de\/download\/datenblatt-emews-thermicline\/'>Datenblatt EMEWS \"THERMICLINE\"<\/a><\/h3>\n                        <div class=\"text-muted text-small\"><i class=\"fas fa-copy\"><\/i> 1 file(s) <i class=\"fas fa-hdd ml-3\"><\/i> 492.17 KB<\/div>\n                    <\/div>\n                <\/div>\n            <\/div>\n            <div class=\"ml-3 wpdmdl-btn\">\n                <a class='wpdm-download-link btn btn-primary ' rel='nofollow' href='#' onclick=\"location.href='https:\/\/www.ebner-technology.com\/de\/download\/datenblatt-emews-thermicline\/?wpdmdl=2382&refresh=69e012979b1cd1776292503';return false;\">Download<\/a>\n            <\/div>\n        <\/div>\n    <\/div>\n<\/div>\n\n\n<\/div>\n<p>Datenblatt EMEWS \"THERMICLINE\"<\/a><\/h3>\n                        <div class=\"text-muted text-small\"><i class=\"fas fa-copy\"><\/i> 1 file(s) <i class=\"fas fa-hdd ml-3\"><\/i> 492.17 KB<\/div>\n                    <\/div>\n                <\/div>\n            <\/div>\n            <div class=\"ml-3 wpdmdl-btn\">\n                <a class='wpdm-download-link btn btn-primary ' rel='nofollow' href='#' onclick=\"location.href='https:\/\/www.ebner-technology.com\/de\/download\/datenblatt-emews-thermicline\/?wpdmdl=2382&refresh=69e01297a03171776292503';return false;\">Download<\/a>\n            <\/div>\n        <\/div>\n    <\/div>\n<\/div>\n\n\n<\/div>\n<p><\/p>","protected":false},"excerpt":{"rendered":"<p>EDELSTAHL-WARMWASSERSPEICHER &#8222;THERMICLINE&#8220;<\/p>\n","protected":false},"author":1,"featured_media":857,"parent":157,"menu_order":9,"comment_status":"closed","ping_status":"closed","template":"","meta":{"_mi_skip_tracking":false,"spay_email":""},"_links":{"self":[{"href":"https:\/\/www.ebner-technology.com\/de\/wp-json\/wp\/v2\/pages\/399"}],"collection":[{"href":"https:\/\/www.ebner-technology.com\/de\/wp-json\/wp\/v2\/pages"}],"about":[{"href":"https:\/\/www.ebner-technology.com\/de\/wp-json\/wp\/v2\/types\/page"}],"author":[{"embeddable":true,"href":"https:\/\/www.ebner-technology.com\/de\/wp-json\/wp\/v2\/users\/1"}],"replies":[{"embeddable":true,"href":"https:\/\/www.ebner-technology.com\/de\/wp-json\/wp\/v2\/comments?post=399"}],"version-history":[{"count":6,"href":"https:\/\/www.ebner-technology.com\/de\/wp-json\/wp\/v2\/pages\/399\/revisions"}],"predecessor-version":[{"id":2649,"href":"https:\/\/www.ebner-technology.com\/de\/wp-json\/wp\/v2\/pages\/399\/revisions\/2649"}],"up":[{"embeddable":true,"href":"https:\/\/www.ebner-technology.com\/de\/wp-json\/wp\/v2\/pages\/157"}],"wp:featuredmedia":[{"embeddable":true,"href":"https:\/\/www.ebner-technology.com\/de\/wp-json\/wp\/v2\/media\/857"}],"wp:attachment":[{"href":"https:\/\/www.ebner-technology.com\/de\/wp-json\/wp\/v2\/media?parent=399"}],"curies":[{"name":"wp","href":"https:\/\/api.w.org\/{rel}","templated":true}]}}