{"id":41,"date":"2015-09-22T20:25:27","date_gmt":"2015-09-22T18:25:27","guid":{"rendered":"http:\/\/ebner-markus.com\/?page_id=41"},"modified":"2024-02-02T11:30:22","modified_gmt":"2024-02-02T10:30:22","slug":"home","status":"publish","type":"page","link":"https:\/\/www.ebner-technology.com\/de\/","title":{"rendered":""},"content":{"rendered":"<p><span style=\"color: #003079; font-size: 20pt;\"><em><strong>Willkommen bei Ebner Technology<\/strong><\/em><\/span><\/p>\n<p><strong>DIE<\/strong> <span style=\"color: #ffcc00;\"><em><strong>SONNE<\/strong><\/em><\/span><strong>, UNSER PARTNER&#8230;<\/strong><strong> \u00a0\u00a0\u00a0\u00a0\u00a0 <\/strong><\/p>\n<p><strong>\u00a0\u00a0\u00a0\u00a0\u00a0\u00a0\u00a0\u00a0\u00a0\u00a0\u00a0\u00a0\u00a0\u00a0\u00a0\u00a0\u00a0\u00a0\u00a0\u00a0\u00a0\u00a0\u00a0\u00a0\u00a0\u00a0\u00a0\u00a0 \u00a0\u00a0\u00a0\u00a0\u00a0\u00a0\u00a0\u00a0\u00a0\u00a0\u00a0\u00a0<\/strong><strong><span style=\"color: #ffcc00;\"><em>IHRE<\/em> <\/span>ZUKUNFT\u2026.<\/strong><\/p>\n<p style=\"text-align: justify;\"><strong>In all den erfahrungsreichen Jahren, seit der Gr\u00fcndung unseres Unternehmens im Jahre 1982, als Vorreiter bei thermischen Solaranlagen, Warmwasserspeichern, Holz- und Pelletheiztechnik und Brauchwarmwassertechnik, haben wir unser Ziel nie aus den Augen verloren: die optimale Nutzung der Sonnen- und Umweltressourcen. Als etabliertes S\u00fcdtiroler Unternehmen, in einem Gebiet mit besonderer N\u00e4he zu Natur und Umwelt, vereinen wir alle unsere Kompetenzen zur Verwirklichung optimaler Solar-, Heiz- und Speichersysteme in allen Bereichen, die in ein traditionelles und modernes Anlagensystem eingebaut Transformation werden k\u00f6nnen und dabei gleichzeitig darauf abzielen, sowohl die Lebensqualit\u00e4t als auch den Umweltschutz zu erh\u00f6hen.<\/strong><\/p>\n<p style=\"text-align: justify;\"><strong>Innovation, kontinuierliche Investitionen in Forschung und Entwicklung, direkter Kundenkontakt, Energie- und Kosteneinsparung und Umweltschonung, all jene sind unsere markanten Elemente, die seit Jahren f\u00fcr unser Unternehmen stehen.<\/strong><\/p>\n<p>&nbsp;<\/p>\n<p><strong><span style=\"color: #333333;\"><a style=\"color: #333333;\" href=\"https:\/\/www.croupz.com\/\">Informieren<\/a><\/span> Sie sich jetzt direkt bei uns oder beim Fachinstallateur Ihres Vertrauens.<\/strong><\/p>\n<p style=\"text-align: justify;\"><strong>\u00a0<\/strong><\/p>\n<p><strong><span style=\"color: #333333;\"><a style=\"color: #333333;\" href=\"https:\/\/gamblingking24.com\/\">Qualit\u00e4t<\/a><\/span> zahlt sich aus!<\/strong><\/p>","protected":false},"excerpt":{"rendered":"<p>Willkommen bei Ebner Technology DIE SONNE, UNSER PARTNER&#8230; \u00a0\u00a0\u00a0\u00a0\u00a0 \u00a0\u00a0\u00a0\u00a0\u00a0\u00a0\u00a0\u00a0\u00a0\u00a0\u00a0\u00a0\u00a0\u00a0\u00a0\u00a0\u00a0\u00a0\u00a0\u00a0\u00a0\u00a0\u00a0\u00a0\u00a0\u00a0\u00a0\u00a0 \u00a0\u00a0\u00a0\u00a0\u00a0\u00a0\u00a0\u00a0\u00a0\u00a0\u00a0\u00a0IHRE ZUKUNFT\u2026. In all den erfahrungsreichen Jahren, seit der Gr\u00fcndung unseres Unternehmens im Jahre 1982, als Vorreiter bei thermischen Solaranlagen, Warmwasserspeichern, Holz- und Pelletheiztechnik und Brauchwarmwassertechnik, haben wir unser Ziel nie aus den Augen verloren: die optimale Nutzung der Sonnen- und Umweltressourcen. Als etabliertes S\u00fcdtiroler &hellip; <a href=\"https:\/\/www.ebner-technology.com\/de\/\" class=\"more-link\"><span class=\"screen-reader-text\"><\/span> weiterlesen<\/a><\/p>\n","protected":false},"author":1,"featured_media":88,"parent":0,"menu_order":0,"comment_status":"closed","ping_status":"closed","template":"","meta":{"_mi_skip_tracking":false,"spay_email":""},"_links":{"self":[{"href":"https:\/\/www.ebner-technology.com\/de\/wp-json\/wp\/v2\/pages\/41"}],"collection":[{"href":"https:\/\/www.ebner-technology.com\/de\/wp-json\/wp\/v2\/pages"}],"about":[{"href":"https:\/\/www.ebner-technology.com\/de\/wp-json\/wp\/v2\/types\/page"}],"author":[{"embeddable":true,"href":"https:\/\/www.ebner-technology.com\/de\/wp-json\/wp\/v2\/users\/1"}],"replies":[{"embeddable":true,"href":"https:\/\/www.ebner-technology.com\/de\/wp-json\/wp\/v2\/comments?post=41"}],"version-history":[{"count":26,"href":"https:\/\/www.ebner-technology.com\/de\/wp-json\/wp\/v2\/pages\/41\/revisions"}],"predecessor-version":[{"id":3093,"href":"https:\/\/www.ebner-technology.com\/de\/wp-json\/wp\/v2\/pages\/41\/revisions\/3093"}],"wp:featuredmedia":[{"embeddable":true,"href":"https:\/\/www.ebner-technology.com\/de\/wp-json\/wp\/v2\/media\/88"}],"wp:attachment":[{"href":"https:\/\/www.ebner-technology.com\/de\/wp-json\/wp\/v2\/media?parent=41"}],"curies":[{"name":"wp","href":"https:\/\/api.w.org\/{rel}","templated":true}]}}