{"id":415,"date":"2015-09-26T11:49:51","date_gmt":"2015-09-26T09:49:51","guid":{"rendered":"http:\/\/ebner-markus.com\/?page_id=415"},"modified":"2019-03-07T16:38:40","modified_gmt":"2019-03-07T15:38:40","slug":"emlss","status":"publish","type":"page","link":"https:\/\/www.ebner-technology.com\/de\/products\/speicher\/emlss\/","title":{"rendered":"EMLSS"},"content":{"rendered":"<p><span style=\"color: #003079; font-size: 18pt;\"><strong>EMAILLIERTER WARMWASSERBEREITER-LADESPEICHER\u00a0 <\/strong>&#8222;ACQUAQUICK&#8220;<\/span><!--more--><\/p>\n<p><span style=\"color: #ff0000; font-size: 16pt;\"><b>EMLSS<\/b><\/span><\/p>\n<p><span style=\"color: #ff0000; font-size: 16pt;\"><b><a href=\"http:\/\/www.ebner-technology.com\/wp-content\/uploads\/2015\/09\/EMLSS-01.png\"><img loading=\"lazy\" class=\"alignnone wp-image-417 size-medium\" src=\"http:\/\/www.ebner-technology.com\/wp-content\/uploads\/2015\/09\/EMLSS-01-203x300.png\" alt=\"EMLSS 01\" width=\"203\" height=\"300\" srcset=\"https:\/\/www.ebner-technology.com\/wp-content\/uploads\/2015\/09\/EMLSS-01-203x300.png 203w, https:\/\/www.ebner-technology.com\/wp-content\/uploads\/2015\/09\/EMLSS-01-694x1024.png 694w, https:\/\/www.ebner-technology.com\/wp-content\/uploads\/2015\/09\/EMLSS-01-648x956.png 648w, https:\/\/www.ebner-technology.com\/wp-content\/uploads\/2015\/09\/EMLSS-01-130x192.png 130w, https:\/\/www.ebner-technology.com\/wp-content\/uploads\/2015\/09\/EMLSS-01.png 1000w\" sizes=\"(max-width: 203px) 100vw, 203px\" \/><\/a><\/b><\/span><i><\/i><u><\/u><\/p>\n<p style=\"text-align: justify;\"><strong>Emaillierter Warmwasserbereiter-Ladespeicher \u201eAQUAQUICK\u201c<\/strong>, Marke \u201eEBNER Technology\u201c, hergestellt aus Stahl (S 235 Jr) mit G\u00fctenachweis.<\/p>\n<p style=\"text-align: justify;\">Der Speicher ist serienm\u00e4\u00dfig mit einem Kaltwasser-, Warmwasser- und Zirkulationsanschluss, Anschl\u00fcssen f\u00fcr Thermometer und Temperaturf\u00fchler, einer Inspektionsflansche und einem Erdungsanschluss (zum Potenzialausgleich) ausgestattet. Die Flansch\u00f6ffnung ist auch zum\u00a0 eventuellen Einf\u00fcgen eines elektrischen Heizelements oder eines ausziehbaren W\u00e4rmetauschers nutzbar. Weiters verf\u00fcgt der Ladespeicher \u00fcber ein externes Tauscherset, bestehend aus: einer Hocheffizienz-Sanit\u00e4rzirkulationspumpe, einem Regelthermostat, Absperrventilen, einem inspizierbaren Plattenw\u00e4rmetauscher aus Edelstahl AISI 316L mit Vorplatten\u00a0 aus lackiertem Stahl, einem verzinktem Gest\u00e4nge und Dichtungen aus NBR. Der Plattenw\u00e4rmetauscher ist abmontierbar.<\/p>\n<p style=\"text-align: justify;\">Das Tauscherset wird nicht vormontiert geliefert.<\/p>\n<p style=\"text-align: justify;\">\n<p style=\"text-align: justify;\">W\u00e4rmed\u00e4mmung: Vormontierte Weichschaumd\u00e4mmung zu 130 mm in Polyestervlies, Brandschutzklasse B2 (DIN 4102) (thermische Leitf\u00e4higkeit = 0,040 W\/mK, Dichte = 19 kg\/m\u00b3), kaschiert mit einer Kunstlederummantelung auf Baumwollgewebe in Farbe Grau (RAL 7000) und einem hei\u00dfgepressten PS-Deckel in Farbe schwarz (RAL 9017), an der Oberseite. Die D\u00e4mmung ist \u00fcber einen Rei\u00dfverschluss leicht abnehmbar.<\/p>\n<p>Sonderspeicher: auf Anfrage &#8211; Garantie: 5 Jahre (Speicher), 2 Jahre (Hydraulik), 1 Jahr (Elektrik).<\/p>\n<div class='w3eden'><!-- WPDM Link Template: Default Template -->\n\n\n<div class=\"link-template-default card mb-2\">\n    <div class=\"card-body\">\n        <div class=\"media stack-xs\">\n            <div class=\"media-body\">\n                <div class=\"media\">\n                    <div class=\"mr-3 img-48\"><img class=\"wpdm_icon\" alt=\"Icon\" src=\"https:\/\/www.ebner-technology.com\/wp-content\/plugins\/download-manager\/assets\/file-type-icons\/pdf.svg\" onError='this.src=\"https:\/\/www.ebner-technology.com\/wp-content\/plugins\/download-manager\/assets\/file-type-icons\/unknown.svg\";' \/><\/div>\n                    <div class=\"media-body\">\n                        <h3 class=\"package-title\"><a href='https:\/\/www.ebner-technology.com\/de\/download\/datenblatt-emlss-aquaquick\/'>Datenblatt EMLSS \"AQUAQUICK\"<\/a><\/h3>\n                        <div class=\"text-muted text-small\"><i class=\"fas fa-copy\"><\/i> 1 file(s) <i class=\"fas fa-hdd ml-3\"><\/i> 265.63 KB<\/div>\n                    <\/div>\n                <\/div>\n            <\/div>\n            <div class=\"ml-3 wpdmdl-btn\">\n                <a class='wpdm-download-link btn btn-primary ' rel='nofollow' href='#' onclick=\"location.href='https:\/\/www.ebner-technology.com\/de\/download\/datenblatt-emlss-aquaquick\/?wpdmdl=2385&refresh=69dff90e0a6271776285966';return false;\">Download<\/a>\n            <\/div>\n        <\/div>\n    <\/div>\n<\/div>\n\n\n<\/div>\n<p>Datenblatt EMLSS \"AQUAQUICK\"<\/a><\/h3>\n                        <div class=\"text-muted text-small\"><i class=\"fas fa-copy\"><\/i> 1 file(s) <i class=\"fas fa-hdd ml-3\"><\/i> 265.63 KB<\/div>\n                    <\/div>\n                <\/div>\n            <\/div>\n            <div class=\"ml-3 wpdmdl-btn\">\n                <a class='wpdm-download-link btn btn-primary ' rel='nofollow' href='#' onclick=\"location.href='https:\/\/www.ebner-technology.com\/de\/download\/datenblatt-emlss-aquaquick\/?wpdmdl=2385&refresh=69dff90e127761776285966';return false;\">Download<\/a>\n            <\/div>\n        <\/div>\n    <\/div>\n<\/div>\n\n\n<\/div>\n<p><\/p>","protected":false},"excerpt":{"rendered":"<p>EMAILLIERTER WARMWASSERBEREITER-LADESPEICHER\u00a0 &#8222;ACQUAQUICK&#8220;<\/p>\n","protected":false},"author":1,"featured_media":860,"parent":157,"menu_order":12,"comment_status":"closed","ping_status":"closed","template":"","meta":{"_mi_skip_tracking":false,"spay_email":""},"_links":{"self":[{"href":"https:\/\/www.ebner-technology.com\/de\/wp-json\/wp\/v2\/pages\/415"}],"collection":[{"href":"https:\/\/www.ebner-technology.com\/de\/wp-json\/wp\/v2\/pages"}],"about":[{"href":"https:\/\/www.ebner-technology.com\/de\/wp-json\/wp\/v2\/types\/page"}],"author":[{"embeddable":true,"href":"https:\/\/www.ebner-technology.com\/de\/wp-json\/wp\/v2\/users\/1"}],"replies":[{"embeddable":true,"href":"https:\/\/www.ebner-technology.com\/de\/wp-json\/wp\/v2\/comments?post=415"}],"version-history":[{"count":5,"href":"https:\/\/www.ebner-technology.com\/de\/wp-json\/wp\/v2\/pages\/415\/revisions"}],"predecessor-version":[{"id":2424,"href":"https:\/\/www.ebner-technology.com\/de\/wp-json\/wp\/v2\/pages\/415\/revisions\/2424"}],"up":[{"embeddable":true,"href":"https:\/\/www.ebner-technology.com\/de\/wp-json\/wp\/v2\/pages\/157"}],"wp:featuredmedia":[{"embeddable":true,"href":"https:\/\/www.ebner-technology.com\/de\/wp-json\/wp\/v2\/media\/860"}],"wp:attachment":[{"href":"https:\/\/www.ebner-technology.com\/de\/wp-json\/wp\/v2\/media?parent=415"}],"curies":[{"name":"wp","href":"https:\/\/api.w.org\/{rel}","templated":true}]}}