{"id":431,"date":"2015-09-28T12:23:36","date_gmt":"2015-09-28T10:23:36","guid":{"rendered":"http:\/\/ebner-markus.com\/?page_id=431"},"modified":"2019-03-07T16:43:51","modified_gmt":"2019-03-07T15:43:51","slug":"emsrw1","status":"publish","type":"page","link":"https:\/\/www.ebner-technology.com\/de\/products\/speicher\/emsrw1\/","title":{"rendered":"EMSRW1"},"content":{"rendered":"<p><span style=\"color: #003079; font-size: 18pt;\"><strong>EMAILLIERTER WARMWASSERSPEICHER <\/strong>MIT ROHRB\u00dcNDEL-W\u00c4RMETAUSCHER MONOVALENT &#8222;FREELINE&#8220;<\/span><!--more--><\/p>\n<p><span style=\"color: #ff0000; font-size: 16pt;\"><b>EMSRW1<\/b><\/span><\/p>\n<p><span style=\"color: #ff0000; font-size: 16pt;\"><b><a href=\"http:\/\/www.ebner-technology.com\/wp-content\/uploads\/2015\/09\/EMSRW1-01.png\"><img loading=\"lazy\" class=\"alignnone wp-image-432 size-medium\" src=\"http:\/\/www.ebner-technology.com\/wp-content\/uploads\/2015\/09\/EMSRW1-01-128x300.png\" alt=\"EMSRW1 01\" width=\"128\" height=\"300\" srcset=\"https:\/\/www.ebner-technology.com\/wp-content\/uploads\/2015\/09\/EMSRW1-01-128x300.png 128w, https:\/\/www.ebner-technology.com\/wp-content\/uploads\/2015\/09\/EMSRW1-01-438x1024.png 438w, https:\/\/www.ebner-technology.com\/wp-content\/uploads\/2015\/09\/EMSRW1-01-648x1516.png 648w, https:\/\/www.ebner-technology.com\/wp-content\/uploads\/2015\/09\/EMSRW1-01-82x192.png 82w, https:\/\/www.ebner-technology.com\/wp-content\/uploads\/2015\/09\/EMSRW1-01.png 1000w\" sizes=\"(max-width: 128px) 100vw, 128px\" \/><\/a><\/b><\/span><\/p>\n<p style=\"text-align: justify;\"><strong>Emaillierter Warmwasserspeicher \u201eFREELINE\u201c<\/strong>, Marke \u201eEBNER Technology\u201c, in stehender Ausf\u00fchrung, mit G\u00fctenachweis, hergestellt nach DIN 4753-3 aus emaillierf\u00e4higem Stahlblech (S 235 Jr). Innenseite korrosionsgesch\u00fctzt durch Zweischicht-Emaillierung und Magnesium-Schutzanode, geeignet f\u00fcr die zentrale Wasserversorgung. Der Speicher ist serienm\u00e4\u00dfig mit Anschl\u00fcssen f\u00fcr Kalt- und Warmwasser, Zirkulation, Anschl\u00fcssen f\u00fcr Thermometer und F\u00fchler und einem Erdungsanschluss (zum Potenzialausgleich) ausgestattet. Weiters besitzt der Speicher einen ausziehbaren Rohrb\u00fcndelw\u00e4rmetauscher aus Edelstahl AISI 316L (WNR 1.4404), welcher durch seine spezielle Kr\u00fcmmung nach unten eine Ausbreitung und Vermehrung von Bakterien, in der k\u00e4ltesten Zone des Speichers, vorbeugt.<\/p>\n<p style=\"text-align: justify;\">\n<p style=\"text-align: justify;\">W\u00e4rmed\u00e4mmung: Vormontierte Weichschaumd\u00e4mmung zu 130 mm in Polyestervlies, Brandschutzklasse B2 (DIN 4102) (thermische Leitf\u00e4higkeit = 0,040 W\/mK, Dichte = 19 kg\/m\u00b3), kaschiert mit einer Kunstlederummantelung auf Baumwollgewebe in Farbe Grau (RAL 7000) und einem hei\u00dfgepressten PS-Deckel in Farbe schwarz (RAL 9017), an der Oberseite. Die D\u00e4mmung ist \u00fcber einen Rei\u00dfverschluss leicht abnehmbar.<\/p>\n<p>Sonderspeicher: auf Anfrage &#8211; Garantie: 5 Jahre<\/p>\n<div class='w3eden'><!-- WPDM Link Template: Default Template -->\n\n\n<div class=\"link-template-default card mb-2\">\n    <div class=\"card-body\">\n        <div class=\"media stack-xs\">\n            <div class=\"media-body\">\n                <div class=\"media\">\n                    <div class=\"mr-3 img-48\"><img class=\"wpdm_icon\" alt=\"Icon\" src=\"https:\/\/www.ebner-technology.com\/wp-content\/plugins\/download-manager\/assets\/file-type-icons\/pdf.svg\" onError='this.src=\"https:\/\/www.ebner-technology.com\/wp-content\/plugins\/download-manager\/assets\/file-type-icons\/unknown.svg\";' \/><\/div>\n                    <div class=\"media-body\">\n                        <h3 class=\"package-title\"><a href='https:\/\/www.ebner-technology.com\/de\/download\/datenblatt-emsrw1-freeline\/'>Datenblatt EMSRW1 \"FREELINE\"<\/a><\/h3>\n                        <div class=\"text-muted text-small\"><i class=\"fas fa-copy\"><\/i> 1 file(s) <i class=\"fas fa-hdd ml-3\"><\/i> 425.26 KB<\/div>\n                    <\/div>\n                <\/div>\n            <\/div>\n            <div class=\"ml-3 wpdmdl-btn\">\n                <a class='wpdm-download-link btn btn-primary ' rel='nofollow' href='#' onclick=\"location.href='https:\/\/www.ebner-technology.com\/de\/download\/datenblatt-emsrw1-freeline\/?wpdmdl=2388&refresh=69f2e3662f1e91777525606';return false;\">Download<\/a>\n            <\/div>\n        <\/div>\n    <\/div>\n<\/div>\n\n\n<\/div>\n<p>Datenblatt EMSRW1 \"FREELINE\"<\/a><\/h3>\n                        <div class=\"text-muted text-small\"><i class=\"fas fa-copy\"><\/i> 1 file(s) <i class=\"fas fa-hdd ml-3\"><\/i> 425.26 KB<\/div>\n                    <\/div>\n                <\/div>\n            <\/div>\n            <div class=\"ml-3 wpdmdl-btn\">\n                <a class='wpdm-download-link btn btn-primary ' rel='nofollow' href='#' onclick=\"location.href='https:\/\/www.ebner-technology.com\/de\/download\/datenblatt-emsrw1-freeline\/?wpdmdl=2388&refresh=69f2e36632f6f1777525606';return false;\">Download<\/a>\n            <\/div>\n        <\/div>\n    <\/div>\n<\/div>\n\n\n<\/div>\n<p><\/p>","protected":false},"excerpt":{"rendered":"<p>EMAILLIERTER WARMWASSERSPEICHER MIT ROHRB\u00dcNDEL-W\u00c4RMETAUSCHER MONOVALENT &#8222;FREELINE&#8220;<\/p>\n","protected":false},"author":1,"featured_media":863,"parent":157,"menu_order":15,"comment_status":"closed","ping_status":"closed","template":"","meta":{"_mi_skip_tracking":false,"spay_email":""},"_links":{"self":[{"href":"https:\/\/www.ebner-technology.com\/de\/wp-json\/wp\/v2\/pages\/431"}],"collection":[{"href":"https:\/\/www.ebner-technology.com\/de\/wp-json\/wp\/v2\/pages"}],"about":[{"href":"https:\/\/www.ebner-technology.com\/de\/wp-json\/wp\/v2\/types\/page"}],"author":[{"embeddable":true,"href":"https:\/\/www.ebner-technology.com\/de\/wp-json\/wp\/v2\/users\/1"}],"replies":[{"embeddable":true,"href":"https:\/\/www.ebner-technology.com\/de\/wp-json\/wp\/v2\/comments?post=431"}],"version-history":[{"count":4,"href":"https:\/\/www.ebner-technology.com\/de\/wp-json\/wp\/v2\/pages\/431\/revisions"}],"predecessor-version":[{"id":2427,"href":"https:\/\/www.ebner-technology.com\/de\/wp-json\/wp\/v2\/pages\/431\/revisions\/2427"}],"up":[{"embeddable":true,"href":"https:\/\/www.ebner-technology.com\/de\/wp-json\/wp\/v2\/pages\/157"}],"wp:featuredmedia":[{"embeddable":true,"href":"https:\/\/www.ebner-technology.com\/de\/wp-json\/wp\/v2\/media\/863"}],"wp:attachment":[{"href":"https:\/\/www.ebner-technology.com\/de\/wp-json\/wp\/v2\/media?parent=431"}],"curies":[{"name":"wp","href":"https:\/\/api.w.org\/{rel}","templated":true}]}}