{"id":453,"date":"2015-09-28T15:07:07","date_gmt":"2015-09-28T13:07:07","guid":{"rendered":"http:\/\/ebner-markus.com\/?page_id=453"},"modified":"2019-03-07T16:49:47","modified_gmt":"2019-03-07T15:49:47","slug":"emwps1","status":"publish","type":"page","link":"https:\/\/www.ebner-technology.com\/de\/products\/speicher\/emwps1\/","title":{"rendered":"EMWPS1"},"content":{"rendered":"<p><span style=\"color: #003079; font-size: 18pt;\"><strong>EMAILLIERTER WARMWASSERSPEICHER <\/strong>F\u00dcR W\u00c4RMEPUMPE BIVALENT &#8222;BLUELINE&#8220;<\/span><!--more--><\/p>\n<p><span style=\"color: #ff0000; font-size: 16pt;\"><b>EMWPS1<\/b><\/span><\/p>\n<p><span style=\"color: #ff0000; font-size: 16pt;\"><b><a href=\"http:\/\/www.ebner-technology.com\/wp-content\/uploads\/2015\/09\/EMWPS1-01.png\"><img loading=\"lazy\" class=\"alignnone wp-image-454 size-medium\" src=\"http:\/\/www.ebner-technology.com\/wp-content\/uploads\/2015\/09\/EMWPS1-01-125x300.png\" alt=\"EMWPS1 01\" width=\"125\" height=\"300\" srcset=\"https:\/\/www.ebner-technology.com\/wp-content\/uploads\/2015\/09\/EMWPS1-01-125x300.png 125w, https:\/\/www.ebner-technology.com\/wp-content\/uploads\/2015\/09\/EMWPS1-01-426x1024.png 426w, https:\/\/www.ebner-technology.com\/wp-content\/uploads\/2015\/09\/EMWPS1-01-648x1558.png 648w, https:\/\/www.ebner-technology.com\/wp-content\/uploads\/2015\/09\/EMWPS1-01-80x192.png 80w, https:\/\/www.ebner-technology.com\/wp-content\/uploads\/2015\/09\/EMWPS1-01.png 1000w\" sizes=\"(max-width: 125px) 100vw, 125px\" \/><\/a><\/b><\/span><b><\/b><i><\/i><u><\/u><\/p>\n<p><strong>Emaillierter W\u00e4rmepumpenspeicher <\/strong>\u201eBLUELINE&#8220;, Marke \u201eEBNER Technology\u201c, aus Stahl (S 235 Jr EN 10025), in stehender Ausf\u00fchrung, mit G\u00fctenachweis, geeignet als zentraler Speicher f\u00fcr die Warmwasser-Sanit\u00e4raufbereitung. Innen und au\u00dfen ist der Speicher behandelt und passiviert. Der Speicher ist serienm\u00e4\u00dfig mit\u00a0 Anschl\u00fcssen f\u00fcr Kalt- und Warmwasser, Warmwasser-Zirkulation, Anschl\u00fcssen f\u00fcr Thermometer und F\u00fchler, einem Erdungsanschluss (zum Potenzialausgleich) und einer Inspektionsflascheausgestattet. Weiters besitzt der Speicher einen gro\u00dfdimensionierten, fix eingebauten, Glattrohr-Spiralw\u00e4rmetauscher aus Stahl<\/p>\n<p>(S 235 Jr) f\u00fcr den Anschluss einer W\u00e4rmepumpe.<\/p>\n<p><strong>W\u00e4rmed\u00e4mmung: <\/strong>Vormontierte Weichschaumd\u00e4mmung zu 130 mm in Polyestervlies, Brandschutzklasse B2 (DIN 4102) (thermische Leitf\u00e4higkeit = 0,040 W\/mK, Dichte = 19 kg\/m\u00b3), kaschiert mit einer Kunstlederummantelung auf Baumwollgewebe in Farbe Grau (RAL 7000) und einem hei\u00dfgepressten PS-Deckel in Farbe schwarz (RAL 9017), an der Oberseite. Die D\u00e4mmung ist \u00fcber einen Rei\u00dfverschluss leicht abnehmbar.<\/p>\n<p>Sonderspeicher: auf Anfrage &#8211; Garantie: 5 Jahre<\/p>\n<div class='w3eden'><!-- WPDM Link Template: Default Template -->\n\n\n<div class=\"link-template-default card mb-2\">\n    <div class=\"card-body\">\n        <div class=\"media stack-xs\">\n            <div class=\"media-body\">\n                <div class=\"media\">\n                    <div class=\"mr-3 img-48\"><img class=\"wpdm_icon\" alt=\"Icon\" src=\"https:\/\/www.ebner-technology.com\/wp-content\/plugins\/download-manager\/assets\/file-type-icons\/pdf.svg\" onError='this.src=\"https:\/\/www.ebner-technology.com\/wp-content\/plugins\/download-manager\/assets\/file-type-icons\/unknown.svg\";' \/><\/div>\n                    <div class=\"media-body\">\n                        <h3 class=\"package-title\"><a href='https:\/\/www.ebner-technology.com\/de\/download\/datenblatt-emwps1-blueline\/'>Datenblatt EMWPS1 \"BLUELINE\"<\/a><\/h3>\n                        <div class=\"text-muted text-small\"><i class=\"fas fa-copy\"><\/i> 1 file(s) <i class=\"fas fa-hdd ml-3\"><\/i> 633.40 KB<\/div>\n                    <\/div>\n                <\/div>\n            <\/div>\n            <div class=\"ml-3 wpdmdl-btn\">\n                <a class='wpdm-download-link btn btn-primary ' rel='nofollow' href='#' onclick=\"location.href='https:\/\/www.ebner-technology.com\/de\/download\/datenblatt-emwps1-blueline\/?wpdmdl=2392&refresh=69e0dfa270a451776344994';return false;\">Download<\/a>\n            <\/div>\n        <\/div>\n    <\/div>\n<\/div>\n\n\n<\/div>\n<p>Datenblatt EMWPS1 \"BLUELINE\"<\/a><\/h3>\n                        <div class=\"text-muted text-small\"><i class=\"fas fa-copy\"><\/i> 1 file(s) <i class=\"fas fa-hdd ml-3\"><\/i> 633.40 KB<\/div>\n                    <\/div>\n                <\/div>\n            <\/div>\n            <div class=\"ml-3 wpdmdl-btn\">\n                <a class='wpdm-download-link btn btn-primary ' rel='nofollow' href='#' onclick=\"location.href='https:\/\/www.ebner-technology.com\/de\/download\/datenblatt-emwps1-blueline\/?wpdmdl=2392&refresh=69e0dfa2746581776344994';return false;\">Download<\/a>\n            <\/div>\n        <\/div>\n    <\/div>\n<\/div>\n\n\n<\/div>\n<p><\/p>","protected":false},"excerpt":{"rendered":"<p>EMAILLIERTER WARMWASSERSPEICHER F\u00dcR W\u00c4RMEPUMPE BIVALENT &#8222;BLUELINE&#8220;<\/p>\n","protected":false},"author":1,"featured_media":867,"parent":157,"menu_order":19,"comment_status":"closed","ping_status":"closed","template":"","meta":{"_mi_skip_tracking":false,"spay_email":""},"_links":{"self":[{"href":"https:\/\/www.ebner-technology.com\/de\/wp-json\/wp\/v2\/pages\/453"}],"collection":[{"href":"https:\/\/www.ebner-technology.com\/de\/wp-json\/wp\/v2\/pages"}],"about":[{"href":"https:\/\/www.ebner-technology.com\/de\/wp-json\/wp\/v2\/types\/page"}],"author":[{"embeddable":true,"href":"https:\/\/www.ebner-technology.com\/de\/wp-json\/wp\/v2\/users\/1"}],"replies":[{"embeddable":true,"href":"https:\/\/www.ebner-technology.com\/de\/wp-json\/wp\/v2\/comments?post=453"}],"version-history":[{"count":4,"href":"https:\/\/www.ebner-technology.com\/de\/wp-json\/wp\/v2\/pages\/453\/revisions"}],"predecessor-version":[{"id":2431,"href":"https:\/\/www.ebner-technology.com\/de\/wp-json\/wp\/v2\/pages\/453\/revisions\/2431"}],"up":[{"embeddable":true,"href":"https:\/\/www.ebner-technology.com\/de\/wp-json\/wp\/v2\/pages\/157"}],"wp:featuredmedia":[{"embeddable":true,"href":"https:\/\/www.ebner-technology.com\/de\/wp-json\/wp\/v2\/media\/867"}],"wp:attachment":[{"href":"https:\/\/www.ebner-technology.com\/de\/wp-json\/wp\/v2\/media?parent=453"}],"curies":[{"name":"wp","href":"https:\/\/api.w.org\/{rel}","templated":true}]}}