{"id":471,"date":"2015-09-28T16:13:06","date_gmt":"2015-09-28T14:13:06","guid":{"rendered":"http:\/\/ebner-markus.com\/?page_id=471"},"modified":"2019-03-07T16:56:06","modified_gmt":"2019-03-07T15:56:06","slug":"empsa2","status":"publish","type":"page","link":"https:\/\/www.ebner-technology.com\/de\/products\/speicher\/empsa2\/","title":{"rendered":"EMPSA2"},"content":{"rendered":"<p><span style=\"color: #003079; font-size: 18pt;\"><strong>PUFFERSPEICHER <\/strong>&#8222;AQUAWARM&#8220;<\/span><!--more--><\/p>\n<p><span style=\"color: #ff0000; font-size: 16pt;\"><b>EMPSA2<\/b><\/span><\/p>\n<p><span style=\"color: #ff0000; font-size: 16pt;\"><b><a href=\"http:\/\/www.ebner-technology.com\/wp-content\/uploads\/2015\/09\/EMPSA2-01.png\"><img loading=\"lazy\" class=\"alignnone wp-image-472 size-medium\" src=\"http:\/\/www.ebner-technology.com\/wp-content\/uploads\/2015\/09\/EMPSA2-01-126x300.png\" alt=\"EMPSA2 01\" width=\"126\" height=\"300\" srcset=\"https:\/\/www.ebner-technology.com\/wp-content\/uploads\/2015\/09\/EMPSA2-01-126x300.png 126w, https:\/\/www.ebner-technology.com\/wp-content\/uploads\/2015\/09\/EMPSA2-01-430x1024.png 430w, https:\/\/www.ebner-technology.com\/wp-content\/uploads\/2015\/09\/EMPSA2-01-648x1544.png 648w, https:\/\/www.ebner-technology.com\/wp-content\/uploads\/2015\/09\/EMPSA2-01-81x192.png 81w, https:\/\/www.ebner-technology.com\/wp-content\/uploads\/2015\/09\/EMPSA2-01.png 1000w\" sizes=\"(max-width: 126px) 100vw, 126px\" \/><\/a><\/b><\/span><i><\/i><u><\/u><\/p>\n<p style=\"text-align: justify;\"><strong>Pufferspeicher \u201eAQUAWARM\u201c<\/strong>, Marke \u201eEBNER Technology\u201c, hergestellt aus Stahl (S 235 Jr EN10025) mit G\u00fctenachweis, geeignet als zentraler Heizenergiespeicher, Innenseite roh, an der Au\u00dfenseite mit Korrosionsschutzfarbe beschichtet. Der Speicher besitzt zwei fix eingebaute gro\u00dfdimensionierte Glattrohr-Spiralw\u00e4rmetauscher Spiralw\u00e4rmetauscher aus Stahl (S 235 Jr). Spezielle Einl\u00e4ufe an den Anschl\u00fcssen vermindern die Aufmischung des Heizwassers im Speicher. Der Speicher ist serienm\u00e4\u00dfig mit Anschl\u00fcssen f\u00fcr die Be- und Entladung, Anschl\u00fcssen f\u00fcr Thermometer und F\u00fchler, einem Anschluss zur Entl\u00fcftung und einem\u00a0 Erdungsanschluss (zum Potenzialausgleich) ausgestattet.<\/p>\n<p style=\"text-align: justify;\">\n<p style=\"text-align: justify;\">W\u00e4rmed\u00e4mmung: Vormontierte Weichschaumd\u00e4mmung zu 130 mm in Polyestervlies, Brandschutzklasse B2 (DIN 4102) (thermische Leitf\u00e4higkeit = 0,040 W\/mK, Dichte = 19 kg\/m\u00b3), kaschiert mit einer Kunstlederummantelung auf Baumwollgewebe in Farbe Rot (RAL 3000) und einem hei\u00dfgepressten PS-Deckel in Farbe schwarz (RAL 9017), an der Oberseite. Die D\u00e4mmung ist \u00fcber einen Rei\u00dfverschluss leicht abnehmbar.<\/p>\n<p>Sonderspeicher: auf Anfrage &#8211; Garantie: 5 Jahre<\/p>\n<div class='w3eden'><!-- WPDM Link Template: Default Template -->\n\n\n<div class=\"link-template-default card mb-2\">\n    <div class=\"card-body\">\n        <div class=\"media stack-xs\">\n            <div class=\"media-body\">\n                <div class=\"media\">\n                    <div class=\"mr-3 img-48\"><img class=\"wpdm_icon\" alt=\"Icon\" src=\"https:\/\/www.ebner-technology.com\/wp-content\/plugins\/download-manager\/assets\/file-type-icons\/pdf.svg\" onError='this.src=\"https:\/\/www.ebner-technology.com\/wp-content\/plugins\/download-manager\/assets\/file-type-icons\/unknown.svg\";' \/><\/div>\n                    <div class=\"media-body\">\n                        <h3 class=\"package-title\"><a href='https:\/\/www.ebner-technology.com\/de\/download\/datenblatt-empsa2-aquawarm\/'>Datenblatt EMPSA2 \"AQUAWARM\"<\/a><\/h3>\n                        <div class=\"text-muted text-small\"><i class=\"fas fa-copy\"><\/i> 1 file(s) <i class=\"fas fa-hdd ml-3\"><\/i> 284.28 KB<\/div>\n                    <\/div>\n                <\/div>\n            <\/div>\n            <div class=\"ml-3 wpdmdl-btn\">\n                <a class='wpdm-download-link btn btn-primary ' rel='nofollow' href='#' onclick=\"location.href='https:\/\/www.ebner-technology.com\/de\/download\/datenblatt-empsa2-aquawarm\/?wpdmdl=2396&refresh=69f3190550f611777539333';return false;\">Download<\/a>\n            <\/div>\n        <\/div>\n    <\/div>\n<\/div>\n\n\n<\/div>\n<p>Datenblatt EMPSA2 \"AQUAWARM\"<\/a><\/h3>\n                        <div class=\"text-muted text-small\"><i class=\"fas fa-copy\"><\/i> 1 file(s) <i class=\"fas fa-hdd ml-3\"><\/i> 284.28 KB<\/div>\n                    <\/div>\n                <\/div>\n            <\/div>\n            <div class=\"ml-3 wpdmdl-btn\">\n                <a class='wpdm-download-link btn btn-primary ' rel='nofollow' href='#' onclick=\"location.href='https:\/\/www.ebner-technology.com\/de\/download\/datenblatt-empsa2-aquawarm\/?wpdmdl=2396&refresh=69f319055626d1777539333';return false;\">Download<\/a>\n            <\/div>\n        <\/div>\n    <\/div>\n<\/div>\n\n\n<\/div>\n<p><\/p>","protected":false},"excerpt":{"rendered":"<p>PUFFERSPEICHER &#8222;AQUAWARM&#8220;<\/p>\n","protected":false},"author":1,"featured_media":872,"parent":157,"menu_order":23,"comment_status":"closed","ping_status":"closed","template":"","meta":{"_mi_skip_tracking":false,"spay_email":""},"_links":{"self":[{"href":"https:\/\/www.ebner-technology.com\/de\/wp-json\/wp\/v2\/pages\/471"}],"collection":[{"href":"https:\/\/www.ebner-technology.com\/de\/wp-json\/wp\/v2\/pages"}],"about":[{"href":"https:\/\/www.ebner-technology.com\/de\/wp-json\/wp\/v2\/types\/page"}],"author":[{"embeddable":true,"href":"https:\/\/www.ebner-technology.com\/de\/wp-json\/wp\/v2\/users\/1"}],"replies":[{"embeddable":true,"href":"https:\/\/www.ebner-technology.com\/de\/wp-json\/wp\/v2\/comments?post=471"}],"version-history":[{"count":5,"href":"https:\/\/www.ebner-technology.com\/de\/wp-json\/wp\/v2\/pages\/471\/revisions"}],"predecessor-version":[{"id":2435,"href":"https:\/\/www.ebner-technology.com\/de\/wp-json\/wp\/v2\/pages\/471\/revisions\/2435"}],"up":[{"embeddable":true,"href":"https:\/\/www.ebner-technology.com\/de\/wp-json\/wp\/v2\/pages\/157"}],"wp:featuredmedia":[{"embeddable":true,"href":"https:\/\/www.ebner-technology.com\/de\/wp-json\/wp\/v2\/media\/872"}],"wp:attachment":[{"href":"https:\/\/www.ebner-technology.com\/de\/wp-json\/wp\/v2\/media?parent=471"}],"curies":[{"name":"wp","href":"https:\/\/api.w.org\/{rel}","templated":true}]}}