{"id":482,"date":"2015-09-28T16:21:36","date_gmt":"2015-09-28T14:21:36","guid":{"rendered":"http:\/\/ebner-markus.com\/?page_id=482"},"modified":"2019-03-07T16:58:30","modified_gmt":"2019-03-07T15:58:30","slug":"empsxxl","status":"publish","type":"page","link":"https:\/\/www.ebner-technology.com\/de\/products\/speicher\/empsxxl\/","title":{"rendered":"EMPSXXL"},"content":{"rendered":"<p><span style=\"color: #003079; font-size: 18pt;\"><strong>PUFFERSPEICHER EXTRA LARGE <\/strong>&#8222;AQUAWARM&#8220;<\/span><!--more--><\/p>\n<p><span style=\"color: #ff0000; font-size: 16pt;\"><b>EMPSXXL<\/b><\/span><\/p>\n<p><span style=\"color: #ff0000; font-size: 16pt;\"><b><a href=\"http:\/\/www.ebner-technology.com\/wp-content\/uploads\/2015\/09\/EMPSXL-011.png\"><img loading=\"lazy\" class=\"alignnone wp-image-480 size-medium\" src=\"http:\/\/www.ebner-technology.com\/wp-content\/uploads\/2015\/09\/EMPSXL-011-127x300.png\" alt=\"EMPSXL 01\" width=\"127\" height=\"300\" srcset=\"https:\/\/www.ebner-technology.com\/wp-content\/uploads\/2015\/09\/EMPSXL-011-127x300.png 127w, https:\/\/www.ebner-technology.com\/wp-content\/uploads\/2015\/09\/EMPSXL-011-434x1024.png 434w, https:\/\/www.ebner-technology.com\/wp-content\/uploads\/2015\/09\/EMPSXL-011-648x1531.png 648w, https:\/\/www.ebner-technology.com\/wp-content\/uploads\/2015\/09\/EMPSXL-011-81x192.png 81w, https:\/\/www.ebner-technology.com\/wp-content\/uploads\/2015\/09\/EMPSXL-011.png 1000w\" sizes=\"(max-width: 127px) 100vw, 127px\" \/><\/a><\/b><\/span><b><\/b><i><\/i><u><\/u><\/p>\n<p style=\"text-align: justify;\"><strong>Pufferspeicher<\/strong> \u201eAQUAWARM\u201c, Marke \u201eEBNER Technology\u201c, hergestellt aus Stahl (S 235 Jr EN10025) mit G\u00fctenachweis, geeignet als gro\u00dfer zentraler Heizenergiespeicher, Innenseite roh, an der Au\u00dfenseite mit Korrosionsschutzfarbe beschichtet. Spezielle Einl\u00e4ufe an den Anschl\u00fcssen vermindern die Aufmischung des Heizwassers im Speicher. Der Speicher ist serienm\u00e4\u00dfig mit Anschl\u00fcssen f\u00fcr die Be- und Entladung, Anschl\u00fcssen f\u00fcr Thermometer und F\u00fchler, einem Anschluss zur Entl\u00fcftung und einem\u00a0 Erdungsanschluss (zum Potenzialausgleich) ausgestattet.<\/p>\n<p style=\"text-align: justify;\">\n<p style=\"text-align: justify;\"><strong>W\u00e4rmed\u00e4mmung: <\/strong>Vormontierte Weichschaumd\u00e4mmung zu 100 mm in Polyurethan, Brandschutzklasse B2 (DIN 4102) (thermische Leitf\u00e4higkeit = 0,043 W\/mK, Dichte = 16 kg\/m\u00b3), kaschiert mit einer Kunstlederummantelung auf Baumwollgewebe in Farbe Rot RAL (3000) und einem hei\u00dfgepressten PS-Deckel in Farbe schwarz (RAL 9017), an der Oberseite. Die D\u00e4mmung ist \u00fcber einen Rei\u00dfverschluss leicht abnehmbar.<\/p>\n<p>Sonderspeicher: auf Anfrage &#8211; Garantie: 2 Jahre<\/p>\n<div class='w3eden'><!-- WPDM Link Template: Default Template -->\n\n\n<div class=\"link-template-default card mb-2\">\n    <div class=\"card-body\">\n        <div class=\"media stack-xs\">\n            <div class=\"media-body\">\n                <div class=\"media\">\n                    <div class=\"mr-3 img-48\"><img class=\"wpdm_icon\" alt=\"Icon\" src=\"https:\/\/www.ebner-technology.com\/wp-content\/plugins\/download-manager\/assets\/file-type-icons\/pdf.svg\" onError='this.src=\"https:\/\/www.ebner-technology.com\/wp-content\/plugins\/download-manager\/assets\/file-type-icons\/unknown.svg\";' \/><\/div>\n                    <div class=\"media-body\">\n                        <h3 class=\"package-title\"><a href='https:\/\/www.ebner-technology.com\/de\/download\/datenblatt-empsxxl-aquawarm\/'>Datenblatt EMPSXXL \"AQUAWARM\"<\/a><\/h3>\n                        <div class=\"text-muted text-small\"><i class=\"fas fa-copy\"><\/i> 1 file(s) <i class=\"fas fa-hdd ml-3\"><\/i> 539.74 KB<\/div>\n                    <\/div>\n                <\/div>\n            <\/div>\n            <div class=\"ml-3 wpdmdl-btn\">\n                <a class='wpdm-download-link btn btn-primary ' rel='nofollow' href='#' onclick=\"location.href='https:\/\/www.ebner-technology.com\/de\/download\/datenblatt-empsxxl-aquawarm\/?wpdmdl=2398&refresh=69e1f0e26dda41776414946';return false;\">Download<\/a>\n            <\/div>\n        <\/div>\n    <\/div>\n<\/div>\n\n\n<\/div>\n<p>Datenblatt EMPSXXL \"AQUAWARM\"<\/a><\/h3>\n                        <div class=\"text-muted text-small\"><i class=\"fas fa-copy\"><\/i> 1 file(s) <i class=\"fas fa-hdd ml-3\"><\/i> 539.74 KB<\/div>\n                    <\/div>\n                <\/div>\n            <\/div>\n            <div class=\"ml-3 wpdmdl-btn\">\n                <a class='wpdm-download-link btn btn-primary ' rel='nofollow' href='#' onclick=\"location.href='https:\/\/www.ebner-technology.com\/de\/download\/datenblatt-empsxxl-aquawarm\/?wpdmdl=2398&refresh=69e1f0e273d901776414946';return false;\">Download<\/a>\n            <\/div>\n        <\/div>\n    <\/div>\n<\/div>\n\n\n<\/div>\n<p><\/p>","protected":false},"excerpt":{"rendered":"<p>PUFFERSPEICHER EXTRA LARGE &#8222;AQUAWARM&#8220;<\/p>\n","protected":false},"author":1,"featured_media":874,"parent":157,"menu_order":25,"comment_status":"closed","ping_status":"closed","template":"","meta":{"_mi_skip_tracking":false,"spay_email":""},"_links":{"self":[{"href":"https:\/\/www.ebner-technology.com\/de\/wp-json\/wp\/v2\/pages\/482"}],"collection":[{"href":"https:\/\/www.ebner-technology.com\/de\/wp-json\/wp\/v2\/pages"}],"about":[{"href":"https:\/\/www.ebner-technology.com\/de\/wp-json\/wp\/v2\/types\/page"}],"author":[{"embeddable":true,"href":"https:\/\/www.ebner-technology.com\/de\/wp-json\/wp\/v2\/users\/1"}],"replies":[{"embeddable":true,"href":"https:\/\/www.ebner-technology.com\/de\/wp-json\/wp\/v2\/comments?post=482"}],"version-history":[{"count":4,"href":"https:\/\/www.ebner-technology.com\/de\/wp-json\/wp\/v2\/pages\/482\/revisions"}],"predecessor-version":[{"id":2437,"href":"https:\/\/www.ebner-technology.com\/de\/wp-json\/wp\/v2\/pages\/482\/revisions\/2437"}],"up":[{"embeddable":true,"href":"https:\/\/www.ebner-technology.com\/de\/wp-json\/wp\/v2\/pages\/157"}],"wp:featuredmedia":[{"embeddable":true,"href":"https:\/\/www.ebner-technology.com\/de\/wp-json\/wp\/v2\/media\/874"}],"wp:attachment":[{"href":"https:\/\/www.ebner-technology.com\/de\/wp-json\/wp\/v2\/media?parent=482"}],"curies":[{"name":"wp","href":"https:\/\/api.w.org\/{rel}","templated":true}]}}