{"id":489,"date":"2015-09-28T16:30:07","date_gmt":"2015-09-28T14:30:07","guid":{"rendered":"http:\/\/ebner-markus.com\/?page_id=489"},"modified":"2019-03-07T17:00:54","modified_gmt":"2019-03-07T16:00:54","slug":"emsfw2","status":"publish","type":"page","link":"https:\/\/www.ebner-technology.com\/de\/products\/speicher\/emsfw2\/","title":{"rendered":"EMSFW2"},"content":{"rendered":"<p><span style=\"color: #003079; font-size: 18pt;\"><strong>HYGIENE-SOLARSCHICHTSPEICHER <\/strong>&#8222;TOPLINE&#8220;<\/span><!--more--><\/p>\n<p><span style=\"color: #ff0000; font-size: 16pt;\"><b>EMSFW2<\/b><\/span><\/p>\n<p><a href=\"http:\/\/www.ebner-technology.com\/wp-content\/uploads\/2015\/09\/EMSFW2-01.png\"><img loading=\"lazy\" class=\"alignnone wp-image-490 size-medium\" src=\"http:\/\/www.ebner-technology.com\/wp-content\/uploads\/2015\/09\/EMSFW2-01-103x300.png\" alt=\"EMSFW2 01\" width=\"103\" height=\"300\" srcset=\"https:\/\/www.ebner-technology.com\/wp-content\/uploads\/2015\/09\/EMSFW2-01-103x300.png 103w, https:\/\/www.ebner-technology.com\/wp-content\/uploads\/2015\/09\/EMSFW2-01-351x1024.png 351w, https:\/\/www.ebner-technology.com\/wp-content\/uploads\/2015\/09\/EMSFW2-01-648x1893.png 648w, https:\/\/www.ebner-technology.com\/wp-content\/uploads\/2015\/09\/EMSFW2-01-66x192.png 66w, https:\/\/www.ebner-technology.com\/wp-content\/uploads\/2015\/09\/EMSFW2-01.png 1000w\" sizes=\"(max-width: 103px) 100vw, 103px\" \/><\/a><\/p>\n<p style=\"text-align: justify;\"><strong>Hygiene-Schichtsolarspeicher<\/strong> \u201eTOPLINE\u201c, Marke \u201eEBNER Technology\u201c, in stehender Ausf\u00fchrung, hergestellt in Stahl<\/p>\n<p style=\"text-align: justify;\">(S 235 Jr), geeignet als zentraler Heizenergiespeicher und Warmwasser-Sanit\u00e4raufbereiter, Innenseite roh, an der Au\u00dfenseite mit Korrosionsschutzfarbe beschichtet. Konzipiert zur zentralen, keimfreien Frischwassererw\u00e4rmung (Legionellenschutz) durch einen fest eingeschwei\u00dften Wellrohrspiralw\u00e4rmetauscher in Edelstahl AISI 316L (WNR 1.4404). Einbindung der Solaranlage mittels fest eingeschwei\u00dftem, konischem Spiralw\u00e4rmetauscher aus Kupfer. Weiters verf\u00fcgt der Speicher \u00fcber einen fix eingschweisten\u00a0 Glattrohrw\u00e4rmetauscher aus Stahl (S 235 Jr) zur Einbindung eines Heizkessels. Gezielte W\u00e4rmezufuhr \u00fcber einen speziellen Schichttrichter und Schichtleitrohr. Der Speicher ist serienm\u00e4\u00dfig mit Anschl\u00fcssen f\u00fcr die Be-\/ Entladung, Anschl\u00fcssen f\u00fcr Thermometer und F\u00fchler, einem Anschluss zur Entl\u00fcftung und einem Erdungsanschluss (zum Potenzialausgleich) ausgestattet.<\/p>\n<p style=\"text-align: justify;\">\n<p style=\"text-align: justify;\"><strong>W\u00e4rmed\u00e4mmung: <\/strong>Vormontierte Weichschaumd\u00e4mmung zu 130 mm in Polyestervlies, Brandschutzklasse B2 (DIN 4102) (thermische Leitf\u00e4higkeit = 0,040 W\/mK, Dichte = 19 kg\/m\u00b3), kaschiert mit einer Kunstlederummantelung auf Baumwollgewebe in Farbe Rot (RAL 3000) und einem hei\u00dfgepressten PS-Deckel in Farbe schwarz (RAL 9017), an der Oberseite. Die D\u00e4mmung ist \u00fcber einen Rei\u00dfverschluss leicht abnehmbar.<\/p>\n<p>Sonderspeicher: auf Anfrage &#8211; Garantie: 5 Jahre<\/p>\n<div class='w3eden'><!-- WPDM Link Template: Default Template -->\n\n\n<div class=\"link-template-default card mb-2\">\n    <div class=\"card-body\">\n        <div class=\"media stack-xs\">\n            <div class=\"media-body\">\n                <div class=\"media\">\n                    <div class=\"mr-3 img-48\"><img class=\"wpdm_icon\" alt=\"Icon\" src=\"https:\/\/www.ebner-technology.com\/wp-content\/plugins\/download-manager\/assets\/file-type-icons\/pdf.svg\" onError='this.src=\"https:\/\/www.ebner-technology.com\/wp-content\/plugins\/download-manager\/assets\/file-type-icons\/unknown.svg\";' \/><\/div>\n                    <div class=\"media-body\">\n                        <h3 class=\"package-title\"><a href='https:\/\/www.ebner-technology.com\/de\/download\/datenblatt-emsfw2-topline\/'>Datenblatt EMSFW2 \"TOPLINE\"<\/a><\/h3>\n                        <div class=\"text-muted text-small\"><i class=\"fas fa-copy\"><\/i> 1 file(s) <i class=\"fas fa-hdd ml-3\"><\/i> 721.03 KB<\/div>\n                    <\/div>\n                <\/div>\n            <\/div>\n            <div class=\"ml-3 wpdmdl-btn\">\n                <a class='wpdm-download-link btn btn-primary ' rel='nofollow' href='#' onclick=\"location.href='https:\/\/www.ebner-technology.com\/de\/download\/datenblatt-emsfw2-topline\/?wpdmdl=2400&refresh=69f2e340856841777525568';return false;\">Download<\/a>\n            <\/div>\n        <\/div>\n    <\/div>\n<\/div>\n\n\n<\/div>\n<p>Datenblatt EMSFW2 \"TOPLINE\"<\/a><\/h3>\n                        <div class=\"text-muted text-small\"><i class=\"fas fa-copy\"><\/i> 1 file(s) <i class=\"fas fa-hdd ml-3\"><\/i> 721.03 KB<\/div>\n                    <\/div>\n                <\/div>\n            <\/div>\n            <div class=\"ml-3 wpdmdl-btn\">\n                <a class='wpdm-download-link btn btn-primary ' rel='nofollow' href='#' onclick=\"location.href='https:\/\/www.ebner-technology.com\/de\/download\/datenblatt-emsfw2-topline\/?wpdmdl=2400&refresh=69f2e3408c0661777525568';return false;\">Download<\/a>\n            <\/div>\n        <\/div>\n    <\/div>\n<\/div>\n\n\n<\/div>\n<p><\/p>","protected":false},"excerpt":{"rendered":"<p>HYGIENE-SOLARSCHICHTSPEICHER &#8222;TOPLINE&#8220;<\/p>\n","protected":false},"author":1,"featured_media":876,"parent":157,"menu_order":27,"comment_status":"closed","ping_status":"closed","template":"","meta":{"_mi_skip_tracking":false,"spay_email":""},"_links":{"self":[{"href":"https:\/\/www.ebner-technology.com\/de\/wp-json\/wp\/v2\/pages\/489"}],"collection":[{"href":"https:\/\/www.ebner-technology.com\/de\/wp-json\/wp\/v2\/pages"}],"about":[{"href":"https:\/\/www.ebner-technology.com\/de\/wp-json\/wp\/v2\/types\/page"}],"author":[{"embeddable":true,"href":"https:\/\/www.ebner-technology.com\/de\/wp-json\/wp\/v2\/users\/1"}],"replies":[{"embeddable":true,"href":"https:\/\/www.ebner-technology.com\/de\/wp-json\/wp\/v2\/comments?post=489"}],"version-history":[{"count":6,"href":"https:\/\/www.ebner-technology.com\/de\/wp-json\/wp\/v2\/pages\/489\/revisions"}],"predecessor-version":[{"id":2439,"href":"https:\/\/www.ebner-technology.com\/de\/wp-json\/wp\/v2\/pages\/489\/revisions\/2439"}],"up":[{"embeddable":true,"href":"https:\/\/www.ebner-technology.com\/de\/wp-json\/wp\/v2\/pages\/157"}],"wp:featuredmedia":[{"embeddable":true,"href":"https:\/\/www.ebner-technology.com\/de\/wp-json\/wp\/v2\/media\/876"}],"wp:attachment":[{"href":"https:\/\/www.ebner-technology.com\/de\/wp-json\/wp\/v2\/media?parent=489"}],"curies":[{"name":"wp","href":"https:\/\/api.w.org\/{rel}","templated":true}]}}