{"id":508,"date":"2015-09-28T16:59:24","date_gmt":"2015-09-28T14:59:24","guid":{"rendered":"http:\/\/ebner-markus.com\/?page_id=508"},"modified":"2019-04-12T08:37:50","modified_gmt":"2019-04-12T06:37:50","slug":"emfsl0-emfsl1","status":"publish","type":"page","link":"https:\/\/www.ebner-technology.com\/de\/products\/speicher\/emfsl0-emfsl1\/","title":{"rendered":"EMFSL0 | EMFSL1"},"content":{"rendered":"<p><span style=\"color: #003079; font-size: 18pt;\"><strong>HYGIENESPEICHER <\/strong>&#8222;SMARTLINE&#8220;<\/span><!--more--><\/p>\n<p><span style=\"font-size: 16pt;\"><span style=\"color: #ff0000;\"><b>EMFSL0 | EMFSL1<\/b><\/span><\/span><\/p>\n<p><span style=\"font-size: 16pt;\"><span style=\"color: #ff0000;\"><b><img loading=\"lazy\" class=\"alignnone wp-image-2551 size-medium\" src=\"http:\/\/www.ebner-technology.com\/wp-content\/uploads\/2019\/04\/EMFSL0_1-267x300.jpg\" alt=\"\" width=\"267\" height=\"300\" srcset=\"https:\/\/www.ebner-technology.com\/wp-content\/uploads\/2019\/04\/EMFSL0_1-267x300.jpg 267w, https:\/\/www.ebner-technology.com\/wp-content\/uploads\/2019\/04\/EMFSL0_1-911x1024.jpg 911w, https:\/\/www.ebner-technology.com\/wp-content\/uploads\/2019\/04\/EMFSL0_1-648x728.jpg 648w, https:\/\/www.ebner-technology.com\/wp-content\/uploads\/2019\/04\/EMFSL0_1-171x192.jpg 171w, https:\/\/www.ebner-technology.com\/wp-content\/uploads\/2019\/04\/EMFSL0_1.jpg 1600w\" sizes=\"(max-width: 267px) 100vw, 267px\" \/><\/b><\/span><\/span><i><\/i><u><\/u><\/p>\n<p style=\"text-align: justify;\"><strong>Hygienespeicher<\/strong> \u201eSMARTLINE&#8220;, hergestellt aus Stahl (S 235 Jr) mit einem fixen Sanit\u00e4r-Wellrohrw\u00e4rmetauscher aus Edelstahl AISI 316L (WNR 1.4404) (V4A) mit G\u00fctenachweis, geeignet als zentraler Heizenergiespeicher und Warmwasser-Sanit\u00e4raufbereiter, Innenseite roh, an der Au\u00dfenseite mit Korrosionsschutzfarbe beschichtet. Spezielle Einl\u00e4ufe an den Anschl\u00fcssen vermindern die Aufmischung des Heizwassers im Speicher. Der Speicher ist serienm\u00e4\u00dfig mit Anschl\u00fcssen f\u00fcr die Be-\/ Entladung, Anschl\u00fcssen f\u00fcr Thermometer und F\u00fchler, einem Anschluss zur Entl\u00fcftung und einem Erdungsanschluss (zum Potenzialausgleich) ausgestattet. Weiters besitzt der Speichertyp EMFSL1 einen fix eingebauten gro\u00dfdimensionierten Glattrohr-Spiralw\u00e4rmetauscher aus Stahl (S 235 Jr).<\/p>\n<p style=\"text-align: justify;\">\n<p style=\"text-align: justify;\">W\u00e4rmed\u00e4mmung: Vormontierte Hartschaumd\u00e4mmung zu 50 mm in Polyurethan (thermische Leitf\u00e4higkeit = 0,023 W\/mK, Dichte = 42 kg\/m\u00b3), kaschiert mit einer Kunstlederummantelung, Farbe Rot (RAL 3000).<\/p>\n<p>Sonderspeicher: auf Anfrage &#8211; Garantie: 5 Jahre<\/p>\n<div class='w3eden'><!-- WPDM Link Template: Default Template -->\n\n\n<div class=\"link-template-default card mb-2\">\n    <div class=\"card-body\">\n        <div class=\"media stack-xs\">\n            <div class=\"media-body\">\n                <div class=\"media\">\n                    <div class=\"mr-3 img-48\"><img class=\"wpdm_icon\" alt=\"Icon\" src=\"https:\/\/www.ebner-technology.com\/wp-content\/plugins\/download-manager\/assets\/file-type-icons\/pdf.svg\" onError='this.src=\"https:\/\/www.ebner-technology.com\/wp-content\/plugins\/download-manager\/assets\/file-type-icons\/unknown.svg\";' \/><\/div>\n                    <div class=\"media-body\">\n                        <h3 class=\"package-title\"><a href='https:\/\/www.ebner-technology.com\/de\/download\/datenblatt-emfsl0-emfsl1-smartline\/'>Datenblatt EMFSL0 | EMFSL1 \"SMARTLINE\"<\/a><\/h3>\n                        <div class=\"text-muted text-small\"><i class=\"fas fa-copy\"><\/i> 1 file(s) <i class=\"fas fa-hdd ml-3\"><\/i> 637.54 KB<\/div>\n                    <\/div>\n                <\/div>\n            <\/div>\n            <div class=\"ml-3 wpdmdl-btn\">\n                <a class='wpdm-download-link btn btn-primary ' rel='nofollow' href='#' onclick=\"location.href='https:\/\/www.ebner-technology.com\/de\/download\/datenblatt-emfsl0-emfsl1-smartline\/?wpdmdl=2404&refresh=69f2e5e0ea8971777526240';return false;\">Download<\/a>\n            <\/div>\n        <\/div>\n    <\/div>\n<\/div>\n\n\n<\/div>\n<p>Datenblatt EMFSL0 | EMFSL1 \"SMARTLINE\"<\/a><\/h3>\n                        <div class=\"text-muted text-small\"><i class=\"fas fa-copy\"><\/i> 1 file(s) <i class=\"fas fa-hdd ml-3\"><\/i> 637.54 KB<\/div>\n                    <\/div>\n                <\/div>\n            <\/div>\n            <div class=\"ml-3 wpdmdl-btn\">\n                <a class='wpdm-download-link btn btn-primary ' rel='nofollow' href='#' onclick=\"location.href='https:\/\/www.ebner-technology.com\/de\/download\/datenblatt-emfsl0-emfsl1-smartline\/?wpdmdl=2404&refresh=69f2e5e0ee9df1777526240';return false;\">Download<\/a>\n            <\/div>\n        <\/div>\n    <\/div>\n<\/div>\n\n\n<\/div>\n<p><\/p>","protected":false},"excerpt":{"rendered":"<p>HYGIENESPEICHER &#8222;SMARTLINE&#8220;<\/p>\n","protected":false},"author":1,"featured_media":2553,"parent":157,"menu_order":31,"comment_status":"closed","ping_status":"closed","template":"","meta":{"_mi_skip_tracking":false,"spay_email":""},"_links":{"self":[{"href":"https:\/\/www.ebner-technology.com\/de\/wp-json\/wp\/v2\/pages\/508"}],"collection":[{"href":"https:\/\/www.ebner-technology.com\/de\/wp-json\/wp\/v2\/pages"}],"about":[{"href":"https:\/\/www.ebner-technology.com\/de\/wp-json\/wp\/v2\/types\/page"}],"author":[{"embeddable":true,"href":"https:\/\/www.ebner-technology.com\/de\/wp-json\/wp\/v2\/users\/1"}],"replies":[{"embeddable":true,"href":"https:\/\/www.ebner-technology.com\/de\/wp-json\/wp\/v2\/comments?post=508"}],"version-history":[{"count":6,"href":"https:\/\/www.ebner-technology.com\/de\/wp-json\/wp\/v2\/pages\/508\/revisions"}],"predecessor-version":[{"id":2555,"href":"https:\/\/www.ebner-technology.com\/de\/wp-json\/wp\/v2\/pages\/508\/revisions\/2555"}],"up":[{"embeddable":true,"href":"https:\/\/www.ebner-technology.com\/de\/wp-json\/wp\/v2\/pages\/157"}],"wp:featuredmedia":[{"embeddable":true,"href":"https:\/\/www.ebner-technology.com\/de\/wp-json\/wp\/v2\/media\/2553"}],"wp:attachment":[{"href":"https:\/\/www.ebner-technology.com\/de\/wp-json\/wp\/v2\/media?parent=508"}],"curies":[{"name":"wp","href":"https:\/\/api.w.org\/{rel}","templated":true}]}}