{"id":535,"date":"2015-09-28T17:30:41","date_gmt":"2015-09-28T15:30:41","guid":{"rendered":"http:\/\/ebner-markus.com\/?page_id=535"},"modified":"2019-04-01T11:53:22","modified_gmt":"2019-04-01T09:53:22","slug":"empfs1","status":"publish","type":"page","link":"https:\/\/www.ebner-technology.com\/de\/products\/speicher\/empfs1\/","title":{"rendered":"EMPFS1"},"content":{"rendered":"<p><strong><span style=\"color: #003079; font-size: 18pt;\">PUFFERSPEICHER MIT VORMONTIERTER FRISCHWASSERSTATION <\/span><\/strong><span style=\"color: #003079; font-size: 18pt;\">&#8222;AQUAFRESH&#8220;<\/span><!--more--><\/p>\n<p><span style=\"color: #ff0000; font-size: 16pt;\"><b>EMPFS1<\/b><\/span><\/p>\n<p><span style=\"color: #ff0000; font-size: 16pt;\"><b><img loading=\"lazy\" class=\"alignnone wp-image-2445 size-medium\" src=\"http:\/\/www.ebner-technology.com\/wp-content\/uploads\/2019\/03\/EMPFS15-182x300.jpg\" alt=\"\" width=\"182\" height=\"300\" srcset=\"https:\/\/www.ebner-technology.com\/wp-content\/uploads\/2019\/03\/EMPFS15-182x300.jpg 182w, https:\/\/www.ebner-technology.com\/wp-content\/uploads\/2019\/03\/EMPFS15-623x1024.jpg 623w, https:\/\/www.ebner-technology.com\/wp-content\/uploads\/2019\/03\/EMPFS15-648x1065.jpg 648w, https:\/\/www.ebner-technology.com\/wp-content\/uploads\/2019\/03\/EMPFS15-117x192.jpg 117w, https:\/\/www.ebner-technology.com\/wp-content\/uploads\/2019\/03\/EMPFS15.jpg 1293w\" sizes=\"(max-width: 182px) 100vw, 182px\" \/><\/b><\/span><b><\/b><i><\/i><u><\/u><\/p>\n<p style=\"text-align: justify;\"><strong>Pufferspeicher<\/strong> <strong>mit vormontierter Frischwasserstation<\/strong> \u201eAQUAFRESH\u201c, Speicher hergestellt aus Stahl (S 235 Jr EN10025) mit G\u00fctenachweis, geeignet als zentraler Heizenergiespeicher, Innenseite roh, an der Au\u00dfenseite mit Korrosionsschutzfarbe beschichtet. Der Speicher besitzt einen fix eingebauten gro\u00dfdimensionierten Glattrohr-Spiralw\u00e4rmetauscher aus Stahl (S 235 Jr). Spezielle Einl\u00e4ufe an den Anschl\u00fcssen vermindern die Aufmischung des Heizwassers im Speicher. Der Speicher ist serienm\u00e4\u00dfig mit Anschl\u00fcssen f\u00fcr die Be- und Entladung, Anschl\u00fcssen f\u00fcr Thermometer und F\u00fchler, einem Anschluss zur Entl\u00fcftung und einem Erdungsanschluss (zum Potenzialausgleich) ausgestattet. Durch die am Pufferspeicher vormontierte, verrohrte und verkabelte, kompakte <strong>Frischwasserstation <\/strong>\u201eFRESH WATER SYSTEM\u201c, ist mit der Installation des Pufferspeichers auch bereits einfach, schnell und platzsparend f\u00fcr die Brauchwarmwasserabdeckung gesorgt.<\/p>\n<p style=\"text-align: justify;\">\n<p style=\"text-align: justify;\"><strong>W\u00e4rmed\u00e4mmung: <\/strong>Vormontierte Weichschaumd\u00e4mmung zu 130 mm in Polyestervlies, Brandschutzklasse B2 (DIN 4102) (thermische Leitf\u00e4higkeit = 0,040 W\/mK, Dichte = 19 kg\/m\u00b3), kaschiert mit einer Kunstlederummantelung auf Baumwollgewebe in Farbe Rot (RAL 3000) und einem hei\u00dfgepressten PS-Deckel in Farbe schwarz (RAL 9017), an der Oberseite. Die D\u00e4mmung ist \u00fcber einen Rei\u00dfverschluss leicht abnehmbar.<\/p>\n<p>Sonderspeicher: auf Anfrage &#8211; Garantie: 5 Jahre (Speicher), 2 Jahre (Hydraulik), 1 Jahr (Elektrik).<\/p>\n<div class='w3eden'><!-- WPDM Link Template: Default Template -->\n\n\n<div class=\"link-template-default card mb-2\">\n    <div class=\"card-body\">\n        <div class=\"media stack-xs\">\n            <div class=\"media-body\">\n                <div class=\"media\">\n                    <div class=\"mr-3 img-48\"><img class=\"wpdm_icon\" alt=\"Icon\" src=\"https:\/\/www.ebner-technology.com\/wp-content\/plugins\/download-manager\/assets\/file-type-icons\/pdf.svg\" onError='this.src=\"https:\/\/www.ebner-technology.com\/wp-content\/plugins\/download-manager\/assets\/file-type-icons\/unknown.svg\";' \/><\/div>\n                    <div class=\"media-body\">\n                        <h3 class=\"package-title\"><a href='https:\/\/www.ebner-technology.com\/de\/download\/datenblatt-empfs1-aquafresh\/'>Datenblatt EMPFS1 \"AQUAFRESH\"<\/a><\/h3>\n                        <div class=\"text-muted text-small\"><i class=\"fas fa-copy\"><\/i> 1 file(s) <i class=\"fas fa-hdd ml-3\"><\/i> 718.97 KB<\/div>\n                    <\/div>\n                <\/div>\n            <\/div>\n            <div class=\"ml-3 wpdmdl-btn\">\n                <a class='wpdm-download-link btn btn-primary ' rel='nofollow' href='#' onclick=\"location.href='https:\/\/www.ebner-technology.com\/de\/download\/datenblatt-empfs1-aquafresh\/?wpdmdl=2409&refresh=69f293a7ad0e01777505191';return false;\">Download<\/a>\n            <\/div>\n        <\/div>\n    <\/div>\n<\/div>\n\n\n<\/div>\n<p>Datenblatt EMPFS1 \"AQUAFRESH\"<\/a><\/h3>\n                        <div class=\"text-muted text-small\"><i class=\"fas fa-copy\"><\/i> 1 file(s) <i class=\"fas fa-hdd ml-3\"><\/i> 718.97 KB<\/div>\n                    <\/div>\n                <\/div>\n            <\/div>\n            <div class=\"ml-3 wpdmdl-btn\">\n                <a class='wpdm-download-link btn btn-primary ' rel='nofollow' href='#' onclick=\"location.href='https:\/\/www.ebner-technology.com\/de\/download\/datenblatt-empfs1-aquafresh\/?wpdmdl=2409&refresh=69f293a7b404b1777505191';return false;\">Download<\/a>\n            <\/div>\n        <\/div>\n    <\/div>\n<\/div>\n\n\n<\/div>\n<p><\/p>","protected":false},"excerpt":{"rendered":"<p>PUFFERSPEICHER MIT VORMONTIERTER FRISCHWASSERSTATION &#8222;AQUAFRESH&#8220;<\/p>\n","protected":false},"author":1,"featured_media":2446,"parent":157,"menu_order":37,"comment_status":"closed","ping_status":"closed","template":"","meta":{"_mi_skip_tracking":false,"spay_email":""},"_links":{"self":[{"href":"https:\/\/www.ebner-technology.com\/de\/wp-json\/wp\/v2\/pages\/535"}],"collection":[{"href":"https:\/\/www.ebner-technology.com\/de\/wp-json\/wp\/v2\/pages"}],"about":[{"href":"https:\/\/www.ebner-technology.com\/de\/wp-json\/wp\/v2\/types\/page"}],"author":[{"embeddable":true,"href":"https:\/\/www.ebner-technology.com\/de\/wp-json\/wp\/v2\/users\/1"}],"replies":[{"embeddable":true,"href":"https:\/\/www.ebner-technology.com\/de\/wp-json\/wp\/v2\/comments?post=535"}],"version-history":[{"count":7,"href":"https:\/\/www.ebner-technology.com\/de\/wp-json\/wp\/v2\/pages\/535\/revisions"}],"predecessor-version":[{"id":2472,"href":"https:\/\/www.ebner-technology.com\/de\/wp-json\/wp\/v2\/pages\/535\/revisions\/2472"}],"up":[{"embeddable":true,"href":"https:\/\/www.ebner-technology.com\/de\/wp-json\/wp\/v2\/pages\/157"}],"wp:featuredmedia":[{"embeddable":true,"href":"https:\/\/www.ebner-technology.com\/de\/wp-json\/wp\/v2\/media\/2446"}],"wp:attachment":[{"href":"https:\/\/www.ebner-technology.com\/de\/wp-json\/wp\/v2\/media?parent=535"}],"curies":[{"name":"wp","href":"https:\/\/api.w.org\/{rel}","templated":true}]}}