{"id":552,"date":"2015-09-28T17:46:53","date_gmt":"2015-09-28T15:46:53","guid":{"rendered":"http:\/\/ebner-markus.com\/?page_id=552"},"modified":"2019-03-07T17:25:07","modified_gmt":"2019-03-07T16:25:07","slug":"emtit2","status":"publish","type":"page","link":"https:\/\/www.ebner-technology.com\/de\/products\/speicher\/emtit2\/","title":{"rendered":"EMTIT2"},"content":{"rendered":"<p><span style=\"color: #003079; font-size: 18pt;\"><strong>EMAILLIERTER KOMBISPEICHER <\/strong>&#8222;TANK IN TANK&#8220;<\/span><!--more--><\/p>\n<p><span style=\"color: #ff0000; font-size: 16pt;\"><b>EMTIT2<\/b><\/span><\/p>\n<p><span style=\"color: #ff0000; font-size: 16pt;\"><b><a href=\"http:\/\/www.ebner-technology.com\/wp-content\/uploads\/2015\/09\/EMTIT2-01.png\"><img loading=\"lazy\" class=\"alignnone wp-image-553 size-medium\" src=\"http:\/\/www.ebner-technology.com\/wp-content\/uploads\/2015\/09\/EMTIT2-01-119x300.png\" alt=\"EMTIT2 01\" width=\"119\" height=\"300\" srcset=\"https:\/\/www.ebner-technology.com\/wp-content\/uploads\/2015\/09\/EMTIT2-01-119x300.png 119w, https:\/\/www.ebner-technology.com\/wp-content\/uploads\/2015\/09\/EMTIT2-01-407x1024.png 407w, https:\/\/www.ebner-technology.com\/wp-content\/uploads\/2015\/09\/EMTIT2-01-648x1632.png 648w, https:\/\/www.ebner-technology.com\/wp-content\/uploads\/2015\/09\/EMTIT2-01-76x192.png 76w, https:\/\/www.ebner-technology.com\/wp-content\/uploads\/2015\/09\/EMTIT2-01.png 1000w\" sizes=\"(max-width: 119px) 100vw, 119px\" \/><\/a><\/b><\/span><b><\/b><i><\/i><u><\/u><\/p>\n<p style=\"text-align: justify;\"><strong>Emaillierter Kombispeicher <\/strong>\u201eTANK IN TANK&#8220;, Marke \u201eEBNER Technology\u201c, aus Stahl (S 235 Jr EN 10025), in stehender Ausf\u00fchrung, mit G\u00fctenachweis, geeignet als zentraler Speicher f\u00fcr die Warmwasser-Sanit\u00e4raufbereitung. Innen und au\u00dfen ist der Speicher behandelt und passiviert. Der Speicher ist serienm\u00e4\u00dfig mit\u00a0 Anschl\u00fcssen f\u00fcr Kalt- und Warmwasser, Warmwasser-Zirkulation, Anschl\u00fcssen f\u00fcr Thermometer und F\u00fchler, einem Erdungsanschluss (zum Potenzialausgleich) und einer Inspektionsflascheausgestattet. Weiters besitzt der Kombispeicher einen innenliegenden emaillierten Speicher aus Stahl (S 235 Jr) zur Warmwasserproduktion und zwei fix eingeschweiste Glattrohrw\u00e4rmetauscher aus Stahl (S 235 Jr).<\/p>\n<p style=\"text-align: justify;\">\n<p style=\"text-align: justify;\"><strong>W\u00e4rmed\u00e4mmung: <\/strong>Vormontierte Weichschaumd\u00e4mmung zu 13 mm in Polyestervlies, Brandschutzklasse B2 (DIN 4102) (thermische Leitf\u00e4higkeit = 0,040 W\/mK, Dichte = 19 kg\/m\u00b3), kaschiert mit einer Kunstlederummantelung auf Baumwollgewebe in Farbe Rot (RAL 3000) und einem hei\u00dfgepressten PS-Deckel in Farbe schwarz (RAL 9017), an der Oberseite. Die D\u00e4mmung ist \u00fcber einen Rei\u00dfverschluss leicht abnehmbar.<\/p>\n<p>Sonderspeicher: auf Anfrage &#8211; Garantie: 5 Jahre<\/p>\n<div class='w3eden'><!-- WPDM Link Template: Default Template -->\n\n\n<div class=\"link-template-default card mb-2\">\n    <div class=\"card-body\">\n        <div class=\"media stack-xs\">\n            <div class=\"media-body\">\n                <div class=\"media\">\n                    <div class=\"mr-3 img-48\"><img class=\"wpdm_icon\" alt=\"Icon\" src=\"https:\/\/www.ebner-technology.com\/wp-content\/plugins\/download-manager\/assets\/file-type-icons\/pdf.svg\" onError='this.src=\"https:\/\/www.ebner-technology.com\/wp-content\/plugins\/download-manager\/assets\/file-type-icons\/unknown.svg\";' \/><\/div>\n                    <div class=\"media-body\">\n                        <h3 class=\"package-title\"><a href='https:\/\/www.ebner-technology.com\/de\/download\/datenblatt-emtit2-tank-in-tank\/'>Datenblatt EMTIT2 \"TANK IN TANK\"<\/a><\/h3>\n                        <div class=\"text-muted text-small\"><i class=\"fas fa-copy\"><\/i> 1 file(s) <i class=\"fas fa-hdd ml-3\"><\/i> 632.70 KB<\/div>\n                    <\/div>\n                <\/div>\n            <\/div>\n            <div class=\"ml-3 wpdmdl-btn\">\n                <a class='wpdm-download-link btn btn-primary ' rel='nofollow' href='#' onclick=\"location.href='https:\/\/www.ebner-technology.com\/de\/download\/datenblatt-emtit2-tank-in-tank\/?wpdmdl=2408&refresh=69e15627b90d11776375335';return false;\">Download<\/a>\n            <\/div>\n        <\/div>\n    <\/div>\n<\/div>\n\n\n<\/div>\n<p>Datenblatt EMTIT2 \"TANK IN TANK\"<\/a><\/h3>\n                        <div class=\"text-muted text-small\"><i class=\"fas fa-copy\"><\/i> 1 file(s) <i class=\"fas fa-hdd ml-3\"><\/i> 632.70 KB<\/div>\n                    <\/div>\n                <\/div>\n            <\/div>\n            <div class=\"ml-3 wpdmdl-btn\">\n                <a class='wpdm-download-link btn btn-primary ' rel='nofollow' href='#' onclick=\"location.href='https:\/\/www.ebner-technology.com\/de\/download\/datenblatt-emtit2-tank-in-tank\/?wpdmdl=2408&refresh=69e15627be36e1776375335';return false;\">Download<\/a>\n            <\/div>\n        <\/div>\n    <\/div>\n<\/div>\n\n\n<\/div>\n<p><\/p>","protected":false},"excerpt":{"rendered":"<p>EMAILLIERTER KOMBISPEICHER &#8222;TANK IN TANK&#8220;<\/p>\n","protected":false},"author":1,"featured_media":890,"parent":157,"menu_order":41,"comment_status":"closed","ping_status":"closed","template":"","meta":{"_mi_skip_tracking":false,"spay_email":""},"_links":{"self":[{"href":"https:\/\/www.ebner-technology.com\/de\/wp-json\/wp\/v2\/pages\/552"}],"collection":[{"href":"https:\/\/www.ebner-technology.com\/de\/wp-json\/wp\/v2\/pages"}],"about":[{"href":"https:\/\/www.ebner-technology.com\/de\/wp-json\/wp\/v2\/types\/page"}],"author":[{"embeddable":true,"href":"https:\/\/www.ebner-technology.com\/de\/wp-json\/wp\/v2\/users\/1"}],"replies":[{"embeddable":true,"href":"https:\/\/www.ebner-technology.com\/de\/wp-json\/wp\/v2\/comments?post=552"}],"version-history":[{"count":4,"href":"https:\/\/www.ebner-technology.com\/de\/wp-json\/wp\/v2\/pages\/552\/revisions"}],"predecessor-version":[{"id":2451,"href":"https:\/\/www.ebner-technology.com\/de\/wp-json\/wp\/v2\/pages\/552\/revisions\/2451"}],"up":[{"embeddable":true,"href":"https:\/\/www.ebner-technology.com\/de\/wp-json\/wp\/v2\/pages\/157"}],"wp:featuredmedia":[{"embeddable":true,"href":"https:\/\/www.ebner-technology.com\/de\/wp-json\/wp\/v2\/media\/890"}],"wp:attachment":[{"href":"https:\/\/www.ebner-technology.com\/de\/wp-json\/wp\/v2\/media?parent=552"}],"curies":[{"name":"wp","href":"https:\/\/api.w.org\/{rel}","templated":true}]}}