{"id":560,"date":"2015-09-28T18:07:34","date_gmt":"2015-09-28T16:07:34","guid":{"rendered":"http:\/\/ebner-markus.com\/?page_id=560"},"modified":"2019-04-01T12:21:25","modified_gmt":"2019-04-01T10:21:25","slug":"emkhps","status":"publish","type":"page","link":"https:\/\/www.ebner-technology.com\/de\/products\/kaeltespeicher\/emkhps\/","title":{"rendered":"EMKHPS"},"content":{"rendered":"<p><span style=\"color: #003079; font-size: 18pt;\"><strong>HEIZ- UND K\u00dcHLPUFFERSPEICHER <\/strong>&#8222;TECHLINE&#8220;<\/span><!--more--><\/p>\n<p><span style=\"color: #3366ff; font-size: 16pt;\"><b>EMKHPS<\/b><\/span><\/p>\n<p><span style=\"color: #3366ff; font-size: 16pt;\"><a href=\"http:\/\/www.ebner-technology.com\/wp-content\/uploads\/2015\/09\/EMKHPS-03.png\"><img loading=\"lazy\" class=\"alignnone wp-image-562 size-medium\" src=\"http:\/\/www.ebner-technology.com\/wp-content\/uploads\/2015\/09\/EMKHPS-03-229x300.png\" alt=\"EMKHPS 03\" width=\"229\" height=\"300\" srcset=\"https:\/\/www.ebner-technology.com\/wp-content\/uploads\/2015\/09\/EMKHPS-03-229x300.png 229w, https:\/\/www.ebner-technology.com\/wp-content\/uploads\/2015\/09\/EMKHPS-03-782x1024.png 782w, https:\/\/www.ebner-technology.com\/wp-content\/uploads\/2015\/09\/EMKHPS-03-648x848.png 648w, https:\/\/www.ebner-technology.com\/wp-content\/uploads\/2015\/09\/EMKHPS-03-147x192.png 147w, https:\/\/www.ebner-technology.com\/wp-content\/uploads\/2015\/09\/EMKHPS-03.png 1000w\" sizes=\"(max-width: 229px) 100vw, 229px\" \/><\/a><a href=\"http:\/\/www.ebner-technology.com\/wp-content\/uploads\/2015\/09\/bild.png\"><img loading=\"lazy\" class=\"alignnone wp-image-561\" src=\"http:\/\/www.ebner-technology.com\/wp-content\/uploads\/2015\/09\/bild.png\" alt=\"bild\" width=\"80\" height=\"182\" srcset=\"https:\/\/www.ebner-technology.com\/wp-content\/uploads\/2015\/09\/bild.png 150w, https:\/\/www.ebner-technology.com\/wp-content\/uploads\/2015\/09\/bild-132x300.png 132w, https:\/\/www.ebner-technology.com\/wp-content\/uploads\/2015\/09\/bild-84x192.png 84w\" sizes=\"(max-width: 80px) 100vw, 80px\" \/><\/a><\/span><b><\/b><i><\/i><u><\/u><\/p>\n<p><strong>Heiz- und K\u00fchlpufferspeicher <\/strong>\u201eTECHLINE\u201c, hergestellt aus Stahl (S 235 Jr EN 10025) mit G\u00fctenachweis. Speicher geeignet f\u00fcr Warm- aber auch f\u00fcr Kaltwasser. Einsetzbar f\u00fcr Anlagen, welche im Winter Warmwasser (Solaranlage, Biomasse, W\u00e4rmepumpe) und im Sommer Kaltwasser (W\u00e4rmepumpe) produzieren. Innenseite roh, an der Au\u00dfenseite mit Korrosionsschutzfarbe beschichtet. Der Speicher ist serienm\u00e4\u00dfig mit Anschl\u00fcssen f\u00fcr die Be- und Entladung, Anschl\u00fcssen f\u00fcr Thermometer und F\u00fchler, einem Anschluss zur Entl\u00fcftung und einem\u00a0 Erdungsanschluss (zum Potenzialausgleich) ausgestattet.<\/p>\n<p><strong>W\u00e4rmed\u00e4mmung: <\/strong>Isolierung aus Schaum-Elastomer mit geschlossenen Zellen und kondensationsh\u00e4mmender Wirkung (10 mm), plus vormontierte Weichschaumd\u00e4mmung zu 130 mm in Polyester, Brandschutzklasse B2 (DIN 4102)\u00a0(thermische Leitf\u00e4higkeit = 0,040 W\/mK, Dichte = 19 kg\/m\u00b3), kaschiert mit einer Kunstlederummantelung auf Baumwollgewebe in Farbe blau (RAL 5000) und einem hei\u00dfgepressten PS-Deckel in Farbe schwarz (RAL 9017), an der Oberseite. Die D\u00e4mmung ist \u00fcber einen Rei\u00dfverschluss leicht abnehmbar.<\/p>\n<p>Sondergr\u00f6\u00dfe: auf Anfrage &#8211; Garantie: 5 Jahre<\/p>\n<div class='w3eden'><!-- WPDM Link Template: Default Template -->\n\n\n<div class=\"link-template-default card mb-2\">\n    <div class=\"card-body\">\n        <div class=\"media stack-xs\">\n            <div class=\"media-body\">\n                <div class=\"media\">\n                    <div class=\"mr-3 img-48\"><img class=\"wpdm_icon\" alt=\"Icon\" src=\"https:\/\/www.ebner-technology.com\/wp-content\/plugins\/download-manager\/assets\/file-type-icons\/pdf.svg\" onError='this.src=\"https:\/\/www.ebner-technology.com\/wp-content\/plugins\/download-manager\/assets\/file-type-icons\/unknown.svg\";' \/><\/div>\n                    <div class=\"media-body\">\n                        <h3 class=\"package-title\"><a href='https:\/\/www.ebner-technology.com\/de\/download\/datenblatt-emkhps-techline\/'>Datenblatt EMKHPS \"TECHLINE\"<\/a><\/h3>\n                        <div class=\"text-muted text-small\"><i class=\"fas fa-copy\"><\/i> 1 file(s) <i class=\"fas fa-hdd ml-3\"><\/i> 214.62 KB<\/div>\n                    <\/div>\n                <\/div>\n            <\/div>\n            <div class=\"ml-3 wpdmdl-btn\">\n                <a class='wpdm-download-link btn btn-primary ' rel='nofollow' href='#' onclick=\"location.href='https:\/\/www.ebner-technology.com\/de\/download\/datenblatt-emkhps-techline\/?wpdmdl=2473&refresh=69e01029859dd1776291881';return false;\">Download<\/a>\n            <\/div>\n        <\/div>\n    <\/div>\n<\/div>\n\n\n<\/div>\n<p>Datenblatt EMKHPS \"TECHLINE\"<\/a><\/h3>\n                        <div class=\"text-muted text-small\"><i class=\"fas fa-copy\"><\/i> 1 file(s) <i class=\"fas fa-hdd ml-3\"><\/i> 214.62 KB<\/div>\n                    <\/div>\n                <\/div>\n            <\/div>\n            <div class=\"ml-3 wpdmdl-btn\">\n                <a class='wpdm-download-link btn btn-primary ' rel='nofollow' href='#' onclick=\"location.href='https:\/\/www.ebner-technology.com\/de\/download\/datenblatt-emkhps-techline\/?wpdmdl=2473&refresh=69e010298a7991776291881';return false;\">Download<\/a>\n            <\/div>\n        <\/div>\n    <\/div>\n<\/div>\n\n\n<\/div>\n<p><\/p>","protected":false},"excerpt":{"rendered":"<p>HEIZ- UND K\u00dcHLPUFFERSPEICHER &#8222;TECHLINE&#8220;<\/p>\n","protected":false},"author":1,"featured_media":891,"parent":159,"menu_order":1,"comment_status":"closed","ping_status":"closed","template":"","meta":{"_mi_skip_tracking":false,"spay_email":""},"_links":{"self":[{"href":"https:\/\/www.ebner-technology.com\/de\/wp-json\/wp\/v2\/pages\/560"}],"collection":[{"href":"https:\/\/www.ebner-technology.com\/de\/wp-json\/wp\/v2\/pages"}],"about":[{"href":"https:\/\/www.ebner-technology.com\/de\/wp-json\/wp\/v2\/types\/page"}],"author":[{"embeddable":true,"href":"https:\/\/www.ebner-technology.com\/de\/wp-json\/wp\/v2\/users\/1"}],"replies":[{"embeddable":true,"href":"https:\/\/www.ebner-technology.com\/de\/wp-json\/wp\/v2\/comments?post=560"}],"version-history":[{"count":7,"href":"https:\/\/www.ebner-technology.com\/de\/wp-json\/wp\/v2\/pages\/560\/revisions"}],"predecessor-version":[{"id":2475,"href":"https:\/\/www.ebner-technology.com\/de\/wp-json\/wp\/v2\/pages\/560\/revisions\/2475"}],"up":[{"embeddable":true,"href":"https:\/\/www.ebner-technology.com\/de\/wp-json\/wp\/v2\/pages\/159"}],"wp:featuredmedia":[{"embeddable":true,"href":"https:\/\/www.ebner-technology.com\/de\/wp-json\/wp\/v2\/media\/891"}],"wp:attachment":[{"href":"https:\/\/www.ebner-technology.com\/de\/wp-json\/wp\/v2\/media?parent=560"}],"curies":[{"name":"wp","href":"https:\/\/api.w.org\/{rel}","templated":true}]}}