{"id":579,"date":"2015-09-28T18:30:24","date_gmt":"2015-09-28T16:30:24","guid":{"rendered":"http:\/\/ebner-markus.com\/?page_id=579"},"modified":"2019-04-01T18:40:36","modified_gmt":"2019-04-01T16:40:36","slug":"emkse","status":"publish","type":"page","link":"https:\/\/www.ebner-technology.com\/de\/products\/kaeltespeicher\/emkse\/","title":{"rendered":"EMKSE"},"content":{"rendered":"<p><span style=\"color: #003079; font-size: 18pt;\"><strong>EDELSTAHL-KALTWASSERSPEICHER <\/strong>&#8222;ICELINE&#8220;<\/span><!--more--><\/p>\n<p><span style=\"color: #3366ff; font-size: 16pt;\"><b>EMKSE<\/b><\/span><\/p>\n<p><span style=\"color: #3366ff; font-size: 16pt;\"><a href=\"http:\/\/www.ebner-technology.com\/wp-content\/uploads\/2015\/09\/EMKSZ-03.png\"><img loading=\"lazy\" class=\"alignnone wp-image-570 size-medium\" src=\"http:\/\/www.ebner-technology.com\/wp-content\/uploads\/2015\/09\/EMKSZ-03-241x300.png\" alt=\"EMKSZ 03\" width=\"241\" height=\"300\" srcset=\"https:\/\/www.ebner-technology.com\/wp-content\/uploads\/2015\/09\/EMKSZ-03-241x300.png 241w, https:\/\/www.ebner-technology.com\/wp-content\/uploads\/2015\/09\/EMKSZ-03-824x1024.png 824w, https:\/\/www.ebner-technology.com\/wp-content\/uploads\/2015\/09\/EMKSZ-03-648x805.png 648w, https:\/\/www.ebner-technology.com\/wp-content\/uploads\/2015\/09\/EMKSZ-03-154x192.png 154w, https:\/\/www.ebner-technology.com\/wp-content\/uploads\/2015\/09\/EMKSZ-03.png 1000w\" sizes=\"(max-width: 241px) 100vw, 241px\" \/><\/a><a href=\"http:\/\/www.ebner-technology.com\/wp-content\/uploads\/2015\/09\/bild.png\"><img loading=\"lazy\" class=\"alignnone wp-image-561\" src=\"http:\/\/www.ebner-technology.com\/wp-content\/uploads\/2015\/09\/bild.png\" alt=\"bild\" width=\"80\" height=\"182\" srcset=\"https:\/\/www.ebner-technology.com\/wp-content\/uploads\/2015\/09\/bild.png 150w, https:\/\/www.ebner-technology.com\/wp-content\/uploads\/2015\/09\/bild-132x300.png 132w, https:\/\/www.ebner-technology.com\/wp-content\/uploads\/2015\/09\/bild-84x192.png 84w\" sizes=\"(max-width: 80px) 100vw, 80px\" \/><\/a><\/span><b><\/b><i><\/i><u><\/u><\/p>\n<p><strong>Kaltwasserspeicher <\/strong>\u201eICELINE\u201c, hergestellt aus Edelstahl AISI 316L (WNR 1.4404) (V4A) mit G\u00fctenachweis. Innen und au\u00dfen ist der Speicher behandelt und passiviert. Kaltwasserspeicher mit Systemen zur Str\u00f6mungslenkung, die f\u00fcr die Installation in Klima- und K\u00fchlanlagen zur Erh\u00f6hung der thermischen Tr\u00e4gheit entwickelt wurden. Der Speicher ist serienm\u00e4\u00dfig mit Anschl\u00fcssen f\u00fcr die Be- und Entladung, Anschl\u00fcssen f\u00fcr Thermometer und F\u00fchler, einem Anschluss zur Entl\u00fcftung und einem\u00a0 Erdungsanschluss (zum Potenzialausgleich) ausgestattet.<\/p>\n<p><strong>W\u00e4rmed\u00e4mmung: <\/strong>Isolierung aus Schaum-Elastomer mit geschlossenen Zellen und kondensationsh\u00e4mmender Wirkung (20 mm), kaschiert mit einer Kunstlederummantelung auf Baumwollgewebe in Farbe blau (RAL 5000).<\/p>\n<p>Sondergr\u00f6\u00dfe: auf Anfrage &#8211; Garantie: 3 Jahre<\/p>\n<div class='w3eden'><!-- WPDM Link Template: Default Template -->\n\n\n<div class=\"link-template-default card mb-2\">\n    <div class=\"card-body\">\n        <div class=\"media stack-xs\">\n            <div class=\"media-body\">\n                <div class=\"media\">\n                    <div class=\"mr-3 img-48\"><img class=\"wpdm_icon\" alt=\"Icon\" src=\"https:\/\/www.ebner-technology.com\/wp-content\/plugins\/download-manager\/assets\/file-type-icons\/pdf.svg\" onError='this.src=\"https:\/\/www.ebner-technology.com\/wp-content\/plugins\/download-manager\/assets\/file-type-icons\/unknown.svg\";' \/><\/div>\n                    <div class=\"media-body\">\n                        <h3 class=\"package-title\"><a href='https:\/\/www.ebner-technology.com\/de\/download\/datenblatt-emkse-iceline\/'>Datenblatt EMKSE \"ICELINE\"<\/a><\/h3>\n                        <div class=\"text-muted text-small\"><i class=\"fas fa-copy\"><\/i> 1 file(s) <i class=\"fas fa-hdd ml-3\"><\/i> 414.76 KB<\/div>\n                    <\/div>\n                <\/div>\n            <\/div>\n            <div class=\"ml-3 wpdmdl-btn\">\n                <a class='wpdm-download-link btn btn-primary ' rel='nofollow' href='#' onclick=\"location.href='https:\/\/www.ebner-technology.com\/de\/download\/datenblatt-emkse-iceline\/?wpdmdl=2477&refresh=69e00ea6b469c1776291494';return false;\">Download<\/a>\n            <\/div>\n        <\/div>\n    <\/div>\n<\/div>\n\n\n<\/div>\n<p>Datenblatt EMKSE \"ICELINE\"<\/a><\/h3>\n                        <div class=\"text-muted text-small\"><i class=\"fas fa-copy\"><\/i> 1 file(s) <i class=\"fas fa-hdd ml-3\"><\/i> 414.76 KB<\/div>\n                    <\/div>\n                <\/div>\n            <\/div>\n            <div class=\"ml-3 wpdmdl-btn\">\n                <a class='wpdm-download-link btn btn-primary ' rel='nofollow' href='#' onclick=\"location.href='https:\/\/www.ebner-technology.com\/de\/download\/datenblatt-emkse-iceline\/?wpdmdl=2477&refresh=69e00ea6b8f691776291494';return false;\">Download<\/a>\n            <\/div>\n        <\/div>\n    <\/div>\n<\/div>\n\n\n<\/div>\n<p><\/p>","protected":false},"excerpt":{"rendered":"<p>EDELSTAHL-KALTWASSERSPEICHER &#8222;ICELINE&#8220;<\/p>\n","protected":false},"author":1,"featured_media":894,"parent":159,"menu_order":4,"comment_status":"closed","ping_status":"closed","template":"","meta":{"_mi_skip_tracking":false,"spay_email":""},"_links":{"self":[{"href":"https:\/\/www.ebner-technology.com\/de\/wp-json\/wp\/v2\/pages\/579"}],"collection":[{"href":"https:\/\/www.ebner-technology.com\/de\/wp-json\/wp\/v2\/pages"}],"about":[{"href":"https:\/\/www.ebner-technology.com\/de\/wp-json\/wp\/v2\/types\/page"}],"author":[{"embeddable":true,"href":"https:\/\/www.ebner-technology.com\/de\/wp-json\/wp\/v2\/users\/1"}],"replies":[{"embeddable":true,"href":"https:\/\/www.ebner-technology.com\/de\/wp-json\/wp\/v2\/comments?post=579"}],"version-history":[{"count":4,"href":"https:\/\/www.ebner-technology.com\/de\/wp-json\/wp\/v2\/pages\/579\/revisions"}],"predecessor-version":[{"id":2479,"href":"https:\/\/www.ebner-technology.com\/de\/wp-json\/wp\/v2\/pages\/579\/revisions\/2479"}],"up":[{"embeddable":true,"href":"https:\/\/www.ebner-technology.com\/de\/wp-json\/wp\/v2\/pages\/159"}],"wp:featuredmedia":[{"embeddable":true,"href":"https:\/\/www.ebner-technology.com\/de\/wp-json\/wp\/v2\/media\/894"}],"wp:attachment":[{"href":"https:\/\/www.ebner-technology.com\/de\/wp-json\/wp\/v2\/media?parent=579"}],"curies":[{"name":"wp","href":"https:\/\/api.w.org\/{rel}","templated":true}]}}