{"id":584,"date":"2015-09-29T08:59:19","date_gmt":"2015-09-29T06:59:19","guid":{"rendered":"http:\/\/ebner-markus.com\/?page_id=584"},"modified":"2020-10-21T09:40:28","modified_gmt":"2020-10-21T07:40:28","slug":"emfws30-40-65r","status":"publish","type":"page","link":"https:\/\/www.ebner-technology.com\/de\/products\/frischwasserstationen\/emfws30-40-65r\/","title":{"rendered":"EMFWS30|40R"},"content":{"rendered":"<p><span style=\"color: #003079; font-size: 18pt;\"><strong>FRISCHWASSERSTATION <\/strong><\/span><span style=\"color: #003079; font-size: 18pt;\">&#8222;FRESH WATER SYSTEM&#8220;<\/span><!--more--><\/p>\n<p><span style=\"color: #999999; font-size: 16pt;\"><strong>EMFWS<\/strong><\/span><\/p>\n<p><span style=\"color: #999999; font-size: 16pt;\"><strong><img loading=\"lazy\" class=\"wp-image-2487 size-medium aligncenter\" src=\"http:\/\/www.ebner-technology.com\/wp-content\/uploads\/2019\/04\/EMFWS30R-244x300.jpg\" alt=\"\" width=\"244\" height=\"300\" srcset=\"https:\/\/www.ebner-technology.com\/wp-content\/uploads\/2019\/04\/EMFWS30R-244x300.jpg 244w, https:\/\/www.ebner-technology.com\/wp-content\/uploads\/2019\/04\/EMFWS30R-834x1024.jpg 834w, https:\/\/www.ebner-technology.com\/wp-content\/uploads\/2019\/04\/EMFWS30R-648x796.jpg 648w, https:\/\/www.ebner-technology.com\/wp-content\/uploads\/2019\/04\/EMFWS30R-156x192.jpg 156w, https:\/\/www.ebner-technology.com\/wp-content\/uploads\/2019\/04\/EMFWS30R.jpg 1000w\" sizes=\"(max-width: 244px) 100vw, 244px\" \/><\/strong><\/span><\/p>\n<p style=\"text-align: justify;\"><span style=\"color: #999999; font-size: 14pt;\"><strong>Warmwasserproduktionsmodul mit elektronischer Steuerung<\/strong><\/span><\/p>\n<p style=\"text-align: justify;\"><strong>Frischwasserstation <\/strong>\u201eFRESH WATER SYSTEM\u201c, bestehend aus einem gel\u00f6teten Plattenw\u00e4rmetauscher aus Edelstahl AISI 316 und einer elektronischen Regelungssteuerung. Die Frischwasserstation enth\u00e4lt eine energieklassifizierte Hocheffizienzpumpe.<\/p>\n<p style=\"text-align: justify;\">Die Frischwasserstation \u201eFRESH WATER SYSTEM\u201c ist eine elektronisch geregelte Hydraulikgruppe zur Erw\u00e4rmung des Trinkwassers im Durchflussprinzip. Der Zapfvolumenstrom wird in einem elektronischen Volumenstromsensor mit exakten Messbereich erfasst. Aus der Puffertemperatur, dem Sanit\u00e4rwasserdurchfluss und der Soll-Warmwassertemperatur wird der erforderliche Prim\u00e4rvolumenstrom ermittelt. Zur Erreichung einer konstanten Warmwassertemperatur wird die Prim\u00e4rpumpe in ihrer Drehzahl mittels eines PWM Signals variiert.<\/p>\n<p style=\"text-align: justify;\">Die Frischwasserstation darf nur zur Erw\u00e4rmung von Trinkwasser im Sinne der Trinkwasserverordnung verwendet werden. Der Prim\u00e4rkreis muss mit Heizungswasser gem\u00e4\u00df VDI 2035 gef\u00fcllt sein. Diese Frischwasserstation gew\u00e4hrleistet die sofortige Lieferung von Brauchwarmwasser und beugt einer bakteriellen Verseuchung mit Legionellen o.\u00c4. vor, die w\u00e4hrend der Speicherung von Warmwasser im Tank entstehen kann.<\/p>\n<p>Zwei Modelle sind erh\u00e4ltlich, komplett vormontiert und anschlussfertig:<\/p>\n<p>&#8211;\u00a0\u00a0\u00a0\u00a0\u00a0\u00a0 70 kW, mit variablem Nenn-Durchfluss bis zu 28,7 l\/min<\/p>\n<p>&#8211;\u00a0\u00a0\u00a0\u00a0\u00a0\u00a0 100 kW, mit variablem Nenn-Durchfluss bis zu 41 l\/min<\/p>\n<p>F\u00fcr gr\u00f6\u00dfere Anforderungen:<strong> siehe EMFWS-R<\/strong><\/p>\n<p>Zirkulationspumpenkit optional erh\u00e4ltlich.<\/p>\n<div class='w3eden'><!-- WPDM Link Template: Default Template -->\n\n\n<div class=\"link-template-default card mb-2\">\n    <div class=\"card-body\">\n        <div class=\"media stack-xs\">\n            <div class=\"media-body\">\n                <div class=\"media\">\n                    <div class=\"mr-3 img-48\"><img class=\"wpdm_icon\" alt=\"Icon\" src=\"https:\/\/www.ebner-technology.com\/wp-content\/plugins\/download-manager\/assets\/file-type-icons\/pdf.svg\" onError='this.src=\"https:\/\/www.ebner-technology.com\/wp-content\/plugins\/download-manager\/assets\/file-type-icons\/unknown.svg\";' \/><\/div>\n                    <div class=\"media-body\">\n                        <h3 class=\"package-title\"><a href='https:\/\/www.ebner-technology.com\/de\/download\/datenblatt-emfws304065r-fresh-water-system\/'>Datenblatt EMFWS30|40R \"FRESH WATER SYSTEM\"<\/a><\/h3>\n                        <div class=\"text-muted text-small\"><i class=\"fas fa-copy\"><\/i> 1 file(s) <i class=\"fas fa-hdd ml-3\"><\/i> 945.48 KB<\/div>\n                    <\/div>\n                <\/div>\n            <\/div>\n            <div class=\"ml-3 wpdmdl-btn\">\n                <a class='wpdm-download-link btn btn-primary ' rel='nofollow' href='#' onclick=\"location.href='https:\/\/www.ebner-technology.com\/de\/download\/datenblatt-emfws304065r-fresh-water-system\/?wpdmdl=2484&refresh=69f41eebd5cb11777606379';return false;\">Download<\/a>\n            <\/div>\n        <\/div>\n    <\/div>\n<\/div>\n\n\n<\/div>\n<p>Datenblatt EMFWS30|40R \"FRESH WATER SYSTEM\"<\/a><\/h3>\n                        <div class=\"text-muted text-small\"><i class=\"fas fa-copy\"><\/i> 1 file(s) <i class=\"fas fa-hdd ml-3\"><\/i> 945.48 KB<\/div>\n                    <\/div>\n                <\/div>\n            <\/div>\n            <div class=\"ml-3 wpdmdl-btn\">\n                <a class='wpdm-download-link btn btn-primary ' rel='nofollow' href='#' onclick=\"location.href='https:\/\/www.ebner-technology.com\/de\/download\/datenblatt-emfws304065r-fresh-water-system\/?wpdmdl=2484&refresh=69f41eebe0d8d1777606379';return false;\">Download<\/a>\n            <\/div>\n        <\/div>\n    <\/div>\n<\/div>\n\n\n<\/div>\n<p><\/p>","protected":false},"excerpt":{"rendered":"<p>FRISCHWASSERSTATION &#8222;FRESH WATER SYSTEM&#8220;<\/p>\n","protected":false},"author":1,"featured_media":2495,"parent":171,"menu_order":1,"comment_status":"closed","ping_status":"closed","template":"","meta":{"_mi_skip_tracking":false,"spay_email":""},"_links":{"self":[{"href":"https:\/\/www.ebner-technology.com\/de\/wp-json\/wp\/v2\/pages\/584"}],"collection":[{"href":"https:\/\/www.ebner-technology.com\/de\/wp-json\/wp\/v2\/pages"}],"about":[{"href":"https:\/\/www.ebner-technology.com\/de\/wp-json\/wp\/v2\/types\/page"}],"author":[{"embeddable":true,"href":"https:\/\/www.ebner-technology.com\/de\/wp-json\/wp\/v2\/users\/1"}],"replies":[{"embeddable":true,"href":"https:\/\/www.ebner-technology.com\/de\/wp-json\/wp\/v2\/comments?post=584"}],"version-history":[{"count":9,"href":"https:\/\/www.ebner-technology.com\/de\/wp-json\/wp\/v2\/pages\/584\/revisions"}],"predecessor-version":[{"id":2608,"href":"https:\/\/www.ebner-technology.com\/de\/wp-json\/wp\/v2\/pages\/584\/revisions\/2608"}],"up":[{"embeddable":true,"href":"https:\/\/www.ebner-technology.com\/de\/wp-json\/wp\/v2\/pages\/171"}],"wp:featuredmedia":[{"embeddable":true,"href":"https:\/\/www.ebner-technology.com\/de\/wp-json\/wp\/v2\/media\/2495"}],"wp:attachment":[{"href":"https:\/\/www.ebner-technology.com\/de\/wp-json\/wp\/v2\/media?parent=584"}],"curies":[{"name":"wp","href":"https:\/\/api.w.org\/{rel}","templated":true}]}}