{"id":605,"date":"2015-09-29T09:11:21","date_gmt":"2015-09-29T07:11:21","guid":{"rendered":"http:\/\/ebner-markus.com\/?page_id=605"},"modified":"2019-09-10T15:24:22","modified_gmt":"2019-09-10T13:24:22","slug":"emfws-r","status":"publish","type":"page","link":"https:\/\/www.ebner-technology.com\/de\/products\/frischwasserstationen\/emfws-r\/","title":{"rendered":"EMFWS-R"},"content":{"rendered":"<p><span style=\"font-size: 18pt;\"><span style=\"color: #003079;\"><strong>FRISCHWASSERSTATION <\/strong>&#8222;FRESH WATER SYSTEM&#8220; mit hoher Zapfleistung<\/span><\/span><br \/>\n<!--more--><\/p>\n<p><span style=\"color: #999999; font-size: 16pt;\"><strong>EMFWS-R<\/strong><\/span><\/p>\n<p><span style=\"color: #999999; font-size: 16pt;\"><strong><img loading=\"lazy\" class=\"alignnone wp-image-2490 size-medium\" src=\"http:\/\/www.ebner-technology.com\/wp-content\/uploads\/2019\/04\/EMFWS_klein-300x248.jpg\" alt=\"\" width=\"300\" height=\"248\" srcset=\"https:\/\/www.ebner-technology.com\/wp-content\/uploads\/2019\/04\/EMFWS_klein-300x248.jpg 300w, https:\/\/www.ebner-technology.com\/wp-content\/uploads\/2019\/04\/EMFWS_klein-1024x848.jpg 1024w, https:\/\/www.ebner-technology.com\/wp-content\/uploads\/2019\/04\/EMFWS_klein-648x536.jpg 648w, https:\/\/www.ebner-technology.com\/wp-content\/uploads\/2019\/04\/EMFWS_klein-232x192.jpg 232w\" sizes=\"(max-width: 300px) 100vw, 300px\" \/><\/strong><\/span><\/p>\n<p style=\"text-align: justify;\">Frischwasserstation <strong>\u201eFRESH WATER SYSTEM&#8220;<\/strong> als komplettes \u201eplug and drink&#8220;-System f\u00fcr die effiziente und keimfreie Frischwassererw\u00e4rmung mit einstellbarer Wunschtemperatur. Der ideale W\u00e4rmeaustausch wird mittels eines hocheffizienten gel\u00f6teten Plattenw\u00e4rmetauschers aus Edelstahl AISI 316L gew\u00e4hrleistet, auch bei hohen Zapfleistungen, mit maximaler Hygienegarantie basierend auf dem Legionellenverbeugungs-Durchflussprinzip, nahezu ohne Kalkablagerungsbildung.<\/p>\n<p style=\"text-align: justify;\">\n<p style=\"text-align: justify;\"><strong>Vorteile:<\/strong><\/p>\n<p>einfache und schnelle Installation dank \u201eplug and drink&#8220;-System, vormontiert, verkabelt und isoliert<\/p>\n<p>pr\u00e4zises Einstellen der gew\u00fcnschten Brauchwarmwassertemperatur, \u00fcber eine elektronische Regelung, von 30\u00b0C bis max. 85\u00b0C<\/p>\n<p>einfacher und g\u00fcnstiger Gebrauch<\/p>\n<p>Hocheffizienz-Prim\u00e4rpumpe mit elektronischer, energiesparender Drehzahlmodulierung<\/p>\n<p>grafisches Display mit Temperatur- und Leistungsanzeige<\/p>\n<p>M\u00f6glichkeit zur Steuerung der Sanit\u00e4r-Zirkulationspumpe, Ventilansteuerung zur Speicherschichtung und eines motorisierten Mischventils<\/p>\n<p>Prim\u00e4rvorlauf und Sanit\u00e4rwarmwasserausgang auf den unteren Anschl\u00fcssen, zur schnellen Abk\u00fchlung des W\u00e4rmetauschers und zur Unterbindung von Kalkablagerungen<\/p>\n<p>Optional mit innovativem System zur Reduzierung des minimal notwendigen Sanit\u00e4rdurchflusses zum Einschalten der Frischwasserstation f\u00fcr gro\u00dfe Anlagen<\/p>\n<p><u><span style=\"background-color: #e5f5fa; color: #000117;\"><div class='w3eden'><!-- WPDM Link Template: Default Template -->\n\n\n<div class=\"link-template-default card mb-2\">\n    <div class=\"card-body\">\n        <div class=\"media stack-xs\">\n            <div class=\"media-body\">\n                <div class=\"media\">\n                    <div class=\"mr-3 img-48\"><img class=\"wpdm_icon\" alt=\"Icon\" src=\"https:\/\/www.ebner-technology.com\/wp-content\/plugins\/download-manager\/assets\/file-type-icons\/pdf.svg\" onError='this.src=\"https:\/\/www.ebner-technology.com\/wp-content\/plugins\/download-manager\/assets\/file-type-icons\/unknown.svg\";' \/><\/div>\n                    <div class=\"media-body\">\n                        <h3 class=\"package-title\"><a href='https:\/\/www.ebner-technology.com\/de\/download\/datenblatt-emfws-r-mit-hoher-zapfleistung-fresh-water-system\/'>Datenblatt EMFWS-R mit hoher Zapfleistung \"FRESH WATER SYSTEM\"<\/a><\/h3>\n                        <div class=\"text-muted text-small\"><i class=\"fas fa-copy\"><\/i> 1 file(s) <i class=\"fas fa-hdd ml-3\"><\/i> 1.02 MB<\/div>\n                    <\/div>\n                <\/div>\n            <\/div>\n            <div class=\"ml-3 wpdmdl-btn\">\n                <a class='wpdm-download-link btn btn-primary ' rel='nofollow' href='#' onclick=\"location.href='https:\/\/www.ebner-technology.com\/de\/download\/datenblatt-emfws-r-mit-hoher-zapfleistung-fresh-water-system\/?wpdmdl=2483&refresh=69f3090c15fc31777535244';return false;\">Download<\/a>\n            <\/div>\n        <\/div>\n    <\/div>\n<\/div>\n\n\n<\/div><\/span><\/u><\/p>\n<p>Datenblatt EMFWS-R mit hoher Zapfleistung \"FRESH WATER SYSTEM\"<\/a><\/h3>\n                        <div class=\"text-muted text-small\"><i class=\"fas fa-copy\"><\/i> 1 file(s) <i class=\"fas fa-hdd ml-3\"><\/i> 1.02 MB<\/div>\n                    <\/div>\n                <\/div>\n            <\/div>\n            <div class=\"ml-3 wpdmdl-btn\">\n                <a class='wpdm-download-link btn btn-primary ' rel='nofollow' href='#' onclick=\"location.href='https:\/\/www.ebner-technology.com\/de\/download\/datenblatt-emfws-r-mit-hoher-zapfleistung-fresh-water-system\/?wpdmdl=2483&refresh=69f3090c19d7a1777535244';return false;\">Download<\/a>\n            <\/div>\n        <\/div>\n    <\/div>\n<\/div>\n\n\n<\/div><\/span><\/u><\/p>\n<p><\/p>","protected":false},"excerpt":{"rendered":"<p>FRISCHWASSERSTATION &#8222;FRESH WATER SYSTEM&#8220; mit hoher Zapfleistung<\/p>\n","protected":false},"author":1,"featured_media":2490,"parent":171,"menu_order":2,"comment_status":"closed","ping_status":"closed","template":"","meta":{"_mi_skip_tracking":false,"spay_email":""},"_links":{"self":[{"href":"https:\/\/www.ebner-technology.com\/de\/wp-json\/wp\/v2\/pages\/605"}],"collection":[{"href":"https:\/\/www.ebner-technology.com\/de\/wp-json\/wp\/v2\/pages"}],"about":[{"href":"https:\/\/www.ebner-technology.com\/de\/wp-json\/wp\/v2\/types\/page"}],"author":[{"embeddable":true,"href":"https:\/\/www.ebner-technology.com\/de\/wp-json\/wp\/v2\/users\/1"}],"replies":[{"embeddable":true,"href":"https:\/\/www.ebner-technology.com\/de\/wp-json\/wp\/v2\/comments?post=605"}],"version-history":[{"count":5,"href":"https:\/\/www.ebner-technology.com\/de\/wp-json\/wp\/v2\/pages\/605\/revisions"}],"predecessor-version":[{"id":2567,"href":"https:\/\/www.ebner-technology.com\/de\/wp-json\/wp\/v2\/pages\/605\/revisions\/2567"}],"up":[{"embeddable":true,"href":"https:\/\/www.ebner-technology.com\/de\/wp-json\/wp\/v2\/pages\/171"}],"wp:featuredmedia":[{"embeddable":true,"href":"https:\/\/www.ebner-technology.com\/de\/wp-json\/wp\/v2\/media\/2490"}],"wp:attachment":[{"href":"https:\/\/www.ebner-technology.com\/de\/wp-json\/wp\/v2\/media?parent=605"}],"curies":[{"name":"wp","href":"https:\/\/api.w.org\/{rel}","templated":true}]}}