{"id":661,"date":"2015-09-29T10:33:56","date_gmt":"2015-09-29T08:33:56","guid":{"rendered":"http:\/\/ebner-markus.com\/?page_id=661"},"modified":"2019-04-09T11:35:05","modified_gmt":"2019-04-09T09:35:05","slug":"emregtd1","status":"publish","type":"page","link":"https:\/\/www.ebner-technology.com\/de\/products\/zubehoer\/emregtd1\/","title":{"rendered":"EMREGTD1"},"content":{"rendered":"<p><span style=\"color: #003079;\"><strong><span style=\"font-size: 18pt;\">ELEKTRONISCHE SOLARREGELUNG<\/span> <\/strong><\/span><!--more--><\/p>\n<p><span style=\"color: #ff6600; font-size: 16pt;\"><strong>EMREGDT1<\/strong><\/span><\/p>\n<p style=\"text-align: justify;\"><a href=\"http:\/\/www.ebner-technology.com\/wp-content\/uploads\/2015\/09\/emregtd1.png\"><img loading=\"lazy\" src=\"http:\/\/www.ebner-technology.com\/wp-content\/uploads\/2015\/09\/emregtd1-176x300.png\" alt=\"emregtd1\" width=\"176\" height=\"300\" \/><\/a><\/p>\n<p style=\"text-align: justify;\">Elektronische Temperatur-Differenz-Steuerung geeignet f\u00fcr die Steuerung einer einfachen, einkreisigen Solaranlage. Das Ger\u00e4t garantiert Funktionalit\u00e4t und einfache, ann\u00e4hernd selbsterkl\u00e4rende Bedienung. Die einzelnen Eingabetasten sind bei jedem Eingabeschritt Funktionen zugeordnet und erkl\u00e4rt. Im Reglermen\u00fc stehen Ihnen neben Schlagw\u00f6rtern, bei den Messwerten und Einstellungen, auch Hilfetexte oder \u00fcbersichtliche Grafiken zur Verf\u00fcgung. Der Temperatur- Differenzregler ist f\u00fcr verschiedene Anlagenvarianten einsetzbar.<\/p>\n<p style=\"text-align: justify;\">\n<p style=\"text-align: justify;\"><strong>Technische Daten:<\/strong><\/p>\n<p style=\"text-align: justify;\">Schutz: IP40<\/p>\n<p style=\"text-align: justify;\">Display: LCD<\/p>\n<p style=\"text-align: justify;\">Eing\u00e4nge: 3 x Pt 1000 (2 Temperaturf\u00fchler im Lieferumfang)<\/p>\n<p style=\"text-align: justify;\">Bedienungsanleitung: DE<\/p>\n<p style=\"text-align: justify;\">Au\u00dfenmasse: 163 x 110 x 51 mm<\/p>\n<p style=\"text-align: justify;\">Versorgung: ~230V<\/p>\n<div class='w3eden'><!-- WPDM Link Template: Default Template -->\n\n\n<div class=\"link-template-default card mb-2\">\n    <div class=\"card-body\">\n        <div class=\"media stack-xs\">\n            <div class=\"media-body\">\n                <div class=\"media\">\n                    <div class=\"mr-3 img-48\"><img class=\"wpdm_icon\" alt=\"Icon\" src=\"https:\/\/www.ebner-technology.com\/wp-content\/plugins\/download-manager\/assets\/file-type-icons\/pdf.svg\" onError='this.src=\"https:\/\/www.ebner-technology.com\/wp-content\/plugins\/download-manager\/assets\/file-type-icons\/unknown.svg\";' \/><\/div>\n                    <div class=\"media-body\">\n                        <h3 class=\"package-title\"><a href='https:\/\/www.ebner-technology.com\/de\/download\/datenblatt-emregtd1\/'>Datenblatt EMREGTD1<\/a><\/h3>\n                        <div class=\"text-muted text-small\"><i class=\"fas fa-copy\"><\/i> 1 file(s) <i class=\"fas fa-hdd ml-3\"><\/i> 134.11 KB<\/div>\n                    <\/div>\n                <\/div>\n            <\/div>\n            <div class=\"ml-3 wpdmdl-btn\">\n                <a class='wpdm-download-link btn btn-primary ' rel='nofollow' href='#' onclick=\"location.href='https:\/\/www.ebner-technology.com\/de\/download\/datenblatt-emregtd1\/?wpdmdl=2521&refresh=69f401404c2ac1777598784';return false;\">Download<\/a>\n            <\/div>\n        <\/div>\n    <\/div>\n<\/div>\n\n\n<\/div>\n<p>Datenblatt EMREGTD1<\/a><\/h3>\n                        <div class=\"text-muted text-small\"><i class=\"fas fa-copy\"><\/i> 1 file(s) <i class=\"fas fa-hdd ml-3\"><\/i> 134.11 KB<\/div>\n                    <\/div>\n                <\/div>\n            <\/div>\n            <div class=\"ml-3 wpdmdl-btn\">\n                <a class='wpdm-download-link btn btn-primary ' rel='nofollow' href='#' onclick=\"location.href='https:\/\/www.ebner-technology.com\/de\/download\/datenblatt-emregtd1\/?wpdmdl=2521&refresh=69f40140525231777598784';return false;\">Download<\/a>\n            <\/div>\n        <\/div>\n    <\/div>\n<\/div>\n\n\n<\/div>\n<p><\/p>","protected":false},"excerpt":{"rendered":"<p>ELEKTRONISCHE SOLARREGELUNG<\/p>\n","protected":false},"author":1,"featured_media":914,"parent":177,"menu_order":3,"comment_status":"closed","ping_status":"closed","template":"","meta":{"_mi_skip_tracking":false,"spay_email":""},"_links":{"self":[{"href":"https:\/\/www.ebner-technology.com\/de\/wp-json\/wp\/v2\/pages\/661"}],"collection":[{"href":"https:\/\/www.ebner-technology.com\/de\/wp-json\/wp\/v2\/pages"}],"about":[{"href":"https:\/\/www.ebner-technology.com\/de\/wp-json\/wp\/v2\/types\/page"}],"author":[{"embeddable":true,"href":"https:\/\/www.ebner-technology.com\/de\/wp-json\/wp\/v2\/users\/1"}],"replies":[{"embeddable":true,"href":"https:\/\/www.ebner-technology.com\/de\/wp-json\/wp\/v2\/comments?post=661"}],"version-history":[{"count":3,"href":"https:\/\/www.ebner-technology.com\/de\/wp-json\/wp\/v2\/pages\/661\/revisions"}],"predecessor-version":[{"id":2529,"href":"https:\/\/www.ebner-technology.com\/de\/wp-json\/wp\/v2\/pages\/661\/revisions\/2529"}],"up":[{"embeddable":true,"href":"https:\/\/www.ebner-technology.com\/de\/wp-json\/wp\/v2\/pages\/177"}],"wp:featuredmedia":[{"embeddable":true,"href":"https:\/\/www.ebner-technology.com\/de\/wp-json\/wp\/v2\/media\/914"}],"wp:attachment":[{"href":"https:\/\/www.ebner-technology.com\/de\/wp-json\/wp\/v2\/media?parent=661"}],"curies":[{"name":"wp","href":"https:\/\/api.w.org\/{rel}","templated":true}]}}