{"id":671,"date":"2015-09-29T10:42:55","date_gmt":"2015-09-29T08:42:55","guid":{"rendered":"http:\/\/ebner-markus.com\/?page_id=671"},"modified":"2019-04-09T11:44:07","modified_gmt":"2019-04-09T09:44:07","slug":"emregtd5","status":"publish","type":"page","link":"https:\/\/www.ebner-technology.com\/de\/products\/zubehoer\/emregtd5\/","title":{"rendered":"EMREGTD5"},"content":{"rendered":"<p><span style=\"color: #003079; font-size: 18pt;\"><strong>ELEKTRONISCHE SOLARSTEUERUNG<\/strong><\/span><!--more--><\/p>\n<p><span style=\"color: #ff6600; font-size: 16pt;\"><strong>EMREGTD5<\/strong><\/span><\/p>\n<p><span style=\"color: #ff6600; font-size: 16pt;\"><strong><a href=\"http:\/\/www.ebner-technology.com\/wp-content\/uploads\/2015\/09\/emregtd5.png\"><img loading=\"lazy\" class=\"alignnone wp-image-672 size-medium\" src=\"http:\/\/www.ebner-technology.com\/wp-content\/uploads\/2015\/09\/emregtd5-263x300.png\" alt=\"emregtd5\" width=\"263\" height=\"300\" srcset=\"https:\/\/www.ebner-technology.com\/wp-content\/uploads\/2015\/09\/emregtd5-263x300.png 263w, https:\/\/www.ebner-technology.com\/wp-content\/uploads\/2015\/09\/emregtd5-168x192.png 168w, https:\/\/www.ebner-technology.com\/wp-content\/uploads\/2015\/09\/emregtd5.png 500w\" sizes=\"(max-width: 263px) 100vw, 263px\" \/><\/a><\/strong><\/span><\/p>\n<p style=\"text-align: justify;\">Elektronische Temperatur-Differenz-Steuerung geeignet f\u00fcr die Steuerung eines eines gr\u00f6\u00dferen Anlagensystems mit Solaranlage, Speichern\/Schwimmbad, Heizkesseln und Weiterem. Das Ger\u00e4t garantiert Funktionalit\u00e4t und einfache, ann\u00e4hernd selbsterkl\u00e4rende Bedienung. Die einzelnen Eingabetasten sind bei jedem Eingabeschritt Funktionen zugeordnet und erkl\u00e4rt. Im Reglermen\u00fc stehen Ihnen neben Schlagw\u00f6rtern, bei den Messwerten und Einstellungen, auch Hilfetexte oder \u00fcbersichtliche Grafiken zur Verf\u00fcgung. Der Temperatur- Differenzregler ist f\u00fcr verschiedene Anlagenvarianten einsetzbar.<\/p>\n<p><strong>Technische Daten:<\/strong><\/p>\n<p>Schutz: IP40<\/p>\n<p>Display: LCD<\/p>\n<p>Eing\u00e4nge: 8 x Pt 1000 (6 Temperaturf\u00fchler im Lieferumfang)<\/p>\n<p>Bedienungsanleitung: DE<\/p>\n<p>Au\u00dfenmasse: 228 x 180 x 53 mm<\/p>\n<p>Versorgung: ~230V<\/p>\n<div class='w3eden'><!-- WPDM Link Template: Default Template -->\n\n\n<div class=\"link-template-default card mb-2\">\n    <div class=\"card-body\">\n        <div class=\"media stack-xs\">\n            <div class=\"media-body\">\n                <div class=\"media\">\n                    <div class=\"mr-3 img-48\"><img class=\"wpdm_icon\" alt=\"Icon\" src=\"https:\/\/www.ebner-technology.com\/wp-content\/plugins\/download-manager\/assets\/file-type-icons\/pdf.svg\" onError='this.src=\"https:\/\/www.ebner-technology.com\/wp-content\/plugins\/download-manager\/assets\/file-type-icons\/unknown.svg\";' \/><\/div>\n                    <div class=\"media-body\">\n                        <h3 class=\"package-title\"><a href='https:\/\/www.ebner-technology.com\/de\/download\/datenblatt-emregtd5\/'>Datenblatt EMREGTD5<\/a><\/h3>\n                        <div class=\"text-muted text-small\"><i class=\"fas fa-copy\"><\/i> 1 file(s) <i class=\"fas fa-hdd ml-3\"><\/i> 195.75 KB<\/div>\n                    <\/div>\n                <\/div>\n            <\/div>\n            <div class=\"ml-3 wpdmdl-btn\">\n                <a class='wpdm-download-link btn btn-primary ' rel='nofollow' href='#' onclick=\"location.href='https:\/\/www.ebner-technology.com\/de\/download\/datenblatt-emregtd5\/?wpdmdl=2524&refresh=69f400f84ad1d1777598712';return false;\">Download<\/a>\n            <\/div>\n        <\/div>\n    <\/div>\n<\/div>\n\n\n<\/div>\n<p>Datenblatt EMREGTD5<\/a><\/h3>\n                        <div class=\"text-muted text-small\"><i class=\"fas fa-copy\"><\/i> 1 file(s) <i class=\"fas fa-hdd ml-3\"><\/i> 195.75 KB<\/div>\n                    <\/div>\n                <\/div>\n            <\/div>\n            <div class=\"ml-3 wpdmdl-btn\">\n                <a class='wpdm-download-link btn btn-primary ' rel='nofollow' href='#' onclick=\"location.href='https:\/\/www.ebner-technology.com\/de\/download\/datenblatt-emregtd5\/?wpdmdl=2524&refresh=69f400f84f9b21777598712';return false;\">Download<\/a>\n            <\/div>\n        <\/div>\n    <\/div>\n<\/div>\n\n\n<\/div>\n<p><\/p>","protected":false},"excerpt":{"rendered":"<p>ELEKTRONISCHE SOLARSTEUERUNG<\/p>\n","protected":false},"author":1,"featured_media":919,"parent":177,"menu_order":6,"comment_status":"closed","ping_status":"closed","template":"","meta":{"_mi_skip_tracking":false,"spay_email":""},"_links":{"self":[{"href":"https:\/\/www.ebner-technology.com\/de\/wp-json\/wp\/v2\/pages\/671"}],"collection":[{"href":"https:\/\/www.ebner-technology.com\/de\/wp-json\/wp\/v2\/pages"}],"about":[{"href":"https:\/\/www.ebner-technology.com\/de\/wp-json\/wp\/v2\/types\/page"}],"author":[{"embeddable":true,"href":"https:\/\/www.ebner-technology.com\/de\/wp-json\/wp\/v2\/users\/1"}],"replies":[{"embeddable":true,"href":"https:\/\/www.ebner-technology.com\/de\/wp-json\/wp\/v2\/comments?post=671"}],"version-history":[{"count":3,"href":"https:\/\/www.ebner-technology.com\/de\/wp-json\/wp\/v2\/pages\/671\/revisions"}],"predecessor-version":[{"id":2532,"href":"https:\/\/www.ebner-technology.com\/de\/wp-json\/wp\/v2\/pages\/671\/revisions\/2532"}],"up":[{"embeddable":true,"href":"https:\/\/www.ebner-technology.com\/de\/wp-json\/wp\/v2\/pages\/177"}],"wp:featuredmedia":[{"embeddable":true,"href":"https:\/\/www.ebner-technology.com\/de\/wp-json\/wp\/v2\/media\/919"}],"wp:attachment":[{"href":"https:\/\/www.ebner-technology.com\/de\/wp-json\/wp\/v2\/media?parent=671"}],"curies":[{"name":"wp","href":"https:\/\/api.w.org\/{rel}","templated":true}]}}