{"id":679,"date":"2015-09-29T10:50:39","date_gmt":"2015-09-29T08:50:39","guid":{"rendered":"http:\/\/ebner-markus.com\/?page_id=679"},"modified":"2019-04-09T18:20:39","modified_gmt":"2019-04-09T16:20:39","slug":"emswr","status":"publish","type":"page","link":"https:\/\/www.ebner-technology.com\/de\/products\/zubehoer\/emswr\/","title":{"rendered":"EMSWR"},"content":{"rendered":"<p><span style=\"color: #003079; font-size: 18pt;\"><strong>SOLAR-EDELSTAHLWELLROHRSYSTEM<\/strong><\/span><!--more--><\/p>\n<p><span style=\"color: #ff6600; font-size: 16pt;\"><strong>EMSWR\u00a0<\/strong><\/span><\/p>\n<p><span style=\"color: #ff6600; font-size: 16pt;\"><strong><a href=\"http:\/\/www.ebner-technology.com\/wp-content\/uploads\/2015\/09\/emnanosun.png\"><img loading=\"lazy\" class=\"alignnone wp-image-680 size-medium\" src=\"http:\/\/www.ebner-technology.com\/wp-content\/uploads\/2015\/09\/emnanosun-275x300.png\" alt=\"emnanosun\" width=\"275\" height=\"300\" srcset=\"https:\/\/www.ebner-technology.com\/wp-content\/uploads\/2015\/09\/emnanosun-275x300.png 275w, https:\/\/www.ebner-technology.com\/wp-content\/uploads\/2015\/09\/emnanosun-176x192.png 176w, https:\/\/www.ebner-technology.com\/wp-content\/uploads\/2015\/09\/emnanosun.png 500w\" sizes=\"(max-width: 275px) 100vw, 275px\" \/><\/a><\/strong><\/span><\/p>\n<p style=\"text-align: justify;\">Hochflexibles Doppelrohrsystem f\u00fcr die Anwendung im Solarthermie-Bereich. Einfache Trennbarkeit des Doppelrohres durch spezielle Klebetechnologie. Edelstahlwellrohr AISI316L, ged\u00e4mmt mit temperaturbest\u00e4ndiger, FCKW-freier (DIN 1988, p.2 + p.7) EPDM-Kautschukd\u00e4mmung mit 13mm St\u00e4rke. Die nahtlos aufextrudierte Schutzfolie ist rei\u00dffest, UV-stabilisiert und enth\u00e4lt ein halogenfreies Flammschutzmittel. Als Verteil- und Anbindungsleitung von Solaranlagen f\u00fcr den Innen- und Au\u00dfenbereich inkl. integriertem Elektrokabel f\u00fcr Temperaturf\u00fchler.<\/p>\n<p style=\"text-align: justify;\">Standardl\u00e4ngen 15\/20\/25 Meter. Das Solarrohr kann auf jedes gew\u00fcnschte L\u00e4ngenma\u00df bis 100 Meter in einem St\u00fcck abgeschnitten.<\/p>\n<p>Verschiedenste Verschraubungen separat erh\u00e4ltlich.<\/p>\n<div class='w3eden'><!-- WPDM Link Template: Default Template -->\n\n\n<div class=\"link-template-default card mb-2\">\n    <div class=\"card-body\">\n        <div class=\"media stack-xs\">\n            <div class=\"media-body\">\n                <div class=\"media\">\n                    <div class=\"mr-3 img-48\"><img class=\"wpdm_icon\" alt=\"Icon\" src=\"https:\/\/www.ebner-technology.com\/wp-content\/plugins\/download-manager\/assets\/file-type-icons\/pdf.svg\" onError='this.src=\"https:\/\/www.ebner-technology.com\/wp-content\/plugins\/download-manager\/assets\/file-type-icons\/unknown.svg\";' \/><\/div>\n                    <div class=\"media-body\">\n                        <h3 class=\"package-title\"><a href='https:\/\/www.ebner-technology.com\/de\/download\/datenblatt-emswr\/'>Datenblatt EMSWR<\/a><\/h3>\n                        <div class=\"text-muted text-small\"><i class=\"fas fa-copy\"><\/i> 1 file(s) <i class=\"fas fa-hdd ml-3\"><\/i> 193.19 KB<\/div>\n                    <\/div>\n                <\/div>\n            <\/div>\n            <div class=\"ml-3 wpdmdl-btn\">\n                <a class='wpdm-download-link btn btn-primary ' rel='nofollow' href='#' onclick=\"location.href='https:\/\/www.ebner-technology.com\/de\/download\/datenblatt-emswr\/?wpdmdl=2526&refresh=69f400fc54fb71777598716';return false;\">Download<\/a>\n            <\/div>\n        <\/div>\n    <\/div>\n<\/div>\n\n\n<\/div>\n<p>Datenblatt EMSWR<\/a><\/h3>\n                        <div class=\"text-muted text-small\"><i class=\"fas fa-copy\"><\/i> 1 file(s) <i class=\"fas fa-hdd ml-3\"><\/i> 193.19 KB<\/div>\n                    <\/div>\n                <\/div>\n            <\/div>\n            <div class=\"ml-3 wpdmdl-btn\">\n                <a class='wpdm-download-link btn btn-primary ' rel='nofollow' href='#' onclick=\"location.href='https:\/\/www.ebner-technology.com\/de\/download\/datenblatt-emswr\/?wpdmdl=2526&refresh=69f400fc59e0a1777598716';return false;\">Download<\/a>\n            <\/div>\n        <\/div>\n    <\/div>\n<\/div>\n\n\n<\/div>\n<p><\/p>\n\n\n<p><\/p>","protected":false},"excerpt":{"rendered":"<p>SOLAR-EDELSTAHLWELLROHRSYSTEM<\/p>\n","protected":false},"author":1,"featured_media":918,"parent":177,"menu_order":9,"comment_status":"closed","ping_status":"closed","template":"","meta":{"_mi_skip_tracking":false,"spay_email":""},"_links":{"self":[{"href":"https:\/\/www.ebner-technology.com\/de\/wp-json\/wp\/v2\/pages\/679"}],"collection":[{"href":"https:\/\/www.ebner-technology.com\/de\/wp-json\/wp\/v2\/pages"}],"about":[{"href":"https:\/\/www.ebner-technology.com\/de\/wp-json\/wp\/v2\/types\/page"}],"author":[{"embeddable":true,"href":"https:\/\/www.ebner-technology.com\/de\/wp-json\/wp\/v2\/users\/1"}],"replies":[{"embeddable":true,"href":"https:\/\/www.ebner-technology.com\/de\/wp-json\/wp\/v2\/comments?post=679"}],"version-history":[{"count":5,"href":"https:\/\/www.ebner-technology.com\/de\/wp-json\/wp\/v2\/pages\/679\/revisions"}],"predecessor-version":[{"id":2544,"href":"https:\/\/www.ebner-technology.com\/de\/wp-json\/wp\/v2\/pages\/679\/revisions\/2544"}],"up":[{"embeddable":true,"href":"https:\/\/www.ebner-technology.com\/de\/wp-json\/wp\/v2\/pages\/177"}],"wp:featuredmedia":[{"embeddable":true,"href":"https:\/\/www.ebner-technology.com\/de\/wp-json\/wp\/v2\/media\/918"}],"wp:attachment":[{"href":"https:\/\/www.ebner-technology.com\/de\/wp-json\/wp\/v2\/media?parent=679"}],"curies":[{"name":"wp","href":"https:\/\/api.w.org\/{rel}","templated":true}]}}