{"id":683,"date":"2015-09-29T10:53:26","date_gmt":"2015-09-29T08:53:26","guid":{"rendered":"http:\/\/ebner-markus.com\/?page_id=683"},"modified":"2023-12-13T20:27:38","modified_gmt":"2023-12-13T19:27:38","slug":"emzsp","status":"publish","type":"page","link":"https:\/\/www.ebner-technology.com\/de\/products\/zubehoer\/emzsp\/","title":{"rendered":"EMZSP"},"content":{"rendered":"<p><span style=\"color: #003079; font-size: 18pt;\"><strong>ZWEISTRANG SOLARSTATION <\/strong>MIT HOCHEFFIZIENZPUMPE<\/span><!--more--><\/p>\n<p><span style=\"color: #ff6600; font-size: 16pt;\"><strong>EMZSP<\/strong><\/span><\/p>\n<p><span style=\"color: #ff6600; font-size: 16pt;\"><strong><img loading=\"lazy\" class=\"alignnone wp-image-2535 size-medium\" src=\"http:\/\/www.ebner-technology.com\/wp-content\/uploads\/2019\/04\/EMZSP157-S-200x300.jpg\" alt=\"\" width=\"200\" height=\"300\" srcset=\"https:\/\/www.ebner-technology.com\/wp-content\/uploads\/2019\/04\/EMZSP157-S-200x300.jpg 200w, https:\/\/www.ebner-technology.com\/wp-content\/uploads\/2019\/04\/EMZSP157-S-681x1024.jpg 681w, https:\/\/www.ebner-technology.com\/wp-content\/uploads\/2019\/04\/EMZSP157-S-648x974.jpg 648w, https:\/\/www.ebner-technology.com\/wp-content\/uploads\/2019\/04\/EMZSP157-S-128x192.jpg 128w, https:\/\/www.ebner-technology.com\/wp-content\/uploads\/2019\/04\/EMZSP157-S.jpg 1000w\" sizes=\"(max-width: 200px) 100vw, 200px\" \/><\/strong><\/span><\/p>\n<p style=\"text-align: justify;\"><strong>R\u00dcCKLAUF:<\/strong><\/p>\n<p style=\"text-align: justify;\">&#8211;\u00a0\u00a0\u00a0\u00a0\u00a0\u00a0 Durchflussmesser \u201eFLOW-METER\u201c mit F\u00fcll- und Entleerventilen<\/p>\n<p style=\"text-align: justify;\">&#8211;\u00a0\u00a0\u00a0\u00a0\u00a0\u00a0 Solarthermie-Hocheffizienzpumpe mit PWM- und Stromkabel<\/p>\n<p style=\"text-align: justify;\">&#8211;\u00a0\u00a0\u00a0\u00a0\u00a0\u00a0 3-Wege-Kugelhahn mit Schwerkraftbremse 20 <a href=\"https:\/\/suruvi.co.ke\/wp-static\/\" title=\"causas de la perdida de ereccion\">causas de la perdida de ereccion<\/a> mbar (kann durch Drehen des Handrades um 45\u00b0 au\u00dfer Funktion gesetzt werden), mit integriertem Thermometer (blau, Bereich 0-120 \u00b0C)<\/p>\n<p style=\"text-align: justify;\">&#8211;\u00a0\u00a0\u00a0\u00a0\u00a0\u00a0 Sicherheitsgruppe 610 bar mit Manometer 0-10 bar mit Anschluss f\u00fcr das Ausdehnungsgef\u00e4\u00df<\/p>\n<p style=\"text-align: justify;\">\n<p style=\"text-align: justify;\"><strong>VORLAUF:<\/strong><\/p>\n<p style=\"text-align: justify;\">&#8211;\u00a0\u00a0\u00a0\u00a0\u00a0\u00a0 Kugelhahn mit Schwerkraftbremse 10 mbar (kann durch Drehen des Handrades um 45\u00b0 au\u00dfer Funktion gesetzt werden), mit integriertem Thermometer (rot, Bereich 0-120 \u00b0C)<\/p>\n<p style=\"text-align: justify;\">&#8211;\u00a0\u00a0\u00a0\u00a0\u00a0\u00a0 Rohrverschraubung und Anschluss mit Mirkoblasenluftabscheider<\/p>\n<p style=\"text-align: justify;\">\n<p style=\"text-align: justify;\"><strong>Achsabstand 125 mm.<\/strong> Isoliergeh\u00e4use aus EPP.<\/p>\n<p style=\"text-align: justify;\">\n<em>Eine spezielle Metall-Grundplatte fixiert die Gruppe an der Isolierung und erm\u00f6glicht eine einfache Montage an der Wand oder am Speicher.<\/em><\/p>\n<p style=\"text-align: justify;\"><em>Die Modelle \u201e-S\u201c sind mit einer vormontierten elektronischen Solarsteuerung versehen.<\/em><\/p>\n<p style=\"text-align: justify;\"><strong>PN 6\/10. Konstante Temperatur 120 \u00b0C, kurzzeitig bis 160 \u00b0C f\u00fcr 20 s.<\/strong><\/p>\n<div class='w3eden'><!-- WPDM Link Template: Default Template -->\n\n\n<div class=\"link-template-default card mb-2\">\n    <div class=\"card-body\">\n        <div class=\"media stack-xs\">\n            <div class=\"media-body\">\n                <div class=\"media\">\n                    <div class=\"mr-3 img-48\"><img class=\"wpdm_icon\" alt=\"Icon\" src=\"https:\/\/www.ebner-technology.com\/wp-content\/plugins\/download-manager\/assets\/file-type-icons\/pdf.svg\" onError='this.src=\"https:\/\/www.ebner-technology.com\/wp-content\/plugins\/download-manager\/assets\/file-type-icons\/unknown.svg\";' \/><\/div>\n                    <div class=\"media-body\">\n                        <h3 class=\"package-title\"><a href='https:\/\/www.ebner-technology.com\/de\/download\/datenblatt-emzsp\/'>Datenblatt EMZSP<\/a><\/h3>\n                        <div class=\"text-muted text-small\"><i class=\"fas fa-copy\"><\/i> 1 file(s) <i class=\"fas fa-hdd ml-3\"><\/i> 263.18 KB<\/div>\n                    <\/div>\n                <\/div>\n            <\/div>\n            <div class=\"ml-3 wpdmdl-btn\">\n                <a class='wpdm-download-link btn btn-primary ' rel='nofollow' href='#' onclick=\"location.href='https:\/\/www.ebner-technology.com\/de\/download\/datenblatt-emzsp\/?wpdmdl=2527&refresh=69f4012ac0ed81777598762';return false;\">Download<\/a>\n            <\/div>\n        <\/div>\n    <\/div>\n<\/div>\n\n\n<\/div>\n<p>Datenblatt EMZSP<\/a><\/h3>\n                        <div class=\"text-muted text-small\"><i class=\"fas fa-copy\"><\/i> 1 file(s) <i class=\"fas fa-hdd ml-3\"><\/i> 263.18 KB<\/div>\n                    <\/div>\n                <\/div>\n            <\/div>\n            <div class=\"ml-3 wpdmdl-btn\">\n                <a class='wpdm-download-link btn btn-primary ' rel='nofollow' href='#' onclick=\"location.href='https:\/\/www.ebner-technology.com\/de\/download\/datenblatt-emzsp\/?wpdmdl=2527&refresh=69f4012ac60c61777598762';return false;\">Download<\/a>\n            <\/div>\n        <\/div>\n    <\/div>\n<\/div>\n\n\n<\/div><\/span><\/p>\n<p><\/p>","protected":false},"excerpt":{"rendered":"<p>ZWEISTRANG SOLARSTATION MIT HOCHEFFIZIENZPUMPE<\/p>\n","protected":false},"author":1,"featured_media":2538,"parent":177,"menu_order":8,"comment_status":"closed","ping_status":"closed","template":"","meta":{"_mi_skip_tracking":false,"spay_email":""},"_links":{"self":[{"href":"https:\/\/www.ebner-technology.com\/de\/wp-json\/wp\/v2\/pages\/683"}],"collection":[{"href":"https:\/\/www.ebner-technology.com\/de\/wp-json\/wp\/v2\/pages"}],"about":[{"href":"https:\/\/www.ebner-technology.com\/de\/wp-json\/wp\/v2\/types\/page"}],"author":[{"embeddable":true,"href":"https:\/\/www.ebner-technology.com\/de\/wp-json\/wp\/v2\/users\/1"}],"replies":[{"embeddable":true,"href":"https:\/\/www.ebner-technology.com\/de\/wp-json\/wp\/v2\/comments?post=683"}],"version-history":[{"count":6,"href":"https:\/\/www.ebner-technology.com\/de\/wp-json\/wp\/v2\/pages\/683\/revisions"}],"predecessor-version":[{"id":2661,"href":"https:\/\/www.ebner-technology.com\/de\/wp-json\/wp\/v2\/pages\/683\/revisions\/2661"}],"up":[{"embeddable":true,"href":"https:\/\/www.ebner-technology.com\/de\/wp-json\/wp\/v2\/pages\/177"}],"wp:featuredmedia":[{"embeddable":true,"href":"https:\/\/www.ebner-technology.com\/de\/wp-json\/wp\/v2\/media\/2538"}],"wp:attachment":[{"href":"https:\/\/www.ebner-technology.com\/de\/wp-json\/wp\/v2\/media?parent=683"}],"curies":[{"name":"wp","href":"https:\/\/api.w.org\/{rel}","templated":true}]}}