{"id":759,"date":"2015-09-29T13:12:57","date_gmt":"2015-09-29T11:12:57","guid":{"rendered":"http:\/\/ebner-markus.com\/?page_id=759"},"modified":"2017-09-25T15:16:19","modified_gmt":"2017-09-25T13:16:19","slug":"oeffnungszeiten-und-anfahrt","status":"publish","type":"page","link":"https:\/\/www.ebner-technology.com\/de\/oeffnungszeiten-und-anfahrt\/","title":{"rendered":"\u00d6ffnungszeiten und Anfahrt"},"content":{"rendered":"<p><span style=\"color: #003079; font-size: 16pt;\"><strong>Wir haben an folgenden Tagen f\u00fcr Sie ge\u00f6ffnet:<\/strong><\/span><\/p>\n<p><span style=\"color: #000000; font-size: 14pt;\">Montag &#8211; Freitag: 8:00 Uhr &#8211; 12:00 Uhr und 14:00 Uhr &#8211; 18:00 Uhr<\/span><\/p>\n<p><em><span style=\"color: #000000;\">Gerne nehmen wir uns auch au\u00dferhalb unserer Gesch\u00e4ftszeiten, bei einem Termin nach Absprache, f\u00fcr Sie Zeit.<\/span><\/em><\/p>\n<p><span style=\"font-size: 14pt;\"><span style=\"color: #000000;\">Kommen Sie zu uns nach Eppan und verschaffen Sie sich einen \u00dcberblick \u00fcber unsere Produktpalette in unserem neuen Showroom.<\/span><\/span><\/p>\n<p><a href=\"http:\/\/ebner-markus.com\/wp-content\/uploads\/2015\/09\/DSC_0047-3.jpg\" rel=\"attachment wp-att-1712\"><img loading=\"lazy\" class=\"alignnone wp-image-1712 size-large\" src=\"http:\/\/www.ebner-technology.com\/wp-content\/uploads\/2015\/09\/DSC_0047-3-1024x637.jpg\" alt=\"DSC_0047 (3)\" width=\"648\" height=\"403\" srcset=\"https:\/\/www.ebner-technology.com\/wp-content\/uploads\/2015\/09\/DSC_0047-3-1024x637.jpg 1024w, https:\/\/www.ebner-technology.com\/wp-content\/uploads\/2015\/09\/DSC_0047-3-300x187.jpg 300w, https:\/\/www.ebner-technology.com\/wp-content\/uploads\/2015\/09\/DSC_0047-3-768x478.jpg 768w, https:\/\/www.ebner-technology.com\/wp-content\/uploads\/2015\/09\/DSC_0047-3-648x403.jpg 648w, https:\/\/www.ebner-technology.com\/wp-content\/uploads\/2015\/09\/DSC_0047-3-309x192.jpg 309w\" sizes=\"(max-width: 648px) 100vw, 648px\" \/><\/a><\/p>\n<p><a href=\"http:\/\/ebner-markus.com\/wp-content\/uploads\/2015\/09\/DSCN0095-Kopie.jpg\" rel=\"attachment wp-att-1713\"><img loading=\"lazy\" class=\"alignnone wp-image-1713 size-large\" src=\"http:\/\/www.ebner-technology.com\/wp-content\/uploads\/2015\/09\/DSCN0095-Kopie-1024x768.jpg\" alt=\"DSCN0095 Kopie\" width=\"648\" height=\"486\" srcset=\"https:\/\/www.ebner-technology.com\/wp-content\/uploads\/2015\/09\/DSCN0095-Kopie-1024x768.jpg 1024w, https:\/\/www.ebner-technology.com\/wp-content\/uploads\/2015\/09\/DSCN0095-Kopie-300x225.jpg 300w, https:\/\/www.ebner-technology.com\/wp-content\/uploads\/2015\/09\/DSCN0095-Kopie-768x576.jpg 768w, https:\/\/www.ebner-technology.com\/wp-content\/uploads\/2015\/09\/DSCN0095-Kopie-648x486.jpg 648w, https:\/\/www.ebner-technology.com\/wp-content\/uploads\/2015\/09\/DSCN0095-Kopie-256x192.jpg 256w\" sizes=\"(max-width: 648px) 100vw, 648px\" \/><\/a><span style=\"color: #000000; font-size: 14pt;\"><strong>\u00a0<\/strong><\/span><\/p>\n<p><span style=\"font-size: 16pt;\"><strong><span style=\"color: #003079;\">Wie finden Sie zu uns&#8230;..ganz einfach:<\/span><\/strong><\/span><\/p>\n<p><span style=\"font-size: 16pt;\"><em><strong><span style=\"color: #003079;\"><div id=\"wpgmza_map\" class=\"wpgmza_map\" data-settings='{\"id\":\"1\",\"map_title\":\"Ebner Technology\",\"map_width\":\"100\",\"map_height\":\"400\",\"map_start_lat\":\"46.441809\",\"map_start_lng\":\"11.259763\",\"map_start_location\":\"46.44180853552527,11.25976284159471\",\"map_start_zoom\":\"16\",\"default_marker\":\"0\",\"type\":\"1\",\"alignment\":\"1\",\"directions_enabled\":\"1\",\"styling_enabled\":\"0\",\"styling_json\":\"\",\"active\":\"0\",\"kml\":\"\",\"bicycle\":\"0\",\"traffic\":\"0\",\"dbox\":\"1\",\"dbox_width\":\"250\",\"listmarkers\":\"0\",\"listmarkers_advanced\":\"0\",\"filterbycat\":\"0\",\"ugm_enabled\":\"0\",\"ugm_category_enabled\":\"0\",\"fusion\":\"\",\"map_width_type\":\"\\\\%\",\"map_height_type\":\"px\",\"mass_marker_support\":\"1\",\"ugm_access\":\"0\",\"order_markers_by\":\"1\",\"order_markers_choice\":\"2\",\"show_user_location\":\"0\",\"default_to\":\"\",\"other_settings\":{\"store_locator_enabled\":2,\"store_locator_distance\":2,\"store_locator_bounce\":1,\"store_locator_query_string\":\"ZIP \\\/ Address:\",\"wpgmza_store_locator_restrict\":\"\",\"map_max_zoom\":\"1\",\"transport_layer\":0}}' data-map-id='1' Data-maps-engine='' data-shortcode-attributes='{\"id\":\"1\"}' style=\"display:block; overflow:auto; width:100%; height:400px; float:left;\"><\/div><\/span><\/strong><\/em><\/span><\/p>\n<p>&nbsp;<\/p>\n<p><a href=\"http:\/\/www.ebner-technology.com\/wp-content\/uploads\/2015\/09\/DSC_0040-2.jpg\" rel=\"attachment wp-att-1732\"><img loading=\"lazy\" class=\"alignnone wp-image-1732 size-large\" src=\"http:\/\/www.ebner-technology.com\/wp-content\/uploads\/2015\/09\/DSC_0040-2-1024x998.jpg\" alt=\"DSC_0040 (2)\" width=\"648\" height=\"632\" srcset=\"https:\/\/www.ebner-technology.com\/wp-content\/uploads\/2015\/09\/DSC_0040-2-1024x998.jpg 1024w, https:\/\/www.ebner-technology.com\/wp-content\/uploads\/2015\/09\/DSC_0040-2-300x293.jpg 300w, https:\/\/www.ebner-technology.com\/wp-content\/uploads\/2015\/09\/DSC_0040-2-768x749.jpg 768w, https:\/\/www.ebner-technology.com\/wp-content\/uploads\/2015\/09\/DSC_0040-2-648x632.jpg 648w, https:\/\/www.ebner-technology.com\/wp-content\/uploads\/2015\/09\/DSC_0040-2-197x192.jpg 197w\" sizes=\"(max-width: 648px) 100vw, 648px\" \/><\/a><\/p>\n<p><span style=\"font-size: 8pt;\">\u00a0<\/span><\/p>\n<p><span style=\"color: #003079; font-size: 14pt;\"><strong>Mit dem Auto: <\/strong><\/span><\/p>\n<ul>\n<li style=\"list-style-type: none;\">\n<ul>\n<li><span style=\"color: #000000;\"><strong>\u00dcber die Brennerautobahn:<\/strong><\/span>\n<ul>\n<li><span style=\"color: #000000;\"><strong>nehmen Sie die Ausfahrt Bozen S\u00fcd<\/strong><\/span><\/li>\n<li><span style=\"color: #000000;\"><strong>fahren Sie auf die Schnellstra\u00dfe &#8222;MEBO&#8220; Richtung Meran<\/strong><\/span><\/li>\n<li><span style=\"color: #000000;\"><strong>nehmen Sie die erste Ausfahrt Richtung Eppan\/Kaltern<\/strong><\/span><\/li>\n<li><span style=\"color: #000000;\"><strong>passieren Sie den Tunnel\u00a0bei Eppan<\/strong><\/span><\/li>\n<li><span style=\"color: #000000;\"><strong>fahren Sie noch ca. 1 km weiter in Richtung Kaltern<\/strong><\/span><\/li>\n<li><span style=\"color: #000000;\"><strong>biegen Sie an der Kreuzung links\u00a0in &#8222;Handwerkerzone Kreuzweg&#8220; ab (gleich nach dem Restaurant Kreuzwegerhof)<\/strong><\/span><\/li>\n<li><span style=\"color: #000000;\"><strong>fahren Sie bis ans Ende der Stra\u00dfe und biegen Sie links ein<\/strong><\/span><\/li>\n<\/ul>\n<\/li>\n<\/ul>\n<\/li>\n<\/ul>\n<p>&nbsp;<\/p>\n<ul>\n<li><span style=\"color: #000000;\"><strong>\u00dcber die MEBO\u00a0von Meran:<\/strong><\/span>\n<ul>\n<li><span style=\"color: #000000;\"><strong>nehmen Sie die letzte\u00a0Ausfahrt vor Bozen, Richtung Eppan\/Kaltern<\/strong><\/span><\/li>\n<li><span style=\"color: #000000;\"><strong>passieren Sie den Tunnel\u00a0bei Eppan<\/strong><\/span><\/li>\n<li><span style=\"color: #000000;\"><strong>fahren Sie noch ca. 1 km weiter in Richtung Kaltern<\/strong><\/span><\/li>\n<li><span style=\"color: #000000;\"><strong>biegen Sie an der Kreuzung links\u00a0in &#8222;Handwerkerzone Kreuzweg&#8220; ab (gleich nach dem Restaurant Kreuzwegerhof)<\/strong><\/span><\/li>\n<li><span style=\"color: #000000;\"><strong>fahren Sie bis ans Ende der Stra\u00dfe und biegen Sie links ein<\/strong><\/span><\/li>\n<\/ul>\n<\/li>\n<\/ul>\n<p>&nbsp;<\/p>\n<ul>\n<li><span style=\"color: #000000;\"><strong>\u00dcber die Weinstra\u00dfe vom S\u00fcden:<\/strong><\/span>\n<ul>\n<li><span style=\"color: #000000;\"><strong>fahren Sie Richtung Kaltern<\/strong><\/span><\/li>\n<li><span style=\"color: #000000;\"><strong>in Kaltern, fahren Sie weiter Richtung Eppan\/Bozen<\/strong><\/span><\/li>\n<li><span style=\"color: #000000;\"><strong>kurz nach Kaltern sehen Sie auf der rechten Seite das &#8222;MAXI MODE CENTER&#8220;, fahren Sie noch ca. 500 Meter weiter<\/strong><\/span><\/li>\n<li><span style=\"color: #000000;\"><strong>Sie sehen auf der linken Seite eine Tankstelle &#8222;Q8&#8220;,<\/strong> <strong>biegen Sie gleich danach an der Kreuzung rechts\u00a0in &#8222;Handwerkerzone Kreuzweg&#8220; ab<\/strong><\/span><\/li>\n<li><span style=\"color: #000000;\"><strong>fahren Sie bis ans Ende der Stra\u00dfe und biegen Sie links ein<\/strong><\/span><\/li>\n<\/ul>\n<\/li>\n<\/ul>\n<p>&nbsp;<\/p>\n<p><span style=\"color: #003079; font-size: 14pt;\"><strong>Mit den \u00f6ffentlichen Verkehrsmitteln:<\/strong> <\/span><\/p>\n<ul>\n<li><span style=\"color: #000000;\"><strong>von Bozen:<\/strong><\/span>\n<ul>\n<li><span style=\"color: #000000;\"><strong>nehmen Sie den Metrobus &#8222;Kaltern Express&#8220; oder den Bus &#8222;Tramin Express&#8220; am Bozner Busbahnhof,\u00a0&#8222;Gleis&#8220; Nr. 8 (diese Busse starten jeweils um 5 Minuten nach der vollen Stunde, bzw. um 5 Minuten nach der halben Stunde)<\/strong><\/span><\/li>\n<li><span style=\"color: #000000;\"><strong>fahren Sie bis zur Haltestelle &#8222;Untere Gand\/Kreuzweg&#8220; (Haltestelle nach &#8222;Eppan Bahnhof&#8220;)<\/strong><\/span><\/li>\n<li><span style=\"color: #000000;\"><strong>gehen Sie noch ca. 500 Meter in diese Richtung weiter (in Richtung &#8222;MAXI MODE CENTER&#8220;)<\/strong><\/span><\/li>\n<li><span style=\"color: #000000;\"><strong>\u00fcberqueren Sie die Stra\u00dfe und gehen Sie rechts den Weg hinunter<\/strong><\/span><\/li>\n<li><span style=\"color: #000000;\"><strong>gehen Sie unter der Br\u00fccke durch und drehen Sie sich nach rechts<\/strong><\/span><\/li>\n<\/ul>\n<\/li>\n<\/ul>\n<p>&nbsp;<\/p>\n<ul>\n<li><span style=\"color: #000000;\"><strong>vom Unterland oder von Kaltern:<\/strong><\/span>\n<ul>\n<li><span style=\"color: #000000;\"><strong>nehmen Sie den Bus &#8222;Bozen Express&#8220; (er f\u00e4hrt alle 30 Minuten von Kaltern, bzw. immer zur dreiviertel Stunde von Tramin)<\/strong><\/span><\/li>\n<li><span style=\"color: #000000;\"><strong>fahren Sie bis zur Haltestelle &#8222;Untere Gand\/Kreuzweg&#8220; (Haltestelle nach &#8222;<b>MAXI MODE CENTER<\/b>&#8222;)<\/strong><\/span><\/li>\n<li><span style=\"color: #000000;\"><strong>\u00fcberqueren Sie die Stra\u00dfe und gehen Sie nach links ca. 500 Meter weiter (in Richtung &#8222;MAXI MODE CENTER&#8220;)<\/strong><\/span><\/li>\n<li><span style=\"color: #000000;\"><strong>\u00fcberqueren Sie die Stra\u00dfe und gehen Sie rechts den Weg hinunter<\/strong><\/span><\/li>\n<li><span style=\"color: #000000;\"><strong>gehen Sie unter der Br\u00fccke durch und drehen Sie sich nach rechts<\/strong><\/span><\/li>\n<\/ul>\n<\/li>\n<\/ul>\n<p>&nbsp;<\/p>","protected":false},"excerpt":{"rendered":"<p>Wir haben an folgenden Tagen f\u00fcr Sie ge\u00f6ffnet: Montag &#8211; Freitag: 8:00 Uhr &#8211; 12:00 Uhr und 14:00 Uhr &#8211; 18:00 Uhr Gerne nehmen wir uns auch au\u00dferhalb unserer Gesch\u00e4ftszeiten, bei einem Termin nach Absprache, f\u00fcr Sie Zeit. Kommen Sie zu uns nach Eppan und verschaffen Sie sich einen \u00dcberblick \u00fcber unsere Produktpalette in unserem &hellip; <a href=\"https:\/\/www.ebner-technology.com\/de\/oeffnungszeiten-und-anfahrt\/\" class=\"more-link\"><span class=\"screen-reader-text\">\u00d6ffnungszeiten und Anfahrt<\/span> weiterlesen<\/a><\/p>\n","protected":false},"author":1,"featured_media":1732,"parent":0,"menu_order":5,"comment_status":"closed","ping_status":"closed","template":"","meta":{"_mi_skip_tracking":false,"spay_email":""},"_links":{"self":[{"href":"https:\/\/www.ebner-technology.com\/de\/wp-json\/wp\/v2\/pages\/759"}],"collection":[{"href":"https:\/\/www.ebner-technology.com\/de\/wp-json\/wp\/v2\/pages"}],"about":[{"href":"https:\/\/www.ebner-technology.com\/de\/wp-json\/wp\/v2\/types\/page"}],"author":[{"embeddable":true,"href":"https:\/\/www.ebner-technology.com\/de\/wp-json\/wp\/v2\/users\/1"}],"replies":[{"embeddable":true,"href":"https:\/\/www.ebner-technology.com\/de\/wp-json\/wp\/v2\/comments?post=759"}],"version-history":[{"count":55,"href":"https:\/\/www.ebner-technology.com\/de\/wp-json\/wp\/v2\/pages\/759\/revisions"}],"predecessor-version":[{"id":2010,"href":"https:\/\/www.ebner-technology.com\/de\/wp-json\/wp\/v2\/pages\/759\/revisions\/2010"}],"wp:featuredmedia":[{"embeddable":true,"href":"https:\/\/www.ebner-technology.com\/de\/wp-json\/wp\/v2\/media\/1732"}],"wp:attachment":[{"href":"https:\/\/www.ebner-technology.com\/de\/wp-json\/wp\/v2\/media?parent=759"}],"curies":[{"name":"wp","href":"https:\/\/api.w.org\/{rel}","templated":true}]}}