{"id":792,"date":"2015-09-30T17:42:36","date_gmt":"2015-09-30T15:42:36","guid":{"rendered":"http:\/\/ebner-markus.com\/?page_id=792"},"modified":"2023-12-13T20:23:30","modified_gmt":"2023-12-13T19:23:30","slug":"impressum","status":"publish","type":"page","link":"https:\/\/www.ebner-technology.com\/de\/impressum\/","title":{"rendered":"Impressum, Transparenzbestimmungen und Datenschutz"},"content":{"rendered":"<p>Zust\u00e4ndig f\u00fcr Umsetzung und Inhalte:<\/p>\n<p><strong>EBNER TECHNOLOGY KG\/SAS<\/strong><\/p>\n<p><strong style=\"font-size: 16px;\">des\/di Ebner Markus &amp; Co.<\/strong><\/p>\n<p>Kreuzweg\/Via Crocevia 39, 39057 Eppan\/Appiano<br \/>\nTel: +39 0471 663268<\/p>\n<p>Email:\u00a0<strong><a href=\"mailto:info@ebner-technology.com\">info@ebner-technology.com<\/a><\/strong> &#8211; Web:\u00a0<strong><a href=\"http:\/\/www.ebner-technology.com\">www.ebner-technology.com<\/a><\/strong><br \/>\nMwst.Nr.\/IVA\/Cod.Fisc.: IT00745910216<\/p>\n<p>F\u00fcr alle Links der Website gilt:<br \/>\nWir erkl\u00e4ren hiermit ausdr\u00fccklich, dass wir keinerlei Einfluss auf die Gestaltung und die Inhalte der Seiten haben, zu denen wir einen Link gesetzt haben.<\/p>\n<p>Die EBNER TECHNOLOGY KG\/SAS distanziert sich hiermit ausdr\u00fccklich von allen Inhalten aller gelinkten Seiten und macht sich deren Inhalte nicht zu Eigen.<\/p>\n<p><span style=\"font-size: 14pt;\"><b>Transparenzbestimmungen &#8222;Pflicht zur Ver\u00f6ffentlichung der Beitr\u00e4ge und F\u00f6rderungen gem\u00e4\u00df Gesetz Nr. 124\/2017<\/b> <b>abge\u00e4ndert durch Gesetz Nr. 34\/2019&#8243;<\/b><\/span><\/p>\n<p>Wir weisen darauf hin, dass wir im laufenden und vorhergehenden Gesch\u00e4ftsjahr Beitr\u00e4ge und F\u00f6rderungen von nationaler- und Landesebene erhalten haben, welche alle im Verzeichnis der staatlichen Beihilfen (RNA) aufscheinen und unter folgendem Link eingesehen werden k\u00f6nnen: <a href=\"https:\/\/www.rna.gov.it\/RegistroNazionaleTrasparenza\/faces\/pages\/TrasparenzaAiuto.jspx\">https:\/\/www.rna.gov.it\/RegistroNazionaleTrasparenza\/faces\/pages\/TrasparenzaAiuto.jspx<\/a><\/p>\n<h6><span style=\"font-size: 24pt;\"><strong>Privacy policy<\/strong><\/span><\/h6>\n<p style=\"text-align: justify;\"><strong>Schutz Ihrer Privatsph\u00e4re<\/strong><br \/>\nDer Schutz Ihrer pers\u00f6nlichen Daten ist uns ein besonderes Anliegen. Wir verarbeiten Ihre Daten daher ausschlie\u00dflich auf Grundlage der EU Datenschutz-Grundverordnung Nr. 679\/2016.<br \/>\nDiese Datenschutzrichtlinie dient der Beantwortung Ihrer Fragen hinsichtlich der Quelle und Art von uns erfasster Daten sowie deren Verwendung, Weitergabe an Dritte und der Gew\u00e4hrleistung von Vertraulichkeit und Sicherheit. Sie k\u00f6nnen Ihre Angaben korrigieren und deren Weitergabe an Dritte einschr\u00e4nken. EBNER TECHNOLOGY KG\/SAS beh\u00e4lt sich das Recht vor, diese Datenschutzrichtlinie jederzeit unangek\u00fcndigt zu \u00e4ndern. Sollten wir unsere Datenschutzrichtlinie \u00e4ndern bzw. aktualisieren, wird diese Neufassung hier aufgef\u00fchrt. Alle \u00c4nderungen gelten f\u00fcr jegliche von EBNER TECHNOLOGY KG\/SAS erfassten Daten einschlie\u00dflich derer, die zuvor erfasst wurden.<\/p>\n<p><strong>\u00dcber uns<\/strong><br \/>\nDer Sitz der EBNER TECHNOLOGY KG\/SAS ist in: Kreuzweg 39, I-39057 Eppan<\/p>\n<p><strong>Daten und Datenerfassung<\/strong><br \/>\nIhre pers\u00f6nlichen Daten k\u00f6nnen wir beziehen von:<br \/>\n&#8211; Ihnen, wenn Sie uns diese freiwillig zur Verf\u00fcgung stellen<br \/>\n&#8211; Beim Besuch unserer Websites und Datenaustausch mit Ihrem Browser<br \/>\n&#8211; Anderweitigen Quellen im Zusammenhang mit der Erf\u00fcllung Ihrer Bed\u00fcrfnisse und Serviceleistungen<\/p>\n<p>Zu den pers\u00f6nlichen Daten, die wir \u00fcber diese Quellen erfassen, geh\u00f6ren:<br \/>\n&#8211; Name, Adressen und Telefonnummern<br \/>\n&#8211; E-Mail-Adressen, Faxnummern<br \/>\n&#8211; Notwendige Informationen zur Unterst\u00fctzung der Serviceleistungen<\/p>\n<p style=\"text-align: justify;\"><strong>Gesammelte Daten<\/strong><br \/>\nZus\u00e4tzlich zur Erfassung Ihrer pers\u00f6nlichen Daten beim Besuch unserer Websites k\u00f6nnen wir weitere Daten ermitteln, wie zum Beispiel Ihren Browser-Typ, das von Ihnen verwendete Betriebssystem, den Namen Ihres Internetanbieters und die auf den Websites besuchten Seiten. EBNER TECHNOLOGY KG\/SAS gewinnt diese Information durch den Einsatz von Technologien, einschlie\u00dflich Cookies, um die Funktionsf\u00e4higkeit und Benutzerfreundlichkeit unserer Websites zu verbessern und diese den Bed\u00fcrfnissen unserer Besucher besser anzupassen. Keine dieser erfassten Informationen identifiziert Sie pers\u00f6nlich. Sie dienen lediglich zur Gesamtauswertung der Website-Aktivit\u00e4ten. So m\u00f6chten wir beispielsweise wissen, wie viel Zeit der durchschnittliche Besucher auf unseren Websites verbringt oder welchen Seiten bzw. Funktionen am meisten Aufmerksamkeit geschenkt wird.<\/p>\n<p style=\"text-align: justify;\"><strong>Ausnahmen von dieser Datenschutzrichtlinie<\/strong><br \/>\n&#8211; Unternehmensdaten (es sei denn, es betrifft auch eine identifizierbare Person).<br \/>\n&#8211; Weitere Websites, die \u00fcber einen Link auf unseren Websites aufgerufen wurden. In diesem Fall gilt die Datenschutzrichtlinie des Besitzers der verlinkten Website.<\/p>\n<p style=\"text-align: justify;\"><strong>Links<\/strong><br \/>\nUnsere Websites enthalten Links zu anderen Websites. Bitte achten Sie darauf, dass wir f\u00fcr den Inhalt bzw. die Datenschutzpraktiken solcher Websites nicht verantwortlich sind. Wir empfehlen Ihnen, die Datenschutzerkl\u00e4rungen aller Websites zu lesen, die Daten von Ihnen erfassen. Die Datenschutzrichtlinie von EBNER TECHNOLOGY KG\/SAS gilt ausschlie\u00dflich f\u00fcr Daten, die durch EBNER TECHNOLOGY KG\/SAS erfasst wurden.<\/p>\n<p style=\"text-align: justify;\"><strong>Hinweis an bzw. in Bezug auf Kinder unter 16 Jahren<\/strong><br \/>\nFalls Sie unter 16 Jahre alt sind, sollten Sie ohne das Wissen und die Erlaubnis Ihrer Eltern bzw. Ihres Erziehungsberechtigten keine pers\u00f6nlich identifizierbaren Daten (wie zum Beispiel Ihren Nachnamen, Wohnadresse oder E-Mail-Adresse) an EBNER TECHNOLOGY KG\/SAS herausgeben. Sollte EBNER TECHNOLOGY KG\/SAS herausfinden, dass Sie unter 16 Jahre alt sind, wird EBNER TECHNOLOGY KG\/SAS ohne die nachweisliche Zustimmung Ihrer Eltern bzw. Ihres Erziehungsberechtigten, au\u00dfer wenn dies gesetzlich erlaubt ist, keine pers\u00f6nlich identifizierbaren Daten \u00fcber Sie speichern oder verwenden. Das kann bedeuten, dass Sie ohne diese nachweisliche Zustimmung einige Funktionen der Websites nicht nutzen k\u00f6nnen.<\/p>\n<p style=\"text-align: justify;\"><strong>Verwendung Ihrer Daten<\/strong><br \/>\nWir nutzen Ihre pers\u00f6nlichen Daten, um unser Unternehmen darin zu unterst\u00fctzen, Ihnen Informationen, Produkte und Serviceleistungen anzubieten.<\/p>\n<p style=\"text-align: justify;\"><strong>Weitergabe Ihrer pers\u00f6nlichen Daten<\/strong><br \/>\nWir verkaufen Ihren Namen oder anderweitige pers\u00f6nliche Daten nicht an Dritte und beabsichtigen das auch in Zukunft nicht. Von Zeit zu Zeit k\u00f6nnen wir Dritte zur Bearbeitung von Daten f\u00fcr uns beauftragen, wobei Ihre pers\u00f6nlichen Daten m\u00f6glicherweise an diese Dritten weitergegeben werden. EBNER TECHNOLOGY KG\/SAS verlangt jedoch, dass diese Dritten bei der Nutzung und\/oder Bearbeitung dieser Informationen der Datenschutzrichtlinie von EBNER TECHNOLOGY KG\/SAS entsprechen. Wir k\u00f6nnen anonyme und unpers\u00f6nliche Daten \u00fcber all unsere Nutzer an Dritte weitergeben.<\/p>\n<p style=\"text-align: justify;\"><strong>Verwendung von Cookies und \u00e4hnlichen Technologien durch EBNER TECHNOLOGY KG\/SAS<\/strong><br \/>\nEBNER TECHNOLOGY KG\/SAS verwendet Cookies, Tags und weitere derartige Technologien, um vertrauliche Daten in Bezug auf die generelle Nutzung von Websites zu erfassen, sodass wir Ihre Kundenerfahrung auf unseren Websites verbessern k\u00f6nnen. Diese Cookies sind nicht darauf ausgelegt, Sie pers\u00f6nlich zu identifizieren. Die von ihnen erfassten Daten werden ausschlie\u00dflich verwendet, um die Navigation zu verbessern, Inhalte anzureichern und um sicherzustellen, dass unsere Websites weiterhin den Bed\u00fcrfnissen unserer Nutzer entsprechen. Diese Cookies werden nicht zu Werbezwecken genutzt. Sie k\u00f6nnen auf den Websites von EBNER TECHNOLOGY KG\/SAS surfen, ohne dabei Cookies zu akzeptieren.<\/p>\n<p style=\"text-align: justify;\"><strong>\u00dcber Sie erfasste Daten und deren Weiterleitung an Dritte<\/strong><br \/>\nSie k\u00f6nnen jederzeit erfahren, welche pers\u00f6nlichen Daten uns vorliegen, wof\u00fcr diese verwendet werden und an wen sie weitergegeben wurden. Wir werden unser Bestes tun, Ihnen die n\u00f6tigen Informationen innerhalb eines angemessenen Zeitraums zur Verf\u00fcgung zu stellen. Sollten wir Ihrem Ersuchen nicht nachkommen k\u00f6nnen, erhalten Sie eine dementsprechende Begr\u00fcndung.<\/p>\n<p style=\"text-align: justify;\"><strong>Speicherung Ihrer pers\u00f6nlichen Daten<\/strong><br \/>\nWir speichern Ihre pers\u00f6nlichen Daten nur so lange wir diese ben\u00f6tigen, um Ihnen Serviceleistungen bieten zu k\u00f6nnen und um den rechtlichen Bestimmungen zu entsprechen. Sollten wir die Daten nicht l\u00e4nger ben\u00f6tigen, werden diese entweder gel\u00f6scht oder anonymisiert.<\/p>\n<p style=\"text-align: justify;\"><strong>Sicherheitsvorkehrungen zum Schutz Ihrer pers\u00f6nlichen Daten<\/strong><br \/>\nZum Schutz der Sicherheit und Vertraulichkeit Ihrer Daten wurden von uns entsprechende Ma\u00dfnahmen ergriffen und Vorrichtungen installiert. Wir \u00fcberpr\u00fcfen und verbessern diese Ma\u00dfnahmen regelm\u00e4\u00dfig, um sicherzustellen, dass zu diesem Zeitpunkt jeder angemessene und technisch m\u00f6gliche Schutz Ihrer Daten gew\u00e4hrleistet wird.<\/p>\n<p style=\"text-align: justify;\"><strong>Bei Fragen, Anliegen oder Beschwerden hinsichtlich Ihrer Privatsph\u00e4re<\/strong><br \/>\nSollten Sie Fragen, Anliegen oder Beschwerden in Bezug auf die Art und Weise haben, wie Ihre pers\u00f6nlichen Daten von EBNER TECHNOLOGY KG\/SAS erfasst bzw. verwendet werden, kontaktieren Sie bitte den Datenschutz-Beauftragten unter:<br \/>\nEBNER TECHNOLOGY KG\/SAS<br \/>\nKreuzweg 39, I-39057 Eppan<br \/>\ninfo@ebner-technology.com<\/p>\n<p>Alle Anfragen oder Anliegen in Bezug auf pers\u00f6nliche Daten werden so schnell als m\u00f6glich bearbeitet und best\u00e4tigt.<\/p>\n<p><b><div class=\"wsp-container\"><h2 class=\"wsp-pages-title\">Pages<\/h2>\n<ul class=\"wsp-pages-list\">\n<li class=\"page_item page-item-41\"><a href=\"https:\/\/www.ebner-technology.com\/de\/\">#41 (kein Titel)<\/a><\/li>\n<li class=\"page_item page-item-1591 page_item_has_children\"><a href=\"https:\/\/www.ebner-technology.com\/de\/downloads\/\">Downloads<\/a>\n<ul class='children'>\n\t<li class=\"page_item page-item-1991\"><a href=\"https:\/\/www.ebner-technology.com\/de\/downloads\/preisliste-03-20182019\/\">Preisliste<\/a><\/li>\n\t<li class=\"page_item page-item-1972\"><a href=\"https:\/\/www.ebner-technology.com\/de\/downloads\/generalkatalog\/\">Technischer Generalkatalog<\/a><\/li>\n<\/ul>\n<\/li>\n<li class=\"page_item page-item-2182\"><a href=\"https:\/\/www.ebner-technology.com\/de\/login-customizer\/\">Login Customizer<\/a><\/li>\n<li class=\"page_item page-item-1581\"><a href=\"https:\/\/www.ebner-technology.com\/de\/news\/\">News<\/a><\/li>\n<li class=\"page_item page-item-115 page_item_has_children\"><a href=\"https:\/\/www.ebner-technology.com\/de\/products\/\">Produkte<\/a>\n<ul class='children'>\n\t<li class=\"page_item page-item-117 page_item_has_children\"><a href=\"https:\/\/www.ebner-technology.com\/de\/products\/solar\/\">Solarkollektoren<\/a>\n\t<ul class='children'>\n\t\t<li class=\"page_item page-item-2220\"><a href=\"https:\/\/www.ebner-technology.com\/de\/products\/solar\/classicline\/\">CLASSICLINE<\/a><\/li>\n\t\t<li class=\"page_item page-item-2226\"><a href=\"https:\/\/www.ebner-technology.com\/de\/products\/solar\/comfortline\/\">COMFORTLINE<\/a><\/li>\n\t\t<li class=\"page_item page-item-120\"><a href=\"https:\/\/www.ebner-technology.com\/de\/products\/solar\/solarline\/\">SOLARLINE<\/a><\/li>\n\t\t<li class=\"page_item page-item-203\"><a href=\"https:\/\/www.ebner-technology.com\/de\/products\/solar\/plusline\/\">PLUSLINE<\/a><\/li>\n\t\t<li class=\"page_item page-item-2249\"><a href=\"https:\/\/www.ebner-technology.com\/de\/products\/solar\/emek202\/\">EMEK202<\/a><\/li>\n\t\t<li class=\"page_item page-item-237\"><a href=\"https:\/\/www.ebner-technology.com\/de\/products\/solar\/emhk201-emhk251\/\">EMHK201 \/ EMHK251<\/a><\/li>\n\t\t<li class=\"page_item page-item-2263\"><a href=\"https:\/\/www.ebner-technology.com\/de\/products\/solar\/emmk265q\/\">EMMK265Q<\/a><\/li>\n\t\t<li class=\"page_item page-item-252\"><a href=\"https:\/\/www.ebner-technology.com\/de\/products\/solar\/emgfka\/\">EMGFKA<\/a><\/li>\n\t\t<li class=\"page_item page-item-264\"><a href=\"https:\/\/www.ebner-technology.com\/de\/products\/solar\/emgka\/\">EMGKA<\/a><\/li>\n\t\t<li class=\"page_item page-item-275\"><a href=\"https:\/\/www.ebner-technology.com\/de\/products\/solar\/emgke\/\">EMGKE<\/a><\/li>\n\t\t<li class=\"page_item page-item-284\"><a href=\"https:\/\/www.ebner-technology.com\/de\/products\/solar\/emgkh\/\">EMGKH<\/a><\/li>\n\t\t<li class=\"page_item page-item-291\"><a href=\"https:\/\/www.ebner-technology.com\/de\/products\/solar\/emgkam\/\">EMGKAM<\/a><\/li>\n\t\t<li class=\"page_item page-item-301\"><a href=\"https:\/\/www.ebner-technology.com\/de\/products\/solar\/emgkem\/\">EMGKEM<\/a><\/li>\n\t\t<li class=\"page_item page-item-309\"><a href=\"https:\/\/www.ebner-technology.com\/de\/products\/solar\/emgkhm\/\">EMGKHM<\/a><\/li>\n\t\t<li class=\"page_item page-item-320\"><a href=\"https:\/\/www.ebner-technology.com\/de\/products\/solar\/emssa\/\">EMSSA<\/a><\/li>\n\t<\/ul>\n<\/li>\n\t<li class=\"page_item page-item-157 page_item_has_children\"><a href=\"https:\/\/www.ebner-technology.com\/de\/products\/speicher\/\">Warmwasserspeicher<\/a>\n\t<ul class='children'>\n\t\t<li class=\"page_item page-item-345\"><a href=\"https:\/\/www.ebner-technology.com\/de\/products\/speicher\/emesp\/\">EMESP<\/a><\/li>\n\t\t<li class=\"page_item page-item-351\"><a href=\"https:\/\/www.ebner-technology.com\/de\/products\/speicher\/emssp\/\">EMSSP<\/a><\/li>\n\t\t<li class=\"page_item page-item-361\"><a href=\"https:\/\/www.ebner-technology.com\/de\/products\/speicher\/eme1se\/\">EME1SE<\/a><\/li>\n\t\t<li class=\"page_item page-item-368\"><a href=\"https:\/\/www.ebner-technology.com\/de\/products\/speicher\/eme2se\/\">EME2SE<\/a><\/li>\n\t\t<li class=\"page_item page-item-376\"><a href=\"https:\/\/www.ebner-technology.com\/de\/products\/speicher\/eme1ss\/\">EME1SS<\/a><\/li>\n\t\t<li class=\"page_item page-item-383\"><a href=\"https:\/\/www.ebner-technology.com\/de\/products\/speicher\/eme2ss\/\">EME2SS<\/a><\/li>\n\t\t<li class=\"page_item page-item-389\"><a href=\"https:\/\/www.ebner-technology.com\/de\/products\/speicher\/ems1ss\/\">EMS1SS<\/a><\/li>\n\t\t<li class=\"page_item page-item-395\"><a href=\"https:\/\/www.ebner-technology.com\/de\/products\/speicher\/ems2ss\/\">EMS2SS<\/a><\/li>\n\t\t<li class=\"page_item page-item-399\"><a href=\"https:\/\/www.ebner-technology.com\/de\/products\/speicher\/emews\/\">EMEWS<\/a><\/li>\n\t\t<li class=\"page_item page-item-405\"><a href=\"https:\/\/www.ebner-technology.com\/de\/products\/speicher\/emsws\/\">EMSWS<\/a><\/li>\n\t\t<li class=\"page_item page-item-409\"><a href=\"https:\/\/www.ebner-technology.com\/de\/products\/speicher\/emlse\/\">EMLSE<\/a><\/li>\n\t\t<li class=\"page_item page-item-415\"><a href=\"https:\/\/www.ebner-technology.com\/de\/products\/speicher\/emlss\/\">EMLSS<\/a><\/li>\n\t\t<li class=\"page_item page-item-420\"><a href=\"https:\/\/www.ebner-technology.com\/de\/products\/speicher\/emerw1\/\">EMERW1<\/a><\/li>\n\t\t<li class=\"page_item page-item-426\"><a href=\"https:\/\/www.ebner-technology.com\/de\/products\/speicher\/emerw2\/\">EMERW2<\/a><\/li>\n\t\t<li class=\"page_item page-item-431\"><a href=\"https:\/\/www.ebner-technology.com\/de\/products\/speicher\/emsrw1\/\">EMSRW1<\/a><\/li>\n\t\t<li class=\"page_item page-item-436\"><a href=\"https:\/\/www.ebner-technology.com\/de\/products\/speicher\/emsrw2\/\">EMSRW2<\/a><\/li>\n\t\t<li class=\"page_item page-item-442\"><a href=\"https:\/\/www.ebner-technology.com\/de\/products\/speicher\/emwpe1\/\">EMWPE1<\/a><\/li>\n\t\t<li class=\"page_item page-item-448\"><a href=\"https:\/\/www.ebner-technology.com\/de\/products\/speicher\/emwpe2\/\">EMWPE2<\/a><\/li>\n\t\t<li class=\"page_item page-item-453\"><a href=\"https:\/\/www.ebner-technology.com\/de\/products\/speicher\/emwps1\/\">EMWPS1<\/a><\/li>\n\t\t<li class=\"page_item page-item-457\"><a href=\"https:\/\/www.ebner-technology.com\/de\/products\/speicher\/emwps2\/\">EMWPS2<\/a><\/li>\n\t\t<li class=\"page_item page-item-461\"><a href=\"https:\/\/www.ebner-technology.com\/de\/products\/speicher\/empsa0\/\">EMPSA0<\/a><\/li>\n\t\t<li class=\"page_item page-item-466\"><a href=\"https:\/\/www.ebner-technology.com\/de\/products\/speicher\/empsa1\/\">EMPSA1<\/a><\/li>\n\t\t<li class=\"page_item page-item-471\"><a href=\"https:\/\/www.ebner-technology.com\/de\/products\/speicher\/empsa2\/\">EMPSA2<\/a><\/li>\n\t\t<li class=\"page_item page-item-477\"><a href=\"https:\/\/www.ebner-technology.com\/de\/products\/speicher\/empsxl\/\">EMPSXL<\/a><\/li>\n\t\t<li class=\"page_item page-item-482\"><a href=\"https:\/\/www.ebner-technology.com\/de\/products\/speicher\/empsxxl\/\">EMPSXXL<\/a><\/li>\n\t\t<li class=\"page_item page-item-485\"><a href=\"https:\/\/www.ebner-technology.com\/de\/products\/speicher\/emsfw1\/\">EMSFW1<\/a><\/li>\n\t\t<li class=\"page_item page-item-489\"><a href=\"https:\/\/www.ebner-technology.com\/de\/products\/speicher\/emsfw2\/\">EMSFW2<\/a><\/li>\n\t\t<li class=\"page_item page-item-494\"><a href=\"https:\/\/www.ebner-technology.com\/de\/products\/speicher\/emfwt0\/\">EMFWT0<\/a><\/li>\n\t\t<li class=\"page_item page-item-500\"><a href=\"https:\/\/www.ebner-technology.com\/de\/products\/speicher\/emfwt1\/\">EMFWT1<\/a><\/li>\n\t\t<li class=\"page_item page-item-504\"><a href=\"https:\/\/www.ebner-technology.com\/de\/products\/speicher\/emfwt2\/\">EMFWT2<\/a><\/li>\n\t\t<li class=\"page_item page-item-508\"><a href=\"https:\/\/www.ebner-technology.com\/de\/products\/speicher\/emfsl0-emfsl1\/\">EMFSL0 | EMFSL1<\/a><\/li>\n\t\t<li class=\"page_item page-item-535\"><a href=\"https:\/\/www.ebner-technology.com\/de\/products\/speicher\/empfs1\/\">EMPFS1<\/a><\/li>\n\t\t<li class=\"page_item page-item-543\"><a href=\"https:\/\/www.ebner-technology.com\/de\/products\/speicher\/emtit0\/\">EMTIT0<\/a><\/li>\n\t\t<li class=\"page_item page-item-547\"><a href=\"https:\/\/www.ebner-technology.com\/de\/products\/speicher\/emtit1\/\">EMTIT1<\/a><\/li>\n\t\t<li class=\"page_item page-item-552\"><a href=\"https:\/\/www.ebner-technology.com\/de\/products\/speicher\/emtit2\/\">EMTIT2<\/a><\/li>\n\t\t<li class=\"page_item page-item-557\"><a href=\"https:\/\/www.ebner-technology.com\/de\/products\/speicher\/sonderspeicher\/\">SONDERSPEICHER<\/a><\/li>\n\t<\/ul>\n<\/li>\n\t<li class=\"page_item page-item-159 page_item_has_children\"><a href=\"https:\/\/www.ebner-technology.com\/de\/products\/kaeltespeicher\/\">Kaltwasserspeicher<\/a>\n\t<ul class='children'>\n\t\t<li class=\"page_item page-item-560\"><a href=\"https:\/\/www.ebner-technology.com\/de\/products\/kaeltespeicher\/emkhps\/\">EMKHPS<\/a><\/li>\n\t\t<li class=\"page_item page-item-568\"><a href=\"https:\/\/www.ebner-technology.com\/de\/products\/kaeltespeicher\/emksa\/\">EMKSA<\/a><\/li>\n\t\t<li class=\"page_item page-item-575\"><a href=\"https:\/\/www.ebner-technology.com\/de\/products\/kaeltespeicher\/emksz\/\">EMKSZ<\/a><\/li>\n\t\t<li class=\"page_item page-item-579\"><a href=\"https:\/\/www.ebner-technology.com\/de\/products\/kaeltespeicher\/emkse\/\">EMKSE<\/a><\/li>\n\t<\/ul>\n<\/li>\n\t<li class=\"page_item page-item-171 page_item_has_children\"><a href=\"https:\/\/www.ebner-technology.com\/de\/products\/frischwasserstationen\/\">Frischwasserstationen<\/a>\n\t<ul class='children'>\n\t\t<li class=\"page_item page-item-584\"><a href=\"https:\/\/www.ebner-technology.com\/de\/products\/frischwasserstationen\/emfws30-40-65r\/\">EMFWS30|40R<\/a><\/li>\n\t\t<li class=\"page_item page-item-605\"><a href=\"https:\/\/www.ebner-technology.com\/de\/products\/frischwasserstationen\/emfws-r\/\">EMFWS-R<\/a><\/li>\n\t\t<li class=\"page_item page-item-611\"><a href=\"https:\/\/www.ebner-technology.com\/de\/products\/frischwasserstationen\/emhd\/\">EMHD<\/a><\/li>\n\t<\/ul>\n<\/li>\n\t<li class=\"page_item page-item-173 page_item_has_children\"><a href=\"https:\/\/www.ebner-technology.com\/de\/products\/plattenwaermetauscher\/\">Plattenw\u00e4rmetauscher<\/a>\n\t<ul class='children'>\n\t\t<li class=\"page_item page-item-616\"><a href=\"https:\/\/www.ebner-technology.com\/de\/products\/plattenwaermetauscher\/emsap\/\">EMSAP<\/a><\/li>\n\t\t<li class=\"page_item page-item-619\"><a href=\"https:\/\/www.ebner-technology.com\/de\/products\/plattenwaermetauscher\/emwsap\/\">EMWSAP<\/a><\/li>\n\t<\/ul>\n<\/li>\n\t<li class=\"page_item page-item-177 page_item_has_children\"><a href=\"https:\/\/www.ebner-technology.com\/de\/products\/zubehoer\/\">Zubeh\u00f6r<\/a>\n\t<ul class='children'>\n\t\t<li class=\"page_item page-item-643\"><a href=\"https:\/\/www.ebner-technology.com\/de\/products\/zubehoer\/verschiedenes-zubehoer\/\">VERSCHIEDENES ZUBEH\u00d6R<\/a><\/li>\n\t\t<li class=\"page_item page-item-656\"><a href=\"https:\/\/www.ebner-technology.com\/de\/products\/zubehoer\/emmas\/\">EMMAS<\/a><\/li>\n\t\t<li class=\"page_item page-item-661\"><a href=\"https:\/\/www.ebner-technology.com\/de\/products\/zubehoer\/emregtd1\/\">EMREGTD1<\/a><\/li>\n\t\t<li class=\"page_item page-item-664\"><a href=\"https:\/\/www.ebner-technology.com\/de\/products\/zubehoer\/emregtd2\/\">EMREGTD2<\/a><\/li>\n\t\t<li class=\"page_item page-item-668\"><a href=\"https:\/\/www.ebner-technology.com\/de\/products\/zubehoer\/emregtd4\/\">EMREGTD4<\/a><\/li>\n\t\t<li class=\"page_item page-item-671\"><a href=\"https:\/\/www.ebner-technology.com\/de\/products\/zubehoer\/emregtd5\/\">EMREGTD5<\/a><\/li>\n\t\t<li class=\"page_item page-item-676\"><a href=\"https:\/\/www.ebner-technology.com\/de\/products\/zubehoer\/emsol\/\">EMSOL<\/a><\/li>\n\t\t<li class=\"page_item page-item-683\"><a href=\"https:\/\/www.ebner-technology.com\/de\/products\/zubehoer\/emzsp\/\">EMZSP<\/a><\/li>\n\t\t<li class=\"page_item page-item-679\"><a href=\"https:\/\/www.ebner-technology.com\/de\/products\/zubehoer\/emswr\/\">EMSWR<\/a><\/li>\n\t<\/ul>\n<\/li>\n<\/ul>\n<\/li>\n<li class=\"page_item page-item-89\"><a href=\"https:\/\/www.ebner-technology.com\/de\/ueber-uns\/\">\u00dcber uns<\/a><\/li>\n<li class=\"page_item page-item-104\"><a href=\"https:\/\/www.ebner-technology.com\/de\/zertifizierungen-und-energie-label\/\">Zertifizierungen und Energie-Label<\/a><\/li>\n<li class=\"page_item page-item-759\"><a href=\"https:\/\/www.ebner-technology.com\/de\/oeffnungszeiten-und-anfahrt\/\">\u00d6ffnungszeiten und Anfahrt<\/a><\/li>\n<li class=\"page_item page-item-786\"><a href=\"https:\/\/www.ebner-technology.com\/de\/kontakt\/\">Kontakt<\/a><\/li>\n<li class=\"page_item page-item-798\"><a href=\"https:\/\/www.ebner-technology.com\/de\/jobkarriere\/\">Job\/Karriere<\/a><\/li>\n<li class=\"page_item page-item-799\"><a href=\"https:\/\/www.ebner-technology.com\/de\/allgemeine-geschaeftsbedingungen\/\">Allgemeine Gesch\u00e4ftsbedingungen<\/a><\/li>\n<li class=\"page_item page-item-792\"><a href=\"https:\/\/www.ebner-technology.com\/de\/impressum\/\">Impressum, Transparenzbestimmungen und Datenschutz<\/a><\/li>\n<\/ul>\n<\/div><\/b><\/p>","protected":false},"excerpt":{"rendered":"<p>Zust\u00e4ndig f\u00fcr Umsetzung und Inhalte: EBNER TECHNOLOGY KG\/SAS des\/di Ebner Markus &amp; Co. Kreuzweg\/Via Crocevia 39, 39057 Eppan\/Appiano Tel: +39 0471 663268 Email:\u00a0info@ebner-technology.com &#8211; Web:\u00a0www.ebner-technology.com Mwst.Nr.\/IVA\/Cod.Fisc.: IT00745910216 F\u00fcr alle Links der Website gilt: Wir erkl\u00e4ren hiermit ausdr\u00fccklich, dass wir keinerlei Einfluss auf die Gestaltung und die Inhalte der Seiten haben, zu denen wir einen Link &hellip; <a href=\"https:\/\/www.ebner-technology.com\/de\/impressum\/\" class=\"more-link\"><span class=\"screen-reader-text\">Impressum, Transparenzbestimmungen und Datenschutz<\/span> weiterlesen<\/a><\/p>\n","protected":false},"author":1,"featured_media":0,"parent":0,"menu_order":9,"comment_status":"closed","ping_status":"closed","template":"","meta":{"_mi_skip_tracking":false,"spay_email":""},"_links":{"self":[{"href":"https:\/\/www.ebner-technology.com\/de\/wp-json\/wp\/v2\/pages\/792"}],"collection":[{"href":"https:\/\/www.ebner-technology.com\/de\/wp-json\/wp\/v2\/pages"}],"about":[{"href":"https:\/\/www.ebner-technology.com\/de\/wp-json\/wp\/v2\/types\/page"}],"author":[{"embeddable":true,"href":"https:\/\/www.ebner-technology.com\/de\/wp-json\/wp\/v2\/users\/1"}],"replies":[{"embeddable":true,"href":"https:\/\/www.ebner-technology.com\/de\/wp-json\/wp\/v2\/comments?post=792"}],"version-history":[{"count":24,"href":"https:\/\/www.ebner-technology.com\/de\/wp-json\/wp\/v2\/pages\/792\/revisions"}],"predecessor-version":[{"id":2653,"href":"https:\/\/www.ebner-technology.com\/de\/wp-json\/wp\/v2\/pages\/792\/revisions\/2653"}],"wp:attachment":[{"href":"https:\/\/www.ebner-technology.com\/de\/wp-json\/wp\/v2\/media?parent=792"}],"curies":[{"name":"wp","href":"https:\/\/api.w.org\/{rel}","templated":true}]}}