{"id":798,"date":"2015-10-01T15:22:21","date_gmt":"2015-10-01T13:22:21","guid":{"rendered":"http:\/\/ebner-markus.com\/?page_id=798"},"modified":"2021-11-12T14:47:10","modified_gmt":"2021-11-12T13:47:10","slug":"jobkarriere","status":"publish","type":"page","link":"https:\/\/www.ebner-technology.com\/de\/jobkarriere\/","title":{"rendered":"Job\/Karriere"},"content":{"rendered":"<p><span style=\"color: #003079; font-size: 16pt;\"><strong>Ebner Technology KG \u2013 die Nummer 1. f\u00fcr Ihre sonnige Zukunft!<\/strong><\/span><\/p>\n<p><span style=\"color: #003079;\"><strong>Wir suchen laufend Verst\u00e4rkung f\u00fcr unseren Vertrieb<\/strong><\/span><\/p>\n<p>Zur Verst\u00e4rkung unseres Vertriebsteams f\u00fcr thermische Solaranlagen, Speicher- und Frischwassertechnik suchen wir laufend <strong>Vertriebsmitarbeiter im Au\u00dfendienst (m\/w).<\/strong> Die T\u00e4tigkeit richtet sich an Selbst\u00e4ndige mit eigener MwSt.-Nummer.<\/p>\n<p><strong>Ihre Aufgabe:<\/strong> Betreuung unseres Kundenstammes, Neukundengewinnung, Aktive Umsetzung unserer Vertriebsziele, technische Beratung.<br \/>\n<strong>Wir erwarten:<\/strong> Abgeschlossene Ausbildung als Installateur\/-in f\u00fcr Heizung und sanit\u00e4re Anlagen, sicheres Auftreten, gute Umgangsformen, \u00dcberzeugungskraft, Hohe Kontaktfreudigkeit, sehr gute EDV-Kenntnisse, Vertriebserfahrung, sowie gute sprachliche Ausdrucksweise (de\/it).<\/p>\n<p><strong>Was Sie erwartet:<\/strong> Mitarbeit in einem modernen, jungen dynamischen Unternehmen, gr\u00fcndliche Einarbeitung, leistungsgerechte Entlohnung.<\/p>\n<p><strong>Sie sind interessiert?<\/strong> <strong>Dann freuen wir uns auf ein Gespr\u00e4ch mit Ihnen!<\/strong><\/p>\n<p>Bewerbung bitte an: <strong>info@ebner-technology.com<\/strong><\/p>","protected":false},"excerpt":{"rendered":"<p>Ebner Technology KG \u2013 die Nummer 1. f\u00fcr Ihre sonnige Zukunft! Wir suchen laufend Verst\u00e4rkung f\u00fcr unseren Vertrieb Zur Verst\u00e4rkung unseres Vertriebsteams f\u00fcr thermische Solaranlagen, Speicher- und Frischwassertechnik suchen wir laufend Vertriebsmitarbeiter im Au\u00dfendienst (m\/w). Die T\u00e4tigkeit richtet sich an Selbst\u00e4ndige mit eigener MwSt.-Nummer. Ihre Aufgabe: Betreuung unseres Kundenstammes, Neukundengewinnung, Aktive Umsetzung unserer Vertriebsziele, technische &hellip; <a href=\"https:\/\/www.ebner-technology.com\/de\/jobkarriere\/\" class=\"more-link\"><span class=\"screen-reader-text\">Job\/Karriere<\/span> weiterlesen<\/a><\/p>\n","protected":false},"author":1,"featured_media":0,"parent":0,"menu_order":7,"comment_status":"closed","ping_status":"closed","template":"","meta":{"_mi_skip_tracking":false,"spay_email":""},"_links":{"self":[{"href":"https:\/\/www.ebner-technology.com\/de\/wp-json\/wp\/v2\/pages\/798"}],"collection":[{"href":"https:\/\/www.ebner-technology.com\/de\/wp-json\/wp\/v2\/pages"}],"about":[{"href":"https:\/\/www.ebner-technology.com\/de\/wp-json\/wp\/v2\/types\/page"}],"author":[{"embeddable":true,"href":"https:\/\/www.ebner-technology.com\/de\/wp-json\/wp\/v2\/users\/1"}],"replies":[{"embeddable":true,"href":"https:\/\/www.ebner-technology.com\/de\/wp-json\/wp\/v2\/comments?post=798"}],"version-history":[{"count":19,"href":"https:\/\/www.ebner-technology.com\/de\/wp-json\/wp\/v2\/pages\/798\/revisions"}],"predecessor-version":[{"id":2632,"href":"https:\/\/www.ebner-technology.com\/de\/wp-json\/wp\/v2\/pages\/798\/revisions\/2632"}],"wp:attachment":[{"href":"https:\/\/www.ebner-technology.com\/de\/wp-json\/wp\/v2\/media?parent=798"}],"curies":[{"name":"wp","href":"https:\/\/api.w.org\/{rel}","templated":true}]}}