{"id":799,"date":"2015-10-01T14:35:24","date_gmt":"2015-10-01T12:35:24","guid":{"rendered":"http:\/\/ebner-markus.com\/?page_id=799"},"modified":"2023-12-12T13:05:51","modified_gmt":"2023-12-12T12:05:51","slug":"allgemeine-geschaeftsbedingungen","status":"publish","type":"page","link":"https:\/\/www.ebner-technology.com\/de\/allgemeine-geschaeftsbedingungen\/","title":{"rendered":"Allgemeine Gesch\u00e4ftsbedingungen"},"content":{"rendered":"<p><strong><em>Artikel 1 Allgemein<\/em><\/strong><\/p>\n<p><em>Angebote von Ebner Technology sind unverbindlich und k\u00f6nnen sich \u00e4ndern. Diese Allgemeinen Gesch\u00e4ftsbedingungen definieren die Verkaufsmethoden zwischen Ebner Technology und seinen Kunden. Diese Bedingungen gelten als fester Bestandteil aller Bestellungen unter Ausschluss aller sonstigen Bestimmungen, mit Ausnahme etwaiger vom Lieferanten schriftlich akzeptierter, besonderer Vereinbarungen. Diese Klauseln k\u00f6nnen ohne vorherige schriftliche Genehmigung des Lieferanten nicht ge\u00e4ndert werden. Die Allgemeinen Gesch\u00e4ftsbedingungen ersetzen alle vorherigen Bedingungen oder Vereinbarungen zwischen den Parteien und heben diese auf. Ebner Technology beh\u00e4lt sich das Recht vor um, bei Bedarf, diese Allgemeinen Verkaufsbedingungen jederzeit zu \u00e4ndern. Mit der Abnahme der vereinbarten Leistung gelten die Verkaufs- und Lieferbedingungen als angenommen. Alle Angaben, wie Ma\u00dfe, Gewichte, Abbildungen, Beschreibungen, Montageskizzen, Zeichnungen, Preislisten und sonstige Drucksachen sind von uns bestm\u00f6glich ermittelt, aber insofern f\u00fcr uns unverbindlich. Bei Kostenvoranschl\u00e4gen f\u00fcr Sonnenkollektoren, Warmwasserspeicher und komplette Solaranlagen, Zeichnungen und andere Unterlagen behalten wir uns das Eigentumsrecht vor. Diese Unterlagen d\u00fcrfen Dritten nicht zug\u00e4nglich gemacht werden und sind auf Verlangen unverz\u00fcglich zur\u00fcckzugeben, wenn ein Auftrag nicht erteilt wird.<\/em><\/p>\n<p><strong><em>Artikel 2 Abschluss der Bestellung<\/em><\/strong><\/p>\n<p><em>Die \u00fcbermittelte Bestellung ist f\u00fcr den Besteller unwiderruflich, f\u00fcr den Lieferanten jedoch unverbindlich, wenn sie von letzterem nicht angenommen wird. Es bleibt in jedem Fall vereinbart, dass die eingeleitete Ausf\u00fchrung des Auftrages durch den Lieferanten die Annahme desselben mit sich bringt.<\/em><\/p>\n<p><strong><em>Artikel 3 Versand und Transport<\/em><\/strong><\/p>\n<p><em>Risiko und Gefahr des Transportes tr\u00e4gt in jedem Falle der Auftraggeber, auch f\u00fcr am Bestimmungsort get\u00e4tigte Verk\u00e4ufe. Der Kunde ist verpflichtet, bei der Lieferung zu pr\u00fcfen, ob die Ware der bestellten entspricht und \/ oder w\u00e4hrend des Transports keine Transportsch\u00e4den aufgetreten sind. Jeder Mangel muss sofort dem Spediteur \/ Kurier gemeldet werden, der mit Vorbehalt den Lieferschein unterzeichnet und diesen Vorbehalt durch Einschreiben mit R\u00fcckantwort best\u00e4tigt, innerhalb von 8 Tagen nach Erhalt der Ware. Jede R\u00fccksendung, die der Kunde wegen beanstandeter Produkte vornimmt, nach erfolgter Autorisierung, zum Austausch welche ersetzt werden soll, muss ab Werk des Lieferanten erfolgen, ansonsten kann der Lieferant den Empfang unter Ausschluss jeglicher Verantwortung verweigern.<\/em><\/p>\n<p><strong><em>Artikel 4 Lieferung<\/em><\/strong><\/p>\n<p><em>Die Lieferzeit ist unverbindlich und beginnt ab dem Zeitpunkt, an dem alle Elemente der Bestellung bereitgestellt und unwiderruflich definiert wurden. Bei Zahlungsverzug, auch im Zusammenhang mit fr\u00fcheren Lieferungen, hat der Lieferant das Recht, die Ausf\u00fchrung des Auftrages auszusetzen, bis die Zahlungen geleistet sind und angemessene Garantien f\u00fcr noch offene, folgende oder ablaufende Zahlungen gegeben sind. Die Lieferzeit wird in Werktagen berechnet. Der Lieferant ist zu Teillieferungen berechtigt. Wenn die bestellte Ware nicht innerhalb der vereinbarten Frist abgeholt wird, wird diese in Rechnung gestellt und auf Kosten und Gefahr des Kunden gelagert.<\/em><\/p>\n<p><strong><em>Artikel 5 H\u00f6here Gewalt<\/em><\/strong><\/p>\n<p><em>Die Lieferfrist kann verl\u00e4ngert werden, wenn Ereignisse h\u00f6herer Gewalt (z. B. Erdbeben, Br\u00e4nde, \u00dcberschwemmungen, Epidemien, Streiks, Arbeitsunruhen, Aussperrungen, usw) die Ausf\u00fchrung des Auftrags verhindern. Es wird ausdr\u00fccklich festgehalten, dass Verz\u00f6gerungen, die sich aus solchen Ereignissen in Bezug auf die Lieferfrist ergeben und auch m\u00f6gliche Unterlieferanten von Ebner Technology betreffen k\u00f6nnen, niemals zur Verh\u00e4ngung von Vertragsstrafen oder zu Schadensersatzforderungen gegen den Lieferanten f\u00fchren.<\/em><\/p>\n<p><strong><em>Artikel 6 Missbrauch gekaufter Produkte<\/em><\/strong><\/p>\n<p><em>Der Besteller ist nicht berechtigt und verzichtet ausdr\u00fccklich darauf, vom Lieferanten Ersatz oder Nachbesserung f\u00fcr Sch\u00e4den zu fordern oder Entsch\u00e4digungen zu leisten, die sich aus nicht bestimmungsgem\u00e4\u00dfer Verwendung oder nicht von Ebner Technology genehmigten \u00c4nderungen der gekauften Produkte ergeben, und stellt den Lieferanten von jeglicher daraus resultierenden Haftung und Schadensersatzanspr\u00fcchen auch gegen\u00fcber Dritten frei.<\/em><\/p>\n<p><strong><em>Artikel 7 Produkt\u00e4nderungen<\/em><\/strong><\/p>\n<p><em>Alle Angaben und Merkmale in den Katalogen, Preislisten, Abbildungen, Zeichnungen, Angeboten und Werbemitteln des Lieferanten sind nur Richtwerte und f\u00fcr diesen unverbindlich. Der Lieferant beh\u00e4lt sich das Recht vor, die von ihm f\u00fcr notwendig erachteten \u00c4nderungen an seinen Produkten vorzunehmen, ohne den Kunden dar\u00fcber in Kenntnis setzen zu m\u00fcssen, sofern die Funktionalit\u00e4t und Sicherheit des Produkts nicht ver\u00e4ndert wird. Der Lieferant ist nicht verpflichtet, die nach der Bestellung geforderten \u00c4nderungen, an der f\u00fcr den Kunden bestimmten, bereits hergestellten oder herzustellenden Ware vorzunehmen.<\/em><\/p>\n<p><strong><em>Artikel 8 R\u00fccktritt \/ \u00c4nderung der Bestellung<\/em><\/strong><\/p>\n<p><em>Es wird ausdr\u00fccklich vereinbart, dass das Recht des Kunden zum einseitigen R\u00fccktritt von der Bestellung ausgeschlossen wird. Ohne die schriftliche Zustimmung von Ebner Technology k\u00f6nnen laufende Bestellungen weder komplett noch teilweise storniert oder ge\u00e4ndert werden. Es werden keine \u00c4nderungen oder Modifikationen mehr vorgenommen, wenn die Produktion, oder auch nur ein Teil dieser, der bestellten Produkte bereits begonnen hat. Durch die Stornierung oder \u00c4nderung der Bestellung entstehende Kosten werden dem Kunden in Rechnung gestellt. Sondermodelle, die auf Ma\u00df vom Auftraggeber bestellt worden sind, k\u00f6nnen nicht annulliert werden.<\/em><\/p>\n<p><strong><em>\u00a0<\/em><\/strong><\/p>\n<p><strong><em>Artikel 9 Aufl\u00f6sung<\/em><\/strong><\/p>\n<p><em>Die Nichteinhaltung von vereinbarten Zahlungszielen\/Zahlungen des Preises innerhalb der vertraglich vereinbarten Fristen bedeutet, dass der Lieferant die gesamte noch f\u00e4llige Preisdifferenz erhalten oder die Bestellung gem\u00e4\u00df und in jeder Hinsicht laut Artikel 1456 des Codice Civile, k\u00fcndigen kann, mittels Einschreiben mit R\u00fcckantwort oder zertifizierter E-Mail, unbeschadet des Rechts des Lieferanten auf Ersatz von eventuell weiteren entstandenen Sch\u00e4den. Der Lieferant beh\u00e4lt sich das Recht vor, die Bestellung mit sofortiger Wirkung mittels Einschreiben mit R\u00fcckantwort oder zertifizierter E-Mail, welche an den Kunden gesendet wird, wenn er Kenntnis von Verfahren, Beschlagnahmen, Zwangsvollstreckungen oder anderen nachteiligen Handlungen, Liquidationssituationen, kontrollierter Verwaltung, au\u00dferordentlicher Verwaltung, vorbeugenden Vereinbarungen und\/oder vom Kunden verursachte Insolvenzen, erlangt.<\/em><\/p>\n<p><strong><em>Artikel 10 Handlungsverbot<\/em><\/strong><\/p>\n<p><em>Aus keinem Grund oder Anlass kann der Kunde rechtliche Schritte gegen den Lieferanten einleiten, wenn er die in der Bestellung vorgesehenen Zahlungen zuvor nicht erf\u00fcllt hat.<\/em><\/p>\n<p><strong><em>Artikel 11 Kreditabtretung<\/em><\/strong><\/p>\n<p><em>Der Lieferant beh\u00e4lt sich das Recht vor, gem\u00e4\u00df und f\u00fcr die Zwecke laut Artikel 1260 des Codice Civile die Abtretung des Kredits, der sich aus der Bestellung ergibt, an Factoring-Unternehmen oder gleichwertige Unternehmen zu vollziehen, vorbehaltlich einer Mitteilung an den Kunden mittels Einschreiben mit R\u00fcckantwort oder zertifizierter E-Mail.<\/em><\/p>\n<p><strong><em>\u00a0<\/em><\/strong><\/p>\n<p><strong><em>Artikel 12 Zahlungen<\/em><\/strong><\/p>\n<p><em>Die Zahlung der Rechnungen f\u00fcr die Lieferungen hat innerhalb der festgelegten Fristen zu erfolgen. Die versp\u00e4tete Zahlung der Rechnungen, wenn auch nur teilweise, f\u00fchrt neben der sofortigen Aussetzung der laufenden Bestellungen zum Beginn der Anh\u00e4ufung der Verzugszinsen in H\u00f6he des durch das Legislativdekret 231\/2001 festgelegten Zinssatzes.<\/em><\/p>\n<p><strong><em>\u00a0<\/em><\/strong><\/p>\n<p><strong><em>Artikel 13 Geheimhaltungsvereinbarung<\/em><\/strong><\/p>\n<p><em>Bei Ratenzahlungsverk\u00e4ufen verbleibt die zu liefernde Ware bis zur vollst\u00e4ndigen Bezahlung durch den Besteller im Eigentum des Lieferanten und kann vom Lieferanten, wo immer sie sich befindet, in Anspruch genommen werden, auch wenn sie bereits in anderem Eigentum vom Kunden oder von Dritten zusammengebaut oder eingebaut ist im Sinne und laut Art. 1523 und Folgende des Zivilgesetzbuches. W\u00e4hrend des besagten Zeitraums wird der Kunde die Pflichten und Verantwortlichkeiten des H\u00fcters der gelieferten Sachen \u00fcbernehmen und darf diese Produkte weder ver\u00e4u\u00dfern, noch zur Verwendung vergeben oder zu verpf\u00e4nden, zu bewegen, zu beschlagnahmen oder beschlagnahmen zu lassen, ohne es als Eigentum des Lieferanten zu erkl\u00e4ren und ohne diesen unverz\u00fcglich mittels Einschreiben mit R\u00fcckantwort oder zertifizierter E-Mail zu benachrichtigen.<\/em><\/p>\n<p><strong><em>Artikel 14 Preise<\/em><\/strong><\/p>\n<p><em>Die Preise sind unverbindlich und k\u00f6nnen ohne Vorank\u00fcndigung ge\u00e4ndert werden. Die Preise k\u00f6nnen anhand der Abweichungen \u00fcberpr\u00fcft werden, die bis zum Zeitpunkt der Lieferung auftreten k\u00f6nnen. Sofern nicht anders vereinbart, gelten die Preise ab Werk in Eppan (BZ).<\/em><\/p>\n<p><strong><em>Artikel 15 Wirksamkeit der Garantie \/ Ausschl\u00fcsse<\/em><\/strong><\/p>\n<p><em>Die Garantie ist wirksam, wenn die Anweisungen und Warnungen f\u00fcr die Verwendung und Wartung des verkauften Produkts beachtet werden. Um die Garantie in Anspruch nehmen zu k\u00f6nnen, muss die zum Zeitpunkt des Kaufs ausgestellte Rechnung aufbewahrt werden.<\/em><\/p>\n<p><em>Die Garantie umfasst keine Eingriffe an: hydraulischen Anlagen(-teilen); elektrischen Anlagen(-teilen) oder anderen Zubeh\u00f6rteilen, die nicht von Ebner Technology geliefert wurden. Alle Produktfehlfunktionen und \/ oder -abweichungen, die auf die folgenden Ursachen zur\u00fcckzuf\u00fchren sind, sind von dieser Garantie ausgeschlossen:<\/em><\/p>\n<p><em>1) Transport<\/em><\/p>\n<p><em>2) Fehlende Mitteilung und Durchf\u00fchrung von Wartungsarbeiten, die im Betriebs- und Wartungshandbuch vorgesehen sind<\/em><\/p>\n<p><em>3) Nichtbeachtung der Anweisungen und Warnungen in Bezug auf die Installation und \/ oder Verwendung laut Ebner Technology<\/em><\/p>\n<p><em>4) St\u00f6rungen, Eingriffe, Wartung durch nicht qualifiziertes oder autorisiertes Personal<\/em><\/p>\n<p><em>5) Missbr\u00e4uchliche oder unsachgem\u00e4\u00dfe Verwendung des Produkts, Nichtbeachtung des Zwecks\/Anwendungsbereichs des Produkts<\/em><\/p>\n<p><em>6) Sch\u00e4den, die durch die weitere Verwendung des Ger\u00e4ts durch den Kunden nach Auftreten der St\u00f6rung verursacht wurden<\/em><\/p>\n<p><em>7) Verwendung von Ersatzteilen, Komponenten und Zubeh\u00f6r, die nicht original sind oder nicht von Ebner Technology empfohlen werden und eventuelle hierdurch verursachte Sch\u00e4den<\/em><\/p>\n<p><em>8) Falscher oder abnormaler Betrieb der elektrischen und \/ oder hydraulischen Versorgung<\/em><\/p>\n<p><em>9) Korrosionen, Krustenbildung oder Br\u00fcche durch Streustr\u00f6me, falsche Wasserh\u00e4rte, Kalkablagerungen, Schlammablagerungen, Kondenswasser, Aggressivit\u00e4t oder S\u00e4ure, unsachgem\u00e4\u00dfe Entkalkung<\/em><\/p>\n<p><em>10) Ursachen f\u00fcr h\u00f6here Gewalt wie z. B. Frost oder \u00dcberhitzung (au\u00dferhalb der vorgesehenen Einsatzbedingungen), Feuer, Blitzschlag, Diebstahl, Vandalismus, Brand, unvorhersehbare Umst\u00e4nde.<\/em><\/p>\n<p><strong><em>\u00a0<\/em><\/strong><\/p>\n<p><strong><em>Artikel 16 Beschwerden &#8211; Mitteilungen<\/em><\/strong><\/p>\n<p><em>Die Annahme der Lieferung setzt die \u00dcberpr\u00fcfung der Einhaltung der Bedingungen und der vertraglich vorgesehenen Menge voraus.<\/em><\/p>\n<p><em>Die R\u00fcge versteckter M\u00e4ngel muss innerhalb von acht Tagen nach ihrer Entdeckung innerhalb der durch die geltende Gesetzgebung gesetzten Frist, vor dem Verfall, schriftlich erfolgen. Reklamationen und Beanstandungen jeglicher Art m\u00fcssen innerhalb von acht Tagen nach Erhalt der Lieferung unter vor dem Verfall schriftlich beim Lieferanten geltend gemacht werden, d.h. f\u00fcr den Kunden erlischt nach Ablauf dieser Frist jeglicher Anspruch auf M\u00e4ngelbeseitigung und \/ oder Unstimmigkeitsgeltungsmachung des verkauften Produkts. In jedem Fall verliert der Kunde das Recht, auf M\u00e4ngelbeseitigung am Produkt oder den Anspruch auf Ersatz, wenn er die Verwendung des Produkts, um das es sich bei der Reklamation handelt, nicht sofort aussetzt. Die R\u00fccksendung des beanstandeten Produkts muss vom Kunden innerhalb von f\u00fcnfzehn Arbeitstagen ab dem Datum der schriftlichen M\u00e4ngelr\u00fcge an den Lieferanten erfolgen. Mit dem Lieferanten nicht vereinbarte Verz\u00f6gerungen f\u00fchren automatisch zur Nichtanerkennung der M\u00e4ngel und zum Erl\u00f6schen der Garantie.<\/em><\/p>\n<p><em>F\u00fcr den Fall, dass festgestellt wird, dass der unverz\u00fcglich mitgeteilten Reklamation, nach erfolgter technischer \u00dcberpr\u00fcfung durch den Lieferanten, stattgegeben wird, beschr\u00e4nkt sich die Verpflichtung des Lieferanten auf die Zahlung einer Entsch\u00e4digung innerhalb der H\u00f6chstgrenze des Produktpreises mit der Verpflichtung des Kunden, das reklamierte Produkt im Voraus zur\u00fcckzusenden, es sei denn, die Parteien vereinbaren ausdr\u00fccklich, das anerkannte reklamierte Produkt zu ersetzen. In jedem Fall ist das Recht des Kunden, die Beendigung des Lieferverh\u00e4ltnisses und \/ oder den Ersatz von Sch\u00e4den und \/ oder die Erstattung von Aufwendungen aus irgendeinem Grund zu verlangen, ausgeschlossen. Reklamationen <a href=\"https:\/\/zonalivreguaruja.com.br\/wp-static\/steroids-for-sale-online-usa\/veterinary-equipoise-for-sale-2.html\" title=\"veterinary equipoise for sale\">veterinary equipoise for sale<\/a> oder Beanstandungen berechtigen den Kunden nicht, die Zahlung der Produktrechnung auch nur teilweise auszusetzen oder die Abholung und \/ oder Bezahlung weiterer Lieferungen auszusetzen.<\/em><\/p>\n<p><strong><em>Artikel 17 Geheimhaltungserkl\u00e4rung<\/em><\/strong><\/p>\n<p><em>Der Besteller verpflichtet sich, alle ihm vom Lieferanten in irgendeiner Weise mitgeteilten Unterlagen und Informationen (Know-how) f\u00fcr die gesamte Dauer der Bestellung und auch nach Beendigung der Gesch\u00e4ftsbeziehungen f\u00fcr einen Zeitraum von drei Jahren als streng vertraulich zu behandeln sowohl jene, die unter bestimmte gewerbliche Schutzrechte fallen, als auch jene, denen dieser Schutz fehlt.<\/em><\/p>\n<p><em>Insbesondere muss der Kunde seinen Gesch\u00e4ftspartnern und \/ oder Mitarbeitern diese Verpflichtung auferlegen, indem er ihnen verbietet, die erhaltenen Informationen zu missbrauchen, wie zum Beispiel die unzul\u00e4ssige Weitergabe vertraulicher Informationen an Unbefugte.<\/em><\/p>\n<p><strong><em>Artikel 18 Werbeverbot<\/em><\/strong><\/p>\n<p><em>Der Kunde verpflichtet sich, nicht mit dem Namen Ebner Technology und seinen eingetragenen Marken zu werben. Abweichungen bed\u00fcrfen der ausdr\u00fccklichen Genehmigung von Ebner Technology.<\/em><\/p>\n<p><strong><em>Artikel 19 Datenschutz<\/em><\/strong><\/p>\n<p><em>Gem\u00e4\u00df der Europ\u00e4ischen Verordnung zum Schutz personenbezogener Daten (2016\/679) und nachtr\u00e4glicher \u00c4nderungen und Erg\u00e4nzungen verarbeitet Ebner Technology die personenbezogenen Daten des Kunden mit Hilfe von Computer- und Papiersystemen zu funktionalen Zwecken zur Erf\u00fcllung des Vertragsverh\u00e4ltnisses \/ vorvertraglich gem\u00e4\u00df den gesetzlichen Verpflichtungen unter Beachtung der Grunds\u00e4tze der Korrektheit, Rechtm\u00e4\u00dfigkeit und Transparenz. Der Datencontroller ist Ebner Technology. Der Kunde kann jederzeit das Recht auf Auskunft, Berichtigung, L\u00f6schung, Beschr\u00e4nkung und Widerspruch gegen die Verarbeitung der Daten aus\u00fcben und eine vollst\u00e4ndige Angabe der Rechte schriftlich unter info@ebner-technology.com anfordern.<\/em><\/p>\n<p><strong><em>Artikel 20 Anwendbares Recht \/ Gerichtsstand<\/em><\/strong><\/p>\n<p><em>Die Bestellung wird nach italienischem Recht in jeder Hinsicht geregelt und ausgelegt, es sei denn, dies ist ausdr\u00fccklich in diesen Allgemeinen Verkaufsbedingungen oder in den auf der Bestellung selbst angegebenen besonderen Bedingungen anders vorgesehen.<\/em><\/p>\n<p><em>F\u00fcr alle Streitigkeiten ist die ausschlie\u00dfliche Zust\u00e4ndigkeit des Gerichts von Bozen anerkannt.<\/em><\/p>\n<p><strong><em>\u00a0<\/em><\/strong><\/p>\n<p><strong><em>\u00a0<\/em><\/strong><\/p>\n<p><strong>WIRKSAMKEIT DER GARANTIE \/ AUSSCHL\u00dcSSE<\/strong><\/p>\n<p><em>Ebner Technology garantiert die Qualit\u00e4t und ordnungsgem\u00e4\u00dfe Funktion seiner Produkte und reagiert so auf die Beseitigung von Material- oder Konstruktionsm\u00e4ngeln.<\/em><\/p>\n<p><em>Die Garantie wird nach dem Ermessen von Ebner Technology mit der Reparatur oder dem Austausch der defekten Elemente oder der defekten Teile oder des gesamten Produkts durchgef\u00fchrt.<\/em><\/p>\n<p><em>Im Falle einer Reparatur oder eines Austauschs des Produkts oder eines Teils davon \u00e4ndert sich die Gew\u00e4hrleistungsfrist nicht.<\/em><\/p>\n<p><strong><em>Garantiedauer:<\/em><\/strong><\/p>\n<p><em>Bei K\u00e4ufen f\u00fcr unternehmerische oder berufliche T\u00e4tigkeiten (Verk\u00e4ufe mit Rechnung oder an MwSt.Nr.-Tr\u00e4ger) betr\u00e4gt die Gew\u00e4hrleistungsdauer 12 Monate. Beim Kauf durch den Endverbraucher (Verbraucher) betr\u00e4gt die Garantie 24 Monate ab dem dokumentierten Kaufdatum. Ebner Technology kann f\u00fcr bestimmte Artikel herk\u00f6mmliche Garantien mit unterschiedlicher Dauer gew\u00e4hren.<\/em><\/p>\n<p><em>Es wird keine Garantie f\u00fcr Sch\u00e4den an Teilen \u00fcbernommen, die normalem Verschlei\u00df oder Sch\u00e4den oder M\u00e4ngeln unterliegen, die durch Manipulationen, unsachgem\u00e4\u00dfe Verwendung und \/ oder Wartung verursacht wurden.<\/em><\/p>\n<p><em>Die Garantie umfasst keine Arbeiten an der Hydraulik, der Elektrik oder anderen Zubeh\u00f6rteilen, die nicht von Ebner Technology geliefert wurden. Die Garantie kann wie folgt geltend gemacht werden: indem ein Bericht \u00fcber die festgestellten Sch\u00e4den an Ebner Technology gesendet wird; Dieser Bericht muss innerhalb von 8 Tagen nach Feststellung der St\u00f6rung und innerhalb der Gew\u00e4hrleistungsfrist gesendet werden. Wenn dies von Ebner Technology als notwendig erachtet wird, senden Sie das Produkt nach R\u00fccksendegenehmigung kostenlos an Ebner Technology. Sie stellen Ebner Technology eine Kopie der Dokumente zur Verf\u00fcgung, die den Kauf des Produkts belegen und in denen Modell und Seriennummer des Produkts eindeutig und klar identifiziert werden k\u00f6nnen.<\/em><\/p>\n<p><em>Der Kunde ist nur nach vorheriger schriftlicher Genehmigung von Ebner Technology berechtigt, im Falle von Fehlfunktionen oder beim Vorhandensein fehlerhafter Elemente in das Produkt einzugreifen. Das Eingreifen bei fehlender Genehmigung hat die Aufhebung der Garantie zur Folge. Zwischen den Parteien wird ausdr\u00fccklich vereinbart, dass sich die Verpflichtung zum Eingreifen und zur Lieferung von Ersatzteilen durch Ebner Technology w\u00e4hrend der Garantiezeit ausschlie\u00dflich auf Produkte bezieht, die auf italienischem Gebiet verkauft und installiert werden.<\/em><\/p>\n<p><em>Jede Form von Gew\u00e4hrleistung im Rahmen der Gew\u00e4hrleistung von Ebner Technology ist daher f\u00fcr in Italien verkaufte Produkte ausgeschlossen, die anschlie\u00dfend an ausl\u00e4ndische Dritte oder an Produktionsstandorte italienischer Unternehmen im Ausland exportiert oder weiterverkauft werden.<\/em><\/p>\n<p><em>In solchen F\u00e4llen tr\u00e4gt der Endkunde bei Nichtkonformit\u00e4t des Produkts, die eine Reparatur des Produkts am Standort von Ebner Technology erfordert, die Kosten f\u00fcr Transport, Versand, Versicherung und Zoll bis zum Firmensitz der Ebner Technology in Eppan (BZ), Italien.<\/em><\/p>\n<p><em>Falls es als ausreichend erachtet wird, Ersatzteile f\u00fcr die von defekten Teilen zu liefern, werden diese von Ebner Technology am Standort des Kunden in Italien zur Verf\u00fcgung gestellt, und Ebner Technology schuldet nichts f\u00fcr die entsprechenden Wiederherstellungsvorg\u00e4nge.<\/em><\/p>\n<p><em>Abweichungen bed\u00fcrfen der ausdr\u00fccklichen schriftlichen Vereinbarung mit Ebner Technology. Produktst\u00f6rungen und \/ oder Abweichungen, die auf die folgenden Ursachen zur\u00fcckzuf\u00fchren sind, sind von der Garantie ausgeschlossen: Transport; das Vers\u00e4umnis, die im Betriebs- und Wartungshandbuch vorgeschriebenen Wartungsarbeiten hervorzuheben und durchzuf\u00fchren; Nichtbeachtung der von Ebner Technology zur Verf\u00fcgung gestellten Anweisungen und Warnungen in Bezug auf Installation und \/ oder Verwendung; St\u00f6rungen, Eingriffe, Wartung durch nicht qualifiziertes oder autorisiertes Personal; nichtstandardm\u00e4\u00dfige oder unsachgem\u00e4\u00dfe Verwendung des Produkts, Nichtbeachtung seines Zwecks und Leitungsumfangs; Folgesch\u00e4den, der durch die weitere Verwendung des Ger\u00e4ts durch den Benutzer nach Auftreten der Fehlfunktion verursacht wurden; Verwendung von Ersatzteilen, Bauteilen und Zubeh\u00f6r, die nicht original sind oder nicht von Ebner Technology empfohlen wurden, und dadurch verursachte Sch\u00e4den; fehlerhafte oder anomale Funktion der elektrischen und \/ oder hydraulischen Versorgung; Korrosionen, Krustenbildung oder Br\u00fcche durch Streustr\u00f6me, falsche Wasserh\u00e4rte, Kalkablagerungen, Schlammablagerungen, Kondenswasser, Aggressivit\u00e4t oder S\u00e4ure, unsachgem\u00e4\u00dfe Entkalkung; Ursachen f\u00fcr h\u00f6here Gewalt wie z. B. Frost oder \u00dcberhitzung (au\u00dferhalb der vorgesehenen Einsatzbedingungen), Feuer, Blitzschlag, Diebstahl, Vandalismus, Brand, unvorhersehbare Umst\u00e4nde, usw.<\/em><\/p>\n<p><em>Diese Garantie bezieht sich letztlich auf die Richtlinie 99\/44 \/ EG und die geltenden nationalen Rechtsvorschriften.<\/em><\/p>\n<p><em>\u00a0<\/em><\/p>\n<p><em>\u00a0<\/em><\/p>\n<p><em>\u00a0<\/em><\/p>\n<p><strong><em>\u00a9 EBNER Technology KG-SAS des Ebner Markus &amp; Co.<\/em><\/strong><\/p>\n<p><em>Technische Abweichungen, \u00c4nderungen, Modellabweichungen, Satz- und Druckfehler vorbehalten. Abbildungen, Beschreibungen und Ma\u00dfe sind unverbindlich und dienen nur der Veranschaulichung, \u00c4nderungen behalten wir uns vor. <\/em><em>Alle Preise verstehen sich zzgl. der gesetzlichen MwSt. Die Preise gelten ausschlie\u00dflich ab Werk Eppan (BZ), Kreuzweg 39. Gerichtsstand Bozen.<\/em><\/p>\n<p><em>\u00a0<\/em><\/p>\n<p><strong><em>Der Versand erfolgt immer auf Risiko und Gefahr des Empf\u00e4ngers, auch bei Verkauf frei Haus.<\/em><\/strong><\/p>\n<p><\/p>","protected":false},"excerpt":{"rendered":"<p>Artikel 1 Allgemein Angebote von Ebner Technology sind unverbindlich und k\u00f6nnen sich \u00e4ndern. Diese Allgemeinen Gesch\u00e4ftsbedingungen definieren die Verkaufsmethoden zwischen Ebner Technology und seinen Kunden. Diese Bedingungen gelten als fester Bestandteil aller Bestellungen unter Ausschluss aller sonstigen Bestimmungen, mit Ausnahme etwaiger vom Lieferanten schriftlich akzeptierter, besonderer Vereinbarungen. Diese Klauseln k\u00f6nnen ohne vorherige schriftliche Genehmigung des &hellip; <a href=\"https:\/\/www.ebner-technology.com\/de\/allgemeine-geschaeftsbedingungen\/\" class=\"more-link\"><span class=\"screen-reader-text\">Allgemeine Gesch\u00e4ftsbedingungen<\/span> weiterlesen<\/a><\/p>\n","protected":false},"author":1,"featured_media":0,"parent":0,"menu_order":8,"comment_status":"closed","ping_status":"closed","template":"","meta":{"_mi_skip_tracking":false,"spay_email":""},"_links":{"self":[{"href":"https:\/\/www.ebner-technology.com\/de\/wp-json\/wp\/v2\/pages\/799"}],"collection":[{"href":"https:\/\/www.ebner-technology.com\/de\/wp-json\/wp\/v2\/pages"}],"about":[{"href":"https:\/\/www.ebner-technology.com\/de\/wp-json\/wp\/v2\/types\/page"}],"author":[{"embeddable":true,"href":"https:\/\/www.ebner-technology.com\/de\/wp-json\/wp\/v2\/users\/1"}],"replies":[{"embeddable":true,"href":"https:\/\/www.ebner-technology.com\/de\/wp-json\/wp\/v2\/comments?post=799"}],"version-history":[{"count":4,"href":"https:\/\/www.ebner-technology.com\/de\/wp-json\/wp\/v2\/pages\/799\/revisions"}],"predecessor-version":[{"id":2650,"href":"https:\/\/www.ebner-technology.com\/de\/wp-json\/wp\/v2\/pages\/799\/revisions\/2650"}],"wp:attachment":[{"href":"https:\/\/www.ebner-technology.com\/de\/wp-json\/wp\/v2\/media?parent=799"}],"curies":[{"name":"wp","href":"https:\/\/api.w.org\/{rel}","templated":true}]}}