{"id":264,"date":"2015-09-24T12:07:00","date_gmt":"2015-09-24T10:07:00","guid":{"rendered":"http:\/\/ebner-markus.com\/?page_id=264"},"modified":"2019-03-06T17:51:12","modified_gmt":"2019-03-06T16:51:12","slug":"emgka","status":"publish","type":"page","link":"https:\/\/www.ebner-technology.com\/it\/products\/solar\/emgka\/","title":{"rendered":"EMGKA"},"content":{"rendered":"<p>Scheda tecnica EMGKA \"SUNLINE\"<\/a><\/h3>\n                        <div class=\"text-muted text-small\"><i class=\"fas fa-copy\"><\/i> 1 file(s) <i class=\"fas fa-hdd ml-3\"><\/i> 529.67 KB<\/div>\n                    <\/div>\n                <\/div>\n            <\/div>\n            <div class=\"ml-3 wpdmdl-btn\">\n                <a class='wpdm-download-link btn btn-primary ' rel='nofollow' href='#' onclick=\"location.href='https:\/\/www.ebner-technology.com\/it\/download\/datenblatt-emgka-sunline\/?wpdmdl=2302&refresh=69e13b0029b301776368384';return false;\">Scarica<\/a>\n            <\/div>\n        <\/div>\n    <\/div>\n<\/div>\n\n\n<\/div>\n<p><span style=\"color: #003079;\"><strong><span style=\"font-size: 18pt;\">COLLETTORE SOLARE AD AMPIA SUPERFICIE <\/span><\/strong><\/span><span style=\"color: #003079; font-size: 18pt;\"><strong>MONTAGGIO AD INCASSO <\/strong>&#8220;SUNLINE&#8221;<\/span><!--more--><\/p>\n<p><span style=\"color: #ffcc00; font-size: 16pt;\"><strong>EMGKA<\/strong><\/span><\/p>\n<p><a href=\"http:\/\/www.ebner-technology.com\/wp-content\/uploads\/2015\/09\/emgka-z.png\"><img loading=\"lazy\" class=\"alignnone wp-image-270 size-medium\" src=\"http:\/\/www.ebner-technology.com\/wp-content\/uploads\/2015\/09\/emgka-z-300x261.png\" alt=\"emgka+z\" width=\"300\" height=\"261\" srcset=\"https:\/\/www.ebner-technology.com\/wp-content\/uploads\/2015\/09\/emgka-z-300x261.png 300w, https:\/\/www.ebner-technology.com\/wp-content\/uploads\/2015\/09\/emgka-z-648x564.png 648w, https:\/\/www.ebner-technology.com\/wp-content\/uploads\/2015\/09\/emgka-z-220x192.png 220w, https:\/\/www.ebner-technology.com\/wp-content\/uploads\/2015\/09\/emgka-z.png 689w\" sizes=\"(max-width: 300px) 100vw, 300px\" \/><\/a><\/p>\n<p style=\"text-align: justify;\"><strong><span lang=\"IT\">Il <\/span><span lang=\"IT\">collettore solare ad ampia superficie<\/span> &#8220;<span lang=\"IT\">SUNLINE<\/span>&#8220;<\/strong> per l&#8217;installazione su tetti inclinati o tetto piano. Costruito con una <span lang=\"IT\">s<\/span>truttura formata da profili in alluminio, anticorrosiva, in RAL7024 o marrone (su richiesta anche anodizzata aluminio naturale)<span lang=\"IT\">. Grazie al design speciale dell&#8217;assorbitore e alle prestazioni estremamente interessanti, questo collettore \u00e8 concepito per i grandi impianti solari termici. Il collettore \u00e8 adato sia per il montaggio soprategole che per il montaggio su impalcatura.<\/span><\/p>\n<p style=\"text-align: justify;\">L\u2019assorbitore ad arpa SKYTECH saldato a laser \u00e8 composto da un captante rivestito sottovuoto alto selettivo e tubo raccoglitore completamente in rame per garantire rendimenti elevati. Isolamento del piano e dei bordi in lana minerale di alta qualit\u00e0, non infiammabile, da 50 mm, priva di formaldeide e collanti adatta per l\u2019uso ad alta temperatura. Il vetro solare di siccurezza ad alta temperatura, prismatico a basso contenuto di ferro con guarnizione perimetrale integrata in EPDM vulcanizzata, resistente agli sbalzi di temperatura e ai raggi UV \u00e8 fissato con profili speciali avvitati, richiudibili. Assistenza semplice, poich\u00e9 i vetri e i moduli possono essere sostituiti singolarmente. Certificato di qualit\u00e0 e prestazione secondo la normativa EN12975 e Solar-Keymark.<\/p>\n<p><b>Garanzia: 10 anni (vetro solare escluso)<\/b><\/p>\n<div class='w3eden'><!-- WPDM Link Template: Default Template -->\n\n\n<div class=\"link-template-default card mb-2\">\n    <div class=\"card-body\">\n        <div class=\"media stack-xs\">\n            <div class=\"media-body\">\n                <div class=\"media\">\n                    <div class=\"mr-3 img-48\"><img class=\"wpdm_icon\" alt=\"Icona\" src=\"https:\/\/www.ebner-technology.com\/wp-content\/plugins\/download-manager\/assets\/file-type-icons\/pdf.svg\" onError='this.src=\"https:\/\/www.ebner-technology.com\/wp-content\/plugins\/download-manager\/assets\/file-type-icons\/unknown.svg\";' \/><\/div>\n                    <div class=\"media-body\">\n                        <h3 class=\"package-title\"><a href='https:\/\/www.ebner-technology.com\/it\/download\/datenblatt-emgka-sunline\/'>Scheda tecnica EMGKA \"SUNLINE\"<\/a><\/h3>\n                        <div class=\"text-muted text-small\"><i class=\"fas fa-copy\"><\/i> 1 file(s) <i class=\"fas fa-hdd ml-3\"><\/i> 529.67 KB<\/div>\n                    <\/div>\n                <\/div>\n            <\/div>\n            <div class=\"ml-3 wpdmdl-btn\">\n                <a class='wpdm-download-link btn btn-primary ' rel='nofollow' href='#' onclick=\"location.href='https:\/\/www.ebner-technology.com\/it\/download\/datenblatt-emgka-sunline\/?wpdmdl=2302&refresh=69e13b002dd8f1776368384';return false;\">Scarica<\/a>\n            <\/div>\n        <\/div>\n    <\/div>\n<\/div>\n\n\n<\/div>\n<p><b><\/b><\/p>","protected":false},"excerpt":{"rendered":"<p>Ci spiace, ma questo articolo \u00e8 disponibile soltanto in Tedesco.<\/p>\n","protected":false},"author":1,"featured_media":269,"parent":117,"menu_order":7,"comment_status":"closed","ping_status":"closed","template":"","meta":{"_mi_skip_tracking":false,"spay_email":""},"_links":{"self":[{"href":"https:\/\/www.ebner-technology.com\/it\/wp-json\/wp\/v2\/pages\/264"}],"collection":[{"href":"https:\/\/www.ebner-technology.com\/it\/wp-json\/wp\/v2\/pages"}],"about":[{"href":"https:\/\/www.ebner-technology.com\/it\/wp-json\/wp\/v2\/types\/page"}],"author":[{"embeddable":true,"href":"https:\/\/www.ebner-technology.com\/it\/wp-json\/wp\/v2\/users\/1"}],"replies":[{"embeddable":true,"href":"https:\/\/www.ebner-technology.com\/it\/wp-json\/wp\/v2\/comments?post=264"}],"version-history":[{"count":5,"href":"https:\/\/www.ebner-technology.com\/it\/wp-json\/wp\/v2\/pages\/264\/revisions"}],"predecessor-version":[{"id":2311,"href":"https:\/\/www.ebner-technology.com\/it\/wp-json\/wp\/v2\/pages\/264\/revisions\/2311"}],"up":[{"embeddable":true,"href":"https:\/\/www.ebner-technology.com\/it\/wp-json\/wp\/v2\/pages\/117"}],"wp:featuredmedia":[{"embeddable":true,"href":"https:\/\/www.ebner-technology.com\/it\/wp-json\/wp\/v2\/media\/269"}],"wp:attachment":[{"href":"https:\/\/www.ebner-technology.com\/it\/wp-json\/wp\/v2\/media?parent=264"}],"curies":[{"name":"wp","href":"https:\/\/api.w.org\/{rel}","templated":true}]}}