{"id":799,"date":"2015-10-01T14:35:24","date_gmt":"2015-10-01T12:35:24","guid":{"rendered":"http:\/\/ebner-markus.com\/?page_id=799"},"modified":"2023-12-12T13:05:51","modified_gmt":"2023-12-12T12:05:51","slug":"allgemeine-geschaeftsbedingungen","status":"publish","type":"page","link":"https:\/\/www.ebner-technology.com\/it\/allgemeine-geschaeftsbedingungen\/","title":{"rendered":"Condizioni generali di vendita"},"content":{"rendered":"<p><strong><em>Articolo 1 Generalit\u00e0<\/em><\/strong><\/p>\n<p><em>I preventivi di Ebner Technology non sono impegnativi e possono essere soggetti a modifiche. Le presenti Condizioni Generali di Vendita definiscono le modalit\u00e0 di vendita tra Ebner Technology ed i suoi Clienti. Queste condizioni si applicano come parte integrante di tutti gli ordini escludendo tutte le altre clausole, fatta eccezione per eventuali accordi particolari accettati per iscritto dal Fornitore.<\/em><\/p>\n<p><em>Le presenti clausole non potranno essere oggetto di modifica senza la preventiva autorizzazione scritta del Fornitore. Le Condizioni Generali di Vendita superano ed annullano ogni precedente pattuizione o accordo intercorso fra le Parti. Ebner Technology si riserva il diritto per sopravvenute esigenze di modificare in qualunque momento le presenti Condizioni Generali di Vendita. Con l\u2019accettazione della merce si accettano le condizioni di vendita e consegna. Tutte le indicazioni di misura, peso, descrizione, disegni e listini sono accertate al meglio possibile, ma per noi non vincolanti. La nostra ditta si riserva la propriet\u00e1 su tutte le offerte di pannelli solari, bollitori, impianti solari, disegni e altra documentazione.<\/em><\/p>\n<p><em>\u00a0<\/em><\/p>\n<p><strong><em>Articolo 2 Perfezionamento dell\u2019ordine<\/em><\/strong><\/p>\n<p><em>L\u2019ordine inviato \u00e8 irrevocabile per il Cliente, ma non \u00e8 impegnativo per il Fornitore se non \u00e8 accettato da quest\u2019ultimo.<\/em><\/p>\n<p><em>Resta in ogni caso convenuto che l\u2019iniziata esecuzione dell\u2019ordine da parte del Fornitore comporta l\u2019accettazione dello stesso.<\/em><\/p>\n<p><em>\u00a0<\/em><\/p>\n<p><strong><em>Articolo 3 Spedizione e Trasporto<\/em><\/strong><\/p>\n<p><em>La merce viaggia a rischio e pericolo del Cliente anche per vendite effettuate franco destinazione. Alla consegna il Cliente \u00e8 tenuto a controllare che la merce corrisponda a quella ordinata e\/o non abbia subito danni durante il trasporto. Ogni contestazione dovr\u00e0 essere segnalata immediatamente al trasportatore\/corriere firmando con riserva il DDT e confermando tale riserva a mezzo Racc.A.R. entro 8 giorni dal ricevimento della merce. Qualsiasi spedizione effettuata dal Cliente per prodotti in contestazione, da sostituirsi per cambio previa autorizzazione, deve essere eseguita in porto franco stabilimento del Fornitore, rimanendo, in caso contrario, in facolt\u00e0 del Fornitore di rifiutare il ricevimento con esonero da qualsiasi responsabilit\u00e0.<\/em><\/p>\n<p><em>\u00a0<\/em><\/p>\n<p><strong><em>Articolo 4 Consegna<\/em><\/strong><\/p>\n<p><em>Il termine di consegna \u00e8 indicativo e decorre dal momento in cui sono stati forniti e definiti irrevocabilmente tutti gli elementi dell\u2019ordine.<\/em><\/p>\n<p><em>Qualora sussistano pagamenti insoluti, anche relativamente a precedenti forniture, il Fornitore ha facolt\u00e0 di sospendere l\u2019esecuzione dell\u2019ordine sino a che i pagamenti non siano stati effettuati e gli siano state fornite idonee garanzie per le rate a scadere.<\/em><\/p>\n<p><em>Il termine di consegna viene computato in giorni lavorativi. E\u2019 facolt\u00e0 del Fornitore di procedere a consegne parziali. Se la merce ordinata non viene ritirata nel periodo concordato, questa verr\u00e0 fatturata ed immagazzinata con costi e rischi a carico del Cliente.<\/em><\/p>\n<p><em>\u00a0<\/em><\/p>\n<p><strong><em>Articolo 5 Forza Maggiore<\/em><\/strong><\/p>\n<p><em>I termini di consegna possono essere prolungati in presenza di eventi di Forza Maggiore (quali a mero titolo esemplificativo terremoti, incendi, alluvioni, epidemie, scioperi, agitazioni sindacali, serrate) che impediscano l\u2019esecuzione dell\u2019ordine. Resta espressamente convenuto che i ritardi che dovessero verificarsi rispetto al termine di consegna in conseguenza di tali eventi, che potranno riguardare anche eventuali sub-fornitori di Ebner Technology, non potranno mai dare luogo all\u2019applicazione di penali o ad azione di risarcimento danni a carico del Fornitore.<\/em><\/p>\n<p><em>\u00a0<\/em><\/p>\n<p><strong><em>Articolo 6 Uso improprio dei prodotti acquistati<\/em><\/strong><\/p>\n<p><em>Il Cliente non ha la facolt\u00e0 e rinuncia espressamente a richiedere al Fornitore danni o spese derivanti da un uso improprio o modifiche non autorizzate da Ebner Technology dei prodotti acquistati esonerando il Fornitore stesso da ogni tipologia di responsabilit\u00e0 conseguente e da richieste di risarcimento, anche di terzi.<\/em><\/p>\n<p><em>\u00a0<\/em><\/p>\n<p><strong><em>Articolo 7 Modifiche ai prodotti<\/em><\/strong><\/p>\n<p><em>Tutti i dati e le caratteristiche contenute nei cataloghi, nei listini, nelle illustrazioni, nei disegni, nelle offerte e nel materiale pubblicitario in genere del Fornitore sono puramente indicativi e non impegnativi per quest\u2019ultimo. Il Fornitore si riserva il diritto di apportare ai propri prodotti le modifiche che reputi necessarie, senza alcun obbligo di preavviso al Cliente, purch\u00e9 non venga alterata la funzionalit\u00e0 e la sicurezza del prodotto. Il Fornitore non \u00e8 tenuto ad apportare alle merci gi\u00e0 prodotte o in corso di produzione, destinate al Cliente, le modifiche applicate successivamente all\u2019ordinazione.<\/em><\/p>\n<p><em>\u00a0<\/em><\/p>\n<p><strong><em>Articolo 8 Recesso\/Modifica dell\u2019ordine <\/em><\/strong><\/p>\n<p><em>Si concorda espressamente che \u00e8 esclusa la facolt\u00e0 del Cliente di recedere unilateralmente dall\u2019ordine. Senza il consenso scritto della Ebner Technology gli ordini in corso non possono essere n\u00e9 parzialmente n\u00e9 totalmente annullati o modificati. Non si accordano variazioni o modifiche quando \u00e8 gi\u00e0 stata iniziata, anche parzialmente, la produzione dei prodotti ordinati. Eventuali spese derivanti dall\u2019annullamento o modifica dell\u2019ordine saranno fatturate al Cliente. Ordini per prodotti fatti su misura non possono essere annullati.<\/em><\/p>\n<p><em>\u00a0<\/em><\/p>\n<p><strong><em>Articolo 9 Risoluzione<\/em><\/strong><\/p>\n<p><em>Il mancato pagamento del prezzo alle scadenze concordate contrattualmente comporta per il Fornitore la possibilit\u00e0 di ottenere l\u2019intera differenza di prezzo ancora dovutale, oppure la risoluzione dell\u2019ordine ai sensi e per gli effetti dell\u2019articolo 1456 del Codice Civile, da comunicarsi con Racc.A.R. o Telefax, impregiudicato per il Fornitore il diritto al risarcimento di eventuali maggiori danni subiti.<\/em><\/p>\n<p><em>Il Fornitore si riserva la facolt\u00e0 di risolvere l\u2019ordine con effetto immediato a mezzo Racc.A.R. o Telefax inviato al Cliente qualora venga a conoscenza di protesti, sequestri, pignoramenti od altri atti pregiudizievoli, situazioni di liquidazione, amministrazione controllata, amministrazione straordinaria, concordato preventivo, fallimento a carico del Cliente stesso.<\/em><\/p>\n<p><em>\u00a0<\/em><\/p>\n<p><strong><em>Articolo 10 Divieto di azione<\/em><\/strong><\/p>\n<p><em>Per nessuna ragione o motivo il Cliente pu\u00f2 promuovere azione legale nei confronti del Fornitore se prima non abbia adempiuto ai pagamenti contemplati nell\u2019ordine.<\/em><\/p>\n<p><em>\u00a0<\/em><\/p>\n<p><strong><em>Articolo 11 Cessione del credito<\/em><\/strong><\/p>\n<p><em>Il Fornitore si riserva la facolt\u00e0 ai sensi e per gli effetti dell\u2019articolo 1260 del Codice Civile di perfezionare la cessione del credito derivante dall\u2019ordine a societ\u00e0 di factoring o equivalenti, previo avviso inviato al Cliente a mezzo Racc.A.R.<\/em><\/p>\n<p><em>\u00a0<\/em><\/p>\n<p><em>\u00a0<\/em><\/p>\n<p><em>\u00a0<\/em><\/p>\n<p><em>\u00a0<\/em><\/p>\n<p><em>\u00a0<\/em><\/p>\n<p><strong><em>Articolo 12 Pagamenti<\/em><\/strong><\/p>\n<p><em>I pagamenti delle fatture relative alle forniture dovranno essere effettuati entro i termini di scadenza stabiliti. Il ritardo nel pagamento delle fatture, anche se parziale, d\u00e0 luogo alla decorrenza degli interessi di mora nella misura del tasso previsto dal Dlgs.231\/2001, oltre alla sospensione immediata delle spedizioni in corso.<\/em><\/p>\n<p><em>\u00a0<\/em><\/p>\n<p><strong><em>Articolo 13 Patto di riservato dominio<\/em><\/strong><\/p>\n<p><em>Nel caso di vendita a rate, fino a quando il Cliente non avr\u00e0 provveduto all\u2019integrale pagamento del prezzo, le merci oggetto della fornitura rimarranno di propriet\u00e0 del Fornitore e potranno essere dalla stessa rivendicate dovunque si trovino, anche se unite od incorporate a beni di propriet\u00e0 del Cliente o di terzi, ai sensi e per gli effetti dell\u2019art. 1523 e seguenti del codice civile.<\/em><\/p>\n<p><em>Durante il periodo suddetto il Cliente assumer\u00e0 gli obblighi e le responsabilit\u00e0 di custode delle cose fornite e non potr\u00e0 alienare, dare in uso o in pegno, muovere, lasciare sequestrare o pignorare tali prodotti senza dichiarare la propriet\u00e0 del Fornitore e senza darne immediato avviso allo stesso a mezzo di Racc.A.R.<\/em><\/p>\n<p><em>\u00a0<\/em><\/p>\n<p><strong><em>Articolo 14 Prezzi<\/em><\/strong><\/p>\n<p><em>I prezzi non sono impegnativi e possono essere modificati senza preavviso. I prezzi sono revisionabili in funzione delle variazioni che dovessero intervenire fino al momento della consegna. I prezzi si intendono resa franco stabilimento di Appiano (BZ), salvo diversi accordi.<\/em><\/p>\n<p><em>\u00a0<\/em><\/p>\n<p><strong><em>Articolo 15 Efficacia della garanzia\/Esclusioni<\/em><\/strong><\/p>\n<p><em>La garanzia \u00e8 efficace nella condizione che siano osservate le istruzioni e le avvertenze per l\u2019uso e la manutenzione del prodotto venduto.<\/em><\/p>\n<p><em>Per usufruire della garanzia \u00e8 necessario conservare la fattura rilasciata al momento dell\u2019acquisto.<\/em><\/p>\n<p><em>La garanzia non comprende interventi su: impianto idraulico; impianto elettrico o altre parti accessorie non fornite dalla Ebner Technology.<\/em><\/p>\n<p><em>Sono escluse dalla presente garanzia tutti i malfunzionamenti e\/o non conformit\u00e0 del prodotto attribuibili alle seguenti cause:<\/em><\/p>\n<ul>\n<li><em>Attivit\u00e0 di trasporto<\/em><\/li>\n<li><em>Mancata evidenza ed esecuzione degli interventi di manutenzione previsti dal manuale di uso e manutenzione<\/em><\/li>\n<li><em>Mancata osservanza delle istruzioni e delle avvertenze relative all\u2019installazione e\/o all\u2019uso fornite dalla Ebner Technology<\/em><\/li>\n<li><em>Manomissioni, interventi, manutenzioni eseguite da personale non qualificato o autorizzato<\/em><\/li>\n<li><em>Uso anomalo o improprio del prodotto, mancato rispetto di scopo e campo di applicazione dello stesso<\/em><\/li>\n<li><em>Aggravio dei danni causato dall\u2019ulteriore utilizzo dell\u2019apparecchio da parte del Cliente una volta che si \u00e8 manifestato il malfunzionamento<\/em><\/li>\n<li><em>Utilizzo di parti di ricambio, componenti ed accessori non originali o non consigliati dalla Ebner Technology e danni da questi provocati<\/em><\/li>\n<li><em>Errato o anomalo funzionamento dell\u2019alimentazione elettrica e\/o idraulica<\/em><\/li>\n<li><em>Corrosioni, incrostazioni o rotture provocate da correnti vaganti, durezza dell\u2019acqua impropria, depositi di calcare, depositi di fanghi, condensa, aggressivit\u00e0 o acidit\u00e0 dell\u2019acqua, trattamenti disincrostanti effettuati in modo improprio<\/em><\/li>\n<li><em>Cause di Forza Maggiore quali a titolo esemplificativo gelo o surriscaldamento (al di fuori delle condizioni d\u2019uso previste), incendio, fulmini, furto, atti vandalici, incendi, caso fortuito.<\/em><\/li>\n<\/ul>\n<p><em>\u00a0<\/em><\/p>\n<p><strong><em>Articolo 16 Reclami \u2013 Comunicazioni<\/em><\/strong><\/p>\n<p><em>L\u2019accettazione della fornitura \u00e8 subordinata all\u2019accertamento della conformit\u00e0 con le condizioni e la quantit\u00e0 previste contrattualmente.<\/em><\/p>\n<p><em>La denunzia di eventuali vizi occulti deve essere effettuata per iscritto, a pena di decadenza, entro otto giorni dalla scoperta nell\u2019arco di tempo previsto dalla vigente legislazione. I reclami e le contestazioni di qualunque tipo devono essere proposti per iscritto al Fornitore, a pena di decadenza, entro otto giorni dal ricevimento della fornitura, intendendosi il Cliente decaduto dopo tale termine da ogni diritto di reclamo per mancanza di qualit\u00e0 e\/o per difformit\u00e0 del prodotto venduto. In ogni caso, il Cliente decade dal diritto di reclamo e di sostituzione del prodotto ove non sospenda immediatamente l\u2019utilizzo del prodotto oggetto della contestazione. Il reso del prodotto reclamato va effettuato da parte del Cliente al Fornitore entro quindici giorni lavorativi a decorrere dalla data della contestazione formale. Eventuali ritardi non concordati con il Fornitore comporteranno automaticamente il mancato riconoscimento della non conformit\u00e0 e la decadenza della garanzia.<\/em><\/p>\n<p><em>\u00a0<\/em><\/p>\n<p><em>Nel caso in cui il reclamo tempestivamente proposto risulti fondato a seguito di verifica tecnica da parte del Fornitore, l\u2019obbligo del Fornitore \u00e8 limitato al pagamento di un indennizzo del limite massimo del corrispettivo del prodotto con l\u2019obbligo del Cliente di previamente restituire il prodotto reclamato, salvo che le Parti non concordino espressamente la sostituzione del prodotto riconosciuto non corrispondente.<\/em><\/p>\n<p><em>In ogni caso \u00e8 escluso qualsiasi diritto del Cliente di chiedere la risoluzione del rapporto di fornitura e\/o il risarcimento dei danni e\/o il rimborso delle spese a qualsiasi titolo sostenute.<\/em><\/p>\n<p><em>Reclami o denunzie non danno diritto al Cliente di sospendere il pagamento anche parzialmente della fattura del prodotto, n\u00e9 di sospendere il ritiro e\/o il pagamento delle ulteriori forniture.<\/em><\/p>\n<p><em>\u00a0<\/em><\/p>\n<p><strong><em>Articolo 17 Riservatezza<\/em><\/strong><\/p>\n<p><em>Il Cliente per l\u2019intera durata dell\u2019ordine e anche dopo la fine dei rapporti commerciali per un periodo di tre anni si impegna a considerare come strettamente confidenziali tutti i documenti e le informazioni (know-how) in qualunque modo comunicategli dal Fornitore, sia quelle coperte da precipua privativa industriale, sia quelle prive di tale tutela.<\/em><\/p>\n<p><em>In particolare il Cliente dovr\u00e0 imporre tale obbligo ai propri collaboratori e\/o dipendenti vietando loro ogni uso abusivo delle informazioni ricevute quale, ad esempio, l\u2019indebita divulgazione delle informazioni confidenziali a soggetti non autorizzati.<\/em><\/p>\n<p><em>\u00a0<\/em><\/p>\n<p><strong><em>Articolo 18 Divieto di pubblicit\u00e0<\/em><\/strong><\/p>\n<p><em>Il Cliente si impegna a non fare pubblicit\u00e0 facendo uso del nome di Ebner Technology e dei suoi marchi commerciali registrati.<\/em><\/p>\n<p><em>Ogni eventuale deroga dovr\u00e0 essere espressamente autorizzata da Ebner Technology.<\/em><\/p>\n<p><em>\u00a0<\/em><\/p>\n<p><strong><em>Articolo 19 Privacy<\/em><\/strong><\/p>\n<p><em>Ai sensi del Regolamento Europeo in materia di Protezione dei Dati Personali (2016\/679) ed eventuali successive modifiche ed integrazioni, Ebner Technology tratta i dati personali del Cliente con l\u2019ausilio di sistemi informatici e cartacei per finalit\u00e0 funzionali allo svolgimento del rapporto contrattuale\/precontrattuale secondo gli obblighi di legge nel rispetto dei principi di correttezza, liceit\u00e0 e trasparenza.<\/em><\/p>\n<p><em>Il titolare del trattamento \u00e8 la societ\u00e0 Ebner Technology.<\/em><\/p>\n<p><em>In ogni momento il Cliente pu\u00f2 esercitare il diritto di accesso \u2013 rettifica \u2013 cancellazione \u2013 limitazione ed opposizione al trattamento del dato e di richiedere specifica completa dei diritti scrivendo all\u2019indirizzo: info@ebner-technology.com<\/em><\/p>\n<p><em>\u00a0<\/em><\/p>\n<p><strong><em>Articolo 20 Legge applicabile\/Foro competente\u00a0\u00a0\u00a0\u00a0\u00a0\u00a0\u00a0\u00a0 <\/em><\/strong><\/p>\n<p><em>L\u2019ordine \u00e8 regolamentato ed interpretato sotto ogni punto di vista dalla Legge italiana, tranne per quanto espressamente previsto da queste Condizioni Generali di Vendita o dalle Condizioni Speciali riportate sull\u2019ordine stesso.<\/em><\/p>\n<p><em>Per ogni eventuale controversia \u00e8 riconosciuta la competenza esclusiva del Foro di Bolzano.<\/em><\/p>\n<p><strong>\u00a0<\/strong><\/p>\n<p><strong>\u00a0<\/strong><\/p>\n<p><strong>EFFICACIA DELLA GARANZIA\/ESCLUSIONI<\/strong><\/p>\n<p><em>Ebner Technology garantisce la qualit\u00e0 ed il buon funzionamento dei propri Prodotti rispondendo pertanto dell\u2019eliminazione di ogni vizio relativo a difetti di materiale o di costruzione.<\/em><\/p>\n<p><em>\u00a0<\/em><\/p>\n<p><em>La Garanzia viene espletata con la riparazione oppure con la sostituzione degli elementi difettosi o delle parti difettose o dell\u2019intero prodotto, a discrezione di Ebner Technology.<br \/>\nIn caso di riparazione o sostituzione del prodotto o di una sua parte, il termine della garanzia non cambia.<\/em><\/p>\n<p><em>\u00a0<\/em><\/p>\n<p><strong><em>Durata Garanzia:<\/em><\/strong><\/p>\n<p><em>in caso di acquisti per attivit\u00e0 imprenditoriali o professionali (vendite con fattura o a partita IVA) la garanzia ha una durata di 12 mesi; in caso di acquisto da parte di utilizzatore finale (consumatore) la Garanzia ha una durata di 24 mesi dalla data di acquisto documentata; Ebner Technology pu\u00f2 concedere garanzie convenzionali di durata diversa su alcuni specifici articoli.<\/em><\/p>\n<p><em>Non viene prestata alcuna garanzia per danni sulle parti soggette a normale usura oppure per danni o vizi causati da manomissioni, da un uso e\/o da una manutenzione impropria.<\/em><\/p>\n<p><em>La Garanzia non comprende interventi su impianto idraulico, impianto elettrico o altre parti accessorie non fornite da Ebner Technology. La Garanzia pu\u00f2 essere fatta valere come segue: inviando a Ebner Technology una relazione sui danni rilevati; tale relazione deve essere inviata entro 8 giorni dalla scoperta del malfunzionamento ed entro il periodo di Garanzia; se ritenuto necessario da Ebner Technology, facendo pervenire il prodotto franco destino presso la sede Ebner Technology, previa autorizzazione al reso; fornendo a Ebner Technology una copia dei documenti comprovanti l\u2019acquisto del prodotto e nei quali sia individuabile in modo chiaro e univoco il modello e la matricola del prodotto.<\/em><\/p>\n<p><em>\u00a0<\/em><\/p>\n<p><em>Il Cliente non \u00e8 autorizzato, se non previa specifica autorizzazione scritta di Ebner Technology, ad intervenire sul Prodotto in caso di malfunzionamenti o in presenza di elementi difettosi; l\u2019intervento in assenza di autorizzazione comporta, come conseguenza, il decadimento della Garanzia. Si conviene espressamente fra le Parti che l&#8217;obbligo dell&#8217;intervento e la fornitura di ricambi da parte di Ebner Technology durante il periodo di Garanzia \u00e8 riferito esclusivamente a prodotti che vengono venduti ed installati sul territorio italiano.<\/em><\/p>\n<p><em>\u00a0<\/em><\/p>\n<p><em>E&#8217; conseguentemente esclusa ogni forma di intervento in Garanzia di Ebner Technology per prodotti venduti in Italia che vengano successivamente esportati o rivenduti a soggetti terzi esteri o presso siti produttivi di aziende italiane all&#8217;estero.<\/em><\/p>\n<p><em>\u00a0<\/em><\/p>\n<p><em>In tali casi, in presenza di non conformit\u00e0 del prodotto che richieda una riparazione del prodotto presso la sede di Ebner Technology, sar\u00e0 onere del Cliente finale sostenere gli oneri relativi al trasporto, spedizione, assicurazione e operazioni doganali sino alla sede di Ebner Technology in Appiano (BZ), Italia.<\/em><\/p>\n<p><em>\u00a0<\/em><\/p>\n<p><em>Nel caso in cui si ritenga sufficiente fornire ricambi in sostituzione di parti difettose, questi saranno messi a disposizione da Ebner Technology, presso la sede del Cliente in Italia e nulla sar\u00e0 dovuto da Ebner Technology per le relative operazioni di ripristino.<\/em><\/p>\n<p><em>Ogni deroga dovr\u00e0 essere espressamente concordata in forma scritta con Ebner Technology. Sono esclusi dalla Garanzia i malfunzionamenti e\/o non conformit\u00e0 del prodotto attribuibili alle seguenti cause: attivit\u00e0 di trasporto; mancata evidenza ed esecuzione degli interventi di manutenzione previsti dal manuale di uso e manutenzione; mancata osservanza delle istruzioni e delle avvertenze relative all\u2019installazione e\/o all\u2019uso fornite da Ebner Technology; manomissioni, interventi, manutenzioni eseguite da personale non qualificato o autorizzato; uso anomalo o improprio del prodotto, mancato rispetto di scopo e campo di applicazione dello stesso; aggravio dei danni causato dall\u2019ulteriore utilizzo dell\u2019apparecchio da parte dell\u2019utente una volta che si \u00e8 manifestato il malfunzionamento; utilizzo di parti di ricambio, componenti ed accessori non originali o non consigliati da Ebner Technology e danni da questi provocati; errato o anomalo funzionamenti dell\u2019alimentazione elettrica e\/o idraulica; corrosioni, incrostazioni o rotture provocate da correnti vaganti, durezza dell\u2019acqua impropria, depositi di calcare, depositi di fanghi, condensa, aggressivit\u00e0 o acidit\u00e0 delle sostanze in contatto con il prodotto, trattamenti disincrostanti effettuati in modo improprio; cause di forza maggiore quali gelo o surriscaldamento (al di fuori della condizioni d\u2019uso previste), incendio, fulmini, furto, atti vandalici, incidenti, caso fortuito ecc. .<\/em><\/p>\n<p><em>\u00a0<\/em><\/p>\n<p><em>La presente Garanzia fa comunque riferimento alla direttiva 99\/44\/CE ed alla legislazione nazionale applicabile.<\/em><\/p>\n<p><em>\u00a0<\/em><\/p>\n<p><em>\u00a0<\/em><\/p>\n<p><strong><em>\u00a9 EBNER Technology KG-SAS des Ebner Markus &amp; Co.<\/em><\/strong><\/p>\n<p><strong><em>\u00a0<\/em><\/strong><\/p>\n<p><em>Con riserva di eventuali errori di stampa e modifiche tecniche. Illustrazioni, descrizioni e misure sono approssimative e solo a<\/em><\/p>\n<p><em>scopo illustrativo &#8211; ci riserviamo il diritto di modifiche senza preavviso. I prezzi indicati si intendono senza IVA. I prezzi sono<\/em><\/p>\n<p><em>validi solo franco fabbrica Appiano (BZ), Via Crocevia 39. Foro competente Bolzano.<\/em><\/p>\n<p><em>\u00a0<\/em><\/p>\n<p><strong><em>La merce viaggia a rischio e pericolo dell\u2019acquirente anche se venduta porto franco.<\/em><\/strong><\/p>\n<p><\/p>","protected":false},"excerpt":{"rendered":"<p>Articolo 1 Generalit\u00e0 I preventivi di Ebner Technology non sono impegnativi e possono essere soggetti a modifiche. Le presenti Condizioni Generali di Vendita definiscono le modalit\u00e0 di vendita tra Ebner Technology ed i suoi Clienti. Queste condizioni si applicano come parte integrante di tutti gli ordini escludendo tutte le altre clausole, fatta eccezione per eventuali &hellip; <a href=\"https:\/\/www.ebner-technology.com\/it\/allgemeine-geschaeftsbedingungen\/\" class=\"more-link\">Continua a leggere <span class=\"screen-reader-text\">Condizioni generali di vendita<\/span><\/a><\/p>\n","protected":false},"author":1,"featured_media":0,"parent":0,"menu_order":8,"comment_status":"closed","ping_status":"closed","template":"","meta":{"_mi_skip_tracking":false,"spay_email":""},"_links":{"self":[{"href":"https:\/\/www.ebner-technology.com\/it\/wp-json\/wp\/v2\/pages\/799"}],"collection":[{"href":"https:\/\/www.ebner-technology.com\/it\/wp-json\/wp\/v2\/pages"}],"about":[{"href":"https:\/\/www.ebner-technology.com\/it\/wp-json\/wp\/v2\/types\/page"}],"author":[{"embeddable":true,"href":"https:\/\/www.ebner-technology.com\/it\/wp-json\/wp\/v2\/users\/1"}],"replies":[{"embeddable":true,"href":"https:\/\/www.ebner-technology.com\/it\/wp-json\/wp\/v2\/comments?post=799"}],"version-history":[{"count":4,"href":"https:\/\/www.ebner-technology.com\/it\/wp-json\/wp\/v2\/pages\/799\/revisions"}],"predecessor-version":[{"id":2650,"href":"https:\/\/www.ebner-technology.com\/it\/wp-json\/wp\/v2\/pages\/799\/revisions\/2650"}],"wp:attachment":[{"href":"https:\/\/www.ebner-technology.com\/it\/wp-json\/wp\/v2\/media?parent=799"}],"curies":[{"name":"wp","href":"https:\/\/api.w.org\/{rel}","templated":true}]}}